{"id":670,"date":"2022-06-02T18:10:13","date_gmt":"2022-06-02T16:10:13","guid":{"rendered":"https:\/\/dropshipprint.fr\/guide\/?page_id=670"},"modified":"2022-06-13T16:18:22","modified_gmt":"2022-06-13T14:18:22","slug":"influenceurs","status":"publish","type":"page","link":"https:\/\/dropshipprint.fr\/guide\/ressources\/creation-tee-shirt-en-ligne\/creer-marque-t-shirt\/influenceurs\/","title":{"rendered":"Influenceurs : cr\u00e9ez votre propre marque t-shirts !"},"content":{"rendered":"<h2><span style=\"color: #000000;\">De plus en plus d&rsquo;influenceurs cr\u00e9ent leur marque de v\u00eatements et d&rsquo;objets<\/span><\/h2>\n<p><span style=\"color: #000000;\">PewDiePie, Amixem Cyprien, Norman, Squeezie, EnjoyPhoenix, Vodk, le joueur du grenier, Wankil, Tibo InShape, MIcode, Jimmy Charlon, Math se fait des films, Timmy, Oc\u00e9ane\u2026<\/span><\/p>\n<p><span style=\"color: #000000;\">Ils ont saut\u00e9 le pas et cr\u00e9\u00e9 leur propre marque de v\u00eatements et objets : t-shirts, sweatshirts, mugs&#8230; Tous les supports sont bons pour v\u00e9hiculer l&rsquo;images de ces influenceurs !<\/span><\/p>\n<p><span style=\"color: #000000;\">Si les plus grands noms s&rsquo;y mettent, c&rsquo;est qu&rsquo;il y a une raison.<\/span><\/p>\n<h4><span style=\"color: #000000;\">Vous avez tres certainement pris conscience que :<\/span><\/h4>\n<p class=\"LC20lb MBeuO DKV0Md\"><span style=\"color: #000000;\">\u274c Les influenceurs sont de plus en plus nombreux : la concurrence est f\u00e9roce<\/span><\/p>\n<p><span style=\"color: #000000;\">\u274c Il est de plus en plus compliqu\u00e9 de gagner des fans sur les r\u00e9seaux sociaux (mise \u00e0 jour algo, publicit\u00e9 payante&#8230;)<\/span><\/p>\n<p><span style=\"color: #000000;\">\u274c Les r\u00e9gies et la publicit\u00e9 paye de moins en moins : il existe peu de sources de mon\u00e9tisation !<\/span><\/p>\n<h4><span style=\"color: #000000;\">C&rsquo;est pourquoi, la vente de vos propres produits est une aubaine que vous pouvez encore saisir :<\/span><\/h4>\n<p class=\"LC20lb MBeuO DKV0Md\"><span style=\"color: #000000;\">\u2714\ufe0f Pas d&rsquo;interm\u00e9diaire ou de d\u00e9pendance \u00e0 une marque \/ plateforme<\/span><\/p>\n<p class=\"LC20lb MBeuO DKV0Md\"><span style=\"color: #000000;\">\u2714\ufe0f Laissez libre court \u00e0 votre cr\u00e9ativit\u00e9 et diffusez vos valeurs<\/span><\/p>\n<p class=\"LC20lb MBeuO DKV0Md\"><span style=\"color: #000000;\">\u2714\ufe0f Vous n&rsquo;avez pas de stock \u00e0 financer, ni de lourds investissements \u00e0 faire<\/span><\/p>\n<p class=\"LC20lb MBeuO DKV0Md\"><span style=\"color: #000000;\">\u2714\ufe0f Vous n&rsquo;avez pas besoin de connaissances techniques ou de comp\u00e9tences particuli\u00e8res<\/span><\/p>\n<p>Toutefois, cr\u00e9er un produit est tr\u00e8s souvent complexe et n\u00e9cessite des comp\u00e9tences sp\u00e9cifiques ! En effet, d\u00e9velopper un ustensile de cuisine, un gadget \u00e9lectronique, une application mobile ou bien encore des accessoires de modes \/ lifestyle est long est couteux. Il vous faudra avoir les bons contacts et surtout les finances pour payer le d\u00e9veloppement d&rsquo;un produit !<\/p>\n<p>Mais, soyons plus malin !<\/p>\n<p>Il existe une technique, encore secr\u00e8te, que peu d&rsquo;influenceurs connaissent. Et ceux qui la connaissent ne la diffuse pas et restent tr\u00e8s discret sur le sujet.<\/p>\n<p>Notre objectif dans cet article est de vous d\u00e9voiler tres exactement les m\u00e9thodes et techniques pour vous aider \u00e0 lancer votre propre marque pour g\u00e9n\u00e9rer des revenus en mon\u00e9tisant votre audience !<\/p>\n<p>L&rsquo;astuce consiste \u00e0 lancer votre marque de t-shirts ! Vous pourrez rapidement la compl\u00e9ter par d&rsquo;autres supports, comme des mugs, des sweats, des tote-bags&#8230;<\/p>\n<p>Vous pourrez, par la suite, compl\u00e9ter cette offre par d&rsquo;autres produits plus sp\u00e9cifiques que vous financerez \u00e0 l&rsquo;aide de vos premiers gains.<\/p>\n<p>Suivez le guide pour cr\u00e9er votre propre marque de t-shirts et surtout, soyez attentif (ve).<\/p>\n<h3><span style=\"color: #000000;\">Pourquoi cr\u00e9er sa propre marque de v\u00eatements ?<\/span><\/h3>\n<p>Il y a de nombreux avantages !<\/p>\n<p>Tout d&rsquo;abord, cela n&rsquo;est pas compliqu\u00e9 ! Des professionnels tels que Dropshipprint sont la pour vous accompagner. En tant qu&rsquo;influenceur, vous collaborez deja, tres probablement, avec des graphistes et designers de talents ! Votre image de marque est deja en place et il suffit de transposer visuellement vos valeurs ainsi que les codes et symboles deja v\u00e9hicul\u00e9s sur vos r\u00e9seaux sociaux.<\/p>\n<p>Techniquement, il n&rsquo;y a pas \u00e9norm\u00e9ment de diff\u00e9rence entre le fichier d&rsquo;une banni\u00e8re web et le fichier d&rsquo;impression d&rsquo;un T-shirt !<\/p>\n<p>Il suffit simplement de respecter quelques crit\u00e8res techniques que nous vous donnons :<\/p>\n<ul>\n<li>Fichiers en\u00a0 DPI<\/li>\n<li>PNG X<\/li>\n<li>\u00e0 la taille de la zone d&rsquo;impression, par ex, 480 X 380 MM pour un t-shirt<\/li>\n<\/ul>\n<p>Avec les avanc\u00e9es technologiques dans le secteur de l&rsquo;impression, une technique est de plus en plus populaire : il s&rsquo;agit du Print On Demand (impression \u00e0 la demande en Fran\u00e7ais). Cela consiste \u00e0 imprimer ou marquer un support \u00e0 la commande.<\/p>\n<p>Concr\u00e8tement, vous recevez une commande d&rsquo;un de vos fan, nous imprimons le support et le visuel s\u00e9lectionn\u00e9, puis livrons, en votre nom, le client !<\/p>\n<p>Vous n&rsquo;avez donc pas de stock a pr\u00e9payer ou \u00e0 commander.<\/p>\n<p>Il vous suffit de faire la promotion de vos visuels et de vos produits aupr\u00e8s de votre communaut\u00e9.<\/p>\n<p>Comment ? C&rsquo;est facile, nous vous fournissons un Kit de bienvenue et vous pourrez faire des photos, des vid\u00e9os et des posts en portant vos propres T-shirts (ou les autres produits).<\/p>\n<h3><span style=\"color: #000000;\">Est-ce que tous les influenceurs peuvent se lancer ?<\/span><\/h3>\n<p>Evidemment, et c&rsquo;est bien la la magie de cette technique secr\u00e8te que peu d&rsquo;influenceurs partagent !<\/p>\n<p>Du moment que vous avez une communaut\u00e9 soud\u00e9e qui vous suit, vous pouvez leur vendre des produits qui partagent vos valeurs et votre identit\u00e9 visuelle !<\/p>\n<p>L&rsquo;impression sur des t-shirts ou autres supports est tout \u00e0 fait adapt\u00e9 \u00e0 ca.<\/p>\n<p>De plus, un effet cumulatif permet de fid\u00e9liser votre audience et de faire grossir votre audience avec une technique marketing redoutable mais oubli\u00e9e : plus vos fans vont porter vos t-shirts, plus ils feront parler de vous et v\u00e9hiculeront votre image et vos valeurs.<\/p>\n<p>Vous gagnerez ainsi naturellement des abonn\u00e9s via le bouche \u00e0 oreille. Egalement, les algorithmes des r\u00e9seaux sociaux adorent ce genre d&rsquo;activit\u00e9 sociale.<\/p>\n<h3><span style=\"color: #000000;\">Quels sont les produits les plus vendus ?<\/span><\/h3>\n<p>&nbsp;<\/p>\n<h3><span style=\"color: #000000;\">Comment cela fonctionne ?<\/span><\/h3>\n<p>&nbsp;<\/p>\n<p><span style=\"color: #000000;\">Comment vous lancer ?<\/span><\/p>\n<p>&nbsp;<\/p>\n","protected":false},"excerpt":{"rendered":"<p>De plus en plus d&rsquo;influenceurs cr\u00e9ent leur marque de v\u00eatements et d&rsquo;objets PewDiePie, Amixem Cyprien,&#8230;<\/p>\n","protected":false},"author":1,"featured_media":0,"parent":30,"menu_order":0,"comment_status":"closed","ping_status":"closed","template":"","meta":{"footnotes":""},"aioseo_notices":[],"_links":{"self":[{"href":"https:\/\/dropshipprint.fr\/guide\/wp-json\/wp\/v2\/pages\/670"}],"collection":[{"href":"https:\/\/dropshipprint.fr\/guide\/wp-json\/wp\/v2\/pages"}],"about":[{"href":"https:\/\/dropshipprint.fr\/guide\/wp-json\/wp\/v2\/types\/page"}],"author":[{"embeddable":true,"href":"https:\/\/dropshipprint.fr\/guide\/wp-json\/wp\/v2\/users\/1"}],"replies":[{"embeddable":true,"href":"https:\/\/dropshipprint.fr\/guide\/wp-json\/wp\/v2\/comments?post=670"}],"version-history":[{"count":10,"href":"https:\/\/dropshipprint.fr\/guide\/wp-json\/wp\/v2\/pages\/670\/revisions"}],"predecessor-version":[{"id":696,"href":"https:\/\/dropshipprint.fr\/guide\/wp-json\/wp\/v2\/pages\/670\/revisions\/696"}],"up":[{"embeddable":true,"href":"https:\/\/dropshipprint.fr\/guide\/wp-json\/wp\/v2\/pages\/30"}],"wp:attachment":[{"href":"https:\/\/dropshipprint.fr\/guide\/wp-json\/wp\/v2\/media?parent=670"}],"curies":[{"name":"wp","href":"https:\/\/api.w.org\/{rel}","templated":true}]}}