{"id":549,"date":"2019-12-18T12:42:32","date_gmt":"2019-12-18T11:42:32","guid":{"rendered":"https:\/\/dropshipprint.fr\/guide\/?page_id=549"},"modified":"2019-12-18T13:19:10","modified_gmt":"2019-12-18T12:19:10","slug":"flocage","status":"publish","type":"page","link":"https:\/\/dropshipprint.fr\/guide\/techniques-marquage\/flocage\/","title":{"rendered":"Le flocage"},"content":{"rendered":"<p>&nbsp;<\/p>\n<p>&nbsp;<\/p>\n<h3>D\u00e9couvrez \u00e9galement ces autres techniques de marquage :<\/h3>\n<ul>\n<li><a href=\"https:\/\/dropshipprint.fr\/guide\/techniques-marquage\/limpression-numerique\/\" target=\"_blank\" rel=\"noopener noreferrer\">L&rsquo;impression num\u00e9rique directe<\/a><\/li>\n<li><a href=\"https:\/\/dropshipprint.fr\/guide\/techniques-marquage\/broderie\/\" target=\"_blank\" rel=\"noopener noreferrer\">La broderie textile<\/a><\/li>\n<li><a href=\"https:\/\/dropshipprint.fr\/guide\/techniques-marquage\/transfert-serigraphique\/\" target=\"_blank\" rel=\"noopener noreferrer\">Le transfert s\u00e9rigraphique<\/a><\/li>\n<li><a href=\"https:\/\/dropshipprint.fr\/guide\/techniques-marquage\/flex-flock-flocage\/\" target=\"_blank\" rel=\"noopener noreferrer\">La flocage : flex ou flock<\/a><\/li>\n<li><a href=\"https:\/\/dropshipprint.fr\/guide\/techniques-marquage\/serigraphie\/\" target=\"_blank\" rel=\"noopener noreferrer\">La s\u00e9rigraphie<\/a><\/li>\n<li><a href=\"https:\/\/dropshipprint.fr\/guide\/techniques-marquage\/sublimation\/\" target=\"_blank\" rel=\"noopener noreferrer\">La sublimation<\/a><\/li>\n<\/ul>\n","protected":false},"excerpt":{"rendered":"<p>&nbsp; &nbsp; D\u00e9couvrez \u00e9galement ces autres techniques de marquage : L&rsquo;impression num\u00e9rique directe La broderie&#8230;<\/p>\n","protected":false},"author":1,"featured_media":0,"parent":542,"menu_order":0,"comment_status":"closed","ping_status":"closed","template":"","meta":{"footnotes":""},"aioseo_notices":[],"_links":{"self":[{"href":"https:\/\/dropshipprint.fr\/guide\/wp-json\/wp\/v2\/pages\/549"}],"collection":[{"href":"https:\/\/dropshipprint.fr\/guide\/wp-json\/wp\/v2\/pages"}],"about":[{"href":"https:\/\/dropshipprint.fr\/guide\/wp-json\/wp\/v2\/types\/page"}],"author":[{"embeddable":true,"href":"https:\/\/dropshipprint.fr\/guide\/wp-json\/wp\/v2\/users\/1"}],"replies":[{"embeddable":true,"href":"https:\/\/dropshipprint.fr\/guide\/wp-json\/wp\/v2\/comments?post=549"}],"version-history":[{"count":2,"href":"https:\/\/dropshipprint.fr\/guide\/wp-json\/wp\/v2\/pages\/549\/revisions"}],"predecessor-version":[{"id":589,"href":"https:\/\/dropshipprint.fr\/guide\/wp-json\/wp\/v2\/pages\/549\/revisions\/589"}],"up":[{"embeddable":true,"href":"https:\/\/dropshipprint.fr\/guide\/wp-json\/wp\/v2\/pages\/542"}],"wp:attachment":[{"href":"https:\/\/dropshipprint.fr\/guide\/wp-json\/wp\/v2\/media?parent=549"}],"curies":[{"name":"wp","href":"https:\/\/api.w.org\/{rel}","templated":true}]}}