{"id":542,"date":"2019-12-18T12:23:12","date_gmt":"2019-12-18T11:23:12","guid":{"rendered":"https:\/\/dropshipprint.fr\/guide\/?page_id=542"},"modified":"2019-12-18T16:42:03","modified_gmt":"2019-12-18T15:42:03","slug":"techniques-marquage","status":"publish","type":"page","link":"https:\/\/dropshipprint.fr\/guide\/techniques-marquage\/","title":{"rendered":"Quelles sont les diff\u00e9rentes techniques pour la personnalisation d&rsquo;objets ou textiles ?"},"content":{"rendered":"<h1>Il existe plusieurs techniques de marquage pour personnaliser vos textiles et objets<\/h1>\n<p>Pour avoir des t<a href=\"https:\/\/dropshipprint.fr\/guide\/\" target=\"_blank\" rel=\"noopener noreferrer\">extiles personnalis\u00e9s ou pour marquer des objets publicitaires<\/a>, il nous faut imp\u00e9rativement utiliser des techniques de marquage \u00e0 la fois performantes et adapt\u00e9es. Cependant, avec la pluralit\u00e9 des techniques qui s\u2019offrent \u00e0 nous,\u00a0 il n&rsquo;est pas simple de faire son choix. Toutefois, en vous basant sur quelques crit\u00e8res essentiels que sont la dur\u00e9e de vie, le prix, la qualit\u00e9, les motifs et les couleurs, nous vous accompagnons et vous conseillons pour orienter vos pr\u00e9f\u00e9rences.<\/p>\n<p>chez Dropshipprint, nous maitrisons l&rsquo;ensemble de ces techniques de personnalisation et nos \u00e9quipes vous accompagnent pour finaliser votre projet.<\/p>\n<p>Voici un comparatif complet des techniques de marquage textiles et objets en prenant en compte, les crit\u00e8res de choix principaux.<\/p>\n<h3>La s\u00e9rigraphie<\/h3>\n<p>La <a href=\"https:\/\/dropshipprint.fr\/guide\/techniques-marquage\/serigraphie\/\" target=\"_blank\" rel=\"noopener noreferrer\">s\u00e9rigraphie<\/a> est une technique d\u2019impression directe, artisanale et vieille de plusieurs ann\u00e9es. C\u2019est la technique de marquage la plus recommand\u00e9e pour les impressions de grande quantit\u00e9 (500 pi\u00e8ces et plus). La s\u00e9rigraphie est \u00e0 la fois rapide et efficace. Elle est adapt\u00e9e \u00e0 tous les types de textiles (coton, nylon, jute, polyester, etc.).<\/p>\n<p>Pour en venir \u00e0 son aspect pratique, la s\u00e9rigraphie se r\u00e9alise \u00e0 partir des \u00e9crans con\u00e7us comme des pochoirs. On y verse de l\u2019encre pour marquer le textile. Ce type d\u2019impression se fait couleur par couleur sur le v\u00eatement et prend un peu plus de temps.<\/p>\n<p>En ce qui concerne les r\u00e9sultats, le rendu que donne la technique de marquage s\u00e9rigraphique est tr\u00e8s pr\u00e9cis. La\u00a0qualit\u00e9\u00a0d\u2019impression est tr\u00e8s\u00a0bonne. De m\u00eame, elle vous offre un tr\u00e8s\u00a0large choix de couleurs\u00a0et prend en compte m\u00eame les d\u00e9grad\u00e9s (qui ne sont pas pour autant \u00e0 conseiller). Avec des\u00a0motifs simples\u00a0\u00e0 privil\u00e9gier pour cette technique, le nombre de\u00a0couleurs par motif\u00a0est aussi\u00a0limit\u00e9.<\/p>\n<p>La s\u00e9rigraphie est peu on\u00e9reuse lorsque la quantit\u00e9 d\u2019impressions est importante. De plus, cette technique a une bonne dur\u00e9e de vie dans le temps. C\u2019est clairement une option tr\u00e8s int\u00e9ressante pour r\u00e9aliser vos marquages de textiles et d\u2019objets.<\/p>\n<h3>Le Flex et le Flock (flocage)<\/h3>\n<p>Mati\u00e8re thermocollante d\u2019aspect lisse, le flex est une sorte de rouleau \u00e0 decoup\u00e9. Lorsque son aspect tire vers du velours, on parle de flock. La technique d\u00e9riv\u00e9e de l\u2019utilisation de l\u2019une ou l\u2019autre de ces mati\u00e8res est le flocage.<\/p>\n<p>Le flocage est donc une technique d\u2019impression en quadrichromie (quatre couleurs). Il est particuli\u00e8rement conseill\u00e9 pour les logos tr\u00e8s color\u00e9s, mais qui sont dans des formes simples. Le flex (ou le flock) imprimable est adapt\u00e9 pour les petites quantit\u00e9s d\u2019impressions (50 unit\u00e9s environ).<\/p>\n<p>Le <a href=\"https:\/\/dropshipprint.fr\/guide\/techniques-marquage\/flocage\/\" target=\"_blank\" rel=\"noopener noreferrer\">flocage textile<\/a> est une technique de marquage tr\u00e8s r\u00e9pandue, plus particuli\u00e8rement dans le milieu sportif. Il est particuli\u00e8rement recommand\u00e9 pour le marquage des sweats, et des tee-shirts de faible quantit\u00e9 (de\u00a0 20 \u00e0 50 pi\u00e8ces environ). Cette technique s\u2019adapte facilement \u00e0 plusieurs supports textiles (nylon, coton ou multimati\u00e8res). Le flocage s&rsquo;adapte \u00e0 toutes les colories de supports : \u00e9pais, fins, clairs ou fonc\u00e9s. Mode d\u2019impression tous formats, il pr\u00e9sente l\u2019avantage d\u2019une possibilit\u00e9 de personnalisation par unit\u00e9. Le flocage textile offre une qualit\u00e9 d\u2019impression moyennement bonne.<\/p>\n<p>Sur le plan visuel, le flocage vous offre une qualit\u00e9 appr\u00e9ciable lorsque vous \u00eates \u00e0 une distance raisonnable. Au toucher, il est tout aussi agr\u00e9able qu\u2019\u00e0 la vue. Certes, sa dur\u00e9e de vie est faible, mais il n\u2019en est pas une technique moins recommandable. Bien au contraire. Son co\u00fbt est approximativement le m\u00eame que celui de la s\u00e9rigraphie en grande quantit\u00e9.<\/p>\n<p>Notons aussi que le flocage offre un choix illimit\u00e9 pour les couleurs par motifs (d\u00e9coup\u00e9), de m\u00eame que pour les couleurs d\u2019impression. Il est en outre bien possible de choisir les couleurs d\u00e9grad\u00e9es \u00e0 partir de cette technique. Pour une qualit\u00e9 moyenne d\u2019impression, le flocage peut se faire sur n\u2019importe quel support, mais avec des motifs simples.<\/p>\n<p>Toutefois, il importe de retenir que le flocage textile supporte tr\u00e8s peu de couleurs (03 au maximum) par motif. Celui-ci doit par ailleurs, \u00eatre tr\u00e8s simple. Pour les couleurs, le choix est vraiment limit\u00e9. De m\u00eame, les couleurs d\u00e9grad\u00e9es ne peuvent pas \u00eatre g\u00e9r\u00e9es par cette technique de marquage. Il faut aussi pr\u00e9ciser que le flocage textile a une dur\u00e9e de vie moyenne.<\/p>\n<h3>Le transfert s\u00e9rigraphique<\/h3>\n<p>Le <a href=\"https:\/\/dropshipprint.fr\/guide\/techniques-marquage\/transfert-serigraphique\/\" target=\"_blank\" rel=\"noopener noreferrer\">transfert s\u00e9rigraphique<\/a> est g\u00e9n\u00e9ralement connu comme \u00e9tant une technique de haute qualit\u00e9 pour marquer les textiles. Pour sa pratique, il n\u00e9cessite, de l\u2019encre dans une imprimante, du papier transfert et une presse \u00e0 chaud pour faire passer l\u2019impression, du papier au textile.<\/p>\n<p>Cette technique de marquage\u00a0dure dans le temps, m\u00eame lorsque vous lavez le textile \u00e0 plusieurs reprises. Elle est en outre adapt\u00e9e pour\u00a0plusieurs\u00a0types de supports. On y compte, les tee-shirts, les casquettes, les bagageries, les manteaux, clairs ou fonc\u00e9s. Le transfert s\u00e9rigraphique vous offre une\u00a0bonne qualit\u00e9 d\u2019impression\u00a0et un\u00a0choix illimit\u00e9 pour les couleurs par motif.<\/p>\n<p>Cette technique de marquage supporte \u00e0 la fois les\u00a0motifs simples et complexes. Elle vous donne en outre, un tr\u00e8s\u00a0large choix de couleurs, m\u00eame des d\u00e9grad\u00e9s (sur textile blanc). Supportant les impressions de tous formats, elle est d\u2019un\u00a0co\u00fbt assez acceptable.<\/p>\n<p>Le transfert s\u00e9rigraphique est une technique d\u2019impression de haute qualit\u00e9. Il est particuli\u00e8rement recommand\u00e9 pour la communication visuelle en entreprise.<\/p>\n<h3>La broderie textile<\/h3>\n<p>La <a href=\"https:\/\/dropshipprint.fr\/guide\/techniques-marquage\/broderie\/\" target=\"_blank\" rel=\"noopener noreferrer\">broderie textile<\/a> se fait \u00e0 partir de fil et d\u2019aiguilles. Il s\u2019agit d\u2019une technique tr\u00e8s vieille de marquage aux textiles. Elle est n\u00e9e bien avant l\u2019expansion des avanc\u00e9es technologiques de cette \u00e9poque.<\/p>\n<p>Cependant, cette technique de marquage reste plus ou moins limit\u00e9e aux supports difficiles que sont les\u00a0serviettes, les casquettes et les sweats. La broderie textile offre\u00a0tr\u00e8s peu de possibilit\u00e9s\u00a0quant au choix des\u00a0couleurs par motif. Ceux-ci manquent de finesse avec cette technique et les couleurs d\u00e9grad\u00e9es y sont impossibles \u00e0 r\u00e9aliser. Toutefois, cette technique de marquage offre un rendu tr\u00e8s agr\u00e9able au toucher et \u00e0 la vue. Elle est en outre possible uniquement sur les\u00a0petits et les moyens formats\u00a0et ne supporte que des\u00a0motifs simples.<\/p>\n<p>La broderie textile est \u00e9videmment plus co\u00fbteuse que les autres types de marques. Toutefois son rendu est tr\u00e8s qualitatif. Le co\u00fbt global comprends deux aspects : le prix du piquage du motif, en fonction de sa taille (c&rsquo;est un co\u00fbt fixe unitaire) et le prix de chaque marquage.<\/p>\n<p>Dans le temps, elle dure pendant plusieurs ann\u00e9es et offre m\u00eame une tr\u00e8s grande r\u00e9sistance au lavage.<\/p>\n<h3>L\u2019impression num\u00e9rique directe<\/h3>\n<p>Comme technique de marquage des textiles, l\u2019<a href=\"https:\/\/dropshipprint.fr\/guide\/techniques-marquage\/impression-numerique\/\" target=\"_blank\" rel=\"noopener noreferrer\">impression num\u00e9rique directe<\/a> est une nouvelle m\u00e9thode qu\u2019il faut mettre sur le compte des avanc\u00e9es technologiques du si\u00e8cle.<\/p>\n<p>C&rsquo;est d&rsquo;ailleurs gr\u00e2ce \u00e0 cette technique de marquage que le <a href=\"http:\/\/dropshipprint.fr\/\" target=\"_blank\" rel=\"noopener noreferrer\">Print On Demand<\/a> connait un tel essor. en effet, le d\u00e9veloppement de cette technologie )\u00e0 permis de rationaliser les co\u00fbts de production et de produite ainsi de petites s\u00e9ries et des pi\u00e8ces unitaires.<\/p>\n<p>Ainsi, sur les objets (mugs, coques de smartphones et autres), l\u2019impression num\u00e9rique est nettement plus appr\u00e9ci\u00e9e que sur du textile. \u00c9tant une impression directe, elle se pr\u00e9sente en quadrichromie. Cela permet \u00e0 cette technique de disposer d\u2019une tr\u00e8s\u00a0grande possibilit\u00e9 de choix des couleurs. M\u00eame en ce qui concerne les\u00a0motifs, ces couleurs s\u2019offrent en\u00a0quantit\u00e9 illimit\u00e9e, allant jusqu\u2019aux d\u00e9grad\u00e9s.<\/p>\n<p>L\u2019impression num\u00e9rique directe peut s\u2019utiliser \u00e0 la limite sur des textiles en\u00a0coton, mais surtout pas pour ceux qui sont en polyester. De ce fait, on peut y faire recours lorsque le support de marquage est un\u00a0tee-shirt, un\u00a0polo, une\u00a0chemise, un\u00a0sweat, ou un\u00a0tote bags.<\/p>\n<p>L\u2019impression num\u00e9rique directe offre une excellente dur\u00e9e de vie sur les textiles et les objets. C\u2019est une technique tr\u00e8s pris\u00e9e pour un marquage \u00e0 la fois qualitatif et durable.<\/p>\n<h3>Impression par sublimation pour textiles et mugs<\/h3>\n<p>Technique de marquage r\u00e9cente, la <a href=\"https:\/\/dropshipprint.fr\/guide\/techniques-marquage\/sublimation\/\" target=\"_blank\" rel=\"noopener noreferrer\">sublimation<\/a> utilise dans son processus, de l\u2019encre qu\u2019elle transf\u00e8re. On utilise pour le cas d\u2019esp\u00e8ce, une presse chaude afin de mettre le motif imprim\u00e9 sur la mati\u00e8re. L\u2019exigence, c\u2019est que le type d\u2019imprimante utilis\u00e9e ici doit \u00eatre de tr\u00e8s haute qualit\u00e9 et le papier d\u2019impression aussi doit \u00eatre celui sp\u00e9cialement con\u00e7u pour la cause.<\/p>\n<p>Aussi bien adapt\u00e9e aux textiles qu\u2019\u00e0 la c\u00e9ramique, l\u2019impression par sublimation vous offre une\u00a0tr\u00e8s bonne qualit\u00e9\u00a0quant au r\u00e9sultat final. Cette technique est id\u00e9alement recommand\u00e9e sur du\u00a0polyester et du lycra\u00a0en ce qui concerne les textiles et sur les\u00a0mugs et les assiettes\u00a0pour la c\u00e9ramique.<\/p>\n<p>Technique de marquage ind\u00e9l\u00e9bile, la sublimation restitue fid\u00e8lement toutes les couleurs. C\u2019est un\u00a0choix illimit\u00e9 de couleurs\u00a0qui vous est offert\u00a0par motif\u00a0gr\u00e2ce \u00e0 la sublimation. De m\u00eame, pour le choix des\u00a0couleurs d\u2019impression, la liste est \u00e9galement\u00a0illimit\u00e9e\u00a0et prend m\u00eame en compte les couleurs d\u00e9grad\u00e9es.<\/p>\n<p>Technique d\u2019impression sur tous formats, la sublimation supporte les\u00a0motifs simples et les motifs complexes. Son\u00a0co\u00fbt\u00a0est plut\u00f4t\u00a0\u00e9lev\u00e9. Son prix est peut-\u00eatre d\u00fb \u00e0 sa dur\u00e9e de vie. En effet, la sublimation\u00a0dure dans le temps\u00a0d\u2019une mani\u00e8re tr\u00e8s \u00e9tonnante.<\/p>\n<h3>Pour conclure sur les techniques de personnalisation textiles et objets<\/h3>\n<p>Vous avez ainsi tout ce dont vous avez besoin pour choisir la technique de marquage sur les textiles et objets qui correspond le mieux \u00e0 vos besoins.<\/p>\n<p>Dropshipprint vous accompagne pour s\u00e9lectionner la technique de marquage la plus adapt\u00e9 en fonction de vos attentes et de vos contraintes.<\/p>\n<h3>Ces autres sujets vous int\u00e9resseront \u00e9galement :<\/h3>\n<ul>\n<li><a href=\"https:\/\/dropshipprint.fr\/guide\/cms\/\" target=\"_blank\" rel=\"noopener noreferrer\">Le Print On Demand avec des CMS<\/a><\/li>\n<li><a href=\"https:\/\/dropshipprint.fr\/guide\/niches\/\" target=\"_blank\" rel=\"noopener noreferrer\">Les diff\u00e9rentes niches dans le Print On Demand<\/a><\/li>\n<li><a href=\"https:\/\/dropshipprint.fr\/guide\/monetisation\/\" target=\"_blank\" rel=\"noopener noreferrer\">Mon\u00e9tiser son audience avec le Print On Demand<\/a><\/li>\n<li><a href=\"https:\/\/dropshipprint.fr\/guide\/plateformes\/\" target=\"_blank\" rel=\"noopener noreferrer\">Liste des plateformes de Print On Demand<\/a><\/li>\n<li><a href=\"https:\/\/dropshipprint.fr\/guide\/labels-certification-bio\/\" target=\"_blank\" rel=\"noopener noreferrer\">Les diff\u00e9rents labels et certifications textiles biologiques<\/a><\/li>\n<li><a href=\"https:\/\/dropshipprint.fr\/guide\/grossiste-vetement-textile\/\" target=\"_blank\" rel=\"noopener noreferrer\">Grossiste de textiles et v\u00eatements<\/a><\/li>\n<li><a href=\"https:\/\/dropshipprint.fr\/guide\/ressources\/\" target=\"_blank\" rel=\"noopener noreferrer\">Ressources diverses Impression et Print On Demand<\/a><\/li>\n<\/ul>\n","protected":false},"excerpt":{"rendered":"<p>Il existe plusieurs techniques de marquage pour personnaliser vos textiles et objets Pour avoir des&#8230;<\/p>\n","protected":false},"author":1,"featured_media":0,"parent":0,"menu_order":0,"comment_status":"closed","ping_status":"closed","template":"","meta":{"footnotes":""},"aioseo_notices":[],"_links":{"self":[{"href":"https:\/\/dropshipprint.fr\/guide\/wp-json\/wp\/v2\/pages\/542"}],"collection":[{"href":"https:\/\/dropshipprint.fr\/guide\/wp-json\/wp\/v2\/pages"}],"about":[{"href":"https:\/\/dropshipprint.fr\/guide\/wp-json\/wp\/v2\/types\/page"}],"author":[{"embeddable":true,"href":"https:\/\/dropshipprint.fr\/guide\/wp-json\/wp\/v2\/users\/1"}],"replies":[{"embeddable":true,"href":"https:\/\/dropshipprint.fr\/guide\/wp-json\/wp\/v2\/comments?post=542"}],"version-history":[{"count":25,"href":"https:\/\/dropshipprint.fr\/guide\/wp-json\/wp\/v2\/pages\/542\/revisions"}],"predecessor-version":[{"id":607,"href":"https:\/\/dropshipprint.fr\/guide\/wp-json\/wp\/v2\/pages\/542\/revisions\/607"}],"wp:attachment":[{"href":"https:\/\/dropshipprint.fr\/guide\/wp-json\/wp\/v2\/media?parent=542"}],"curies":[{"name":"wp","href":"https:\/\/api.w.org\/{rel}","templated":true}]}}