{"id":514,"date":"2019-12-18T11:15:45","date_gmt":"2019-12-18T10:15:45","guid":{"rendered":"https:\/\/dropshipprint.fr\/guide\/?page_id=514"},"modified":"2019-12-18T12:00:54","modified_gmt":"2019-12-18T11:00:54","slug":"sols","status":"publish","type":"page","link":"https:\/\/dropshipprint.fr\/guide\/ressources\/fournisseur-dropshipping-vetement\/grossiste-vetement-textile\/sols\/","title":{"rendered":"Grossiste et revendeur Sol&rsquo;s"},"content":{"rendered":"<h1>Dropshipprint est revendeur des textiles Sol&rsquo;s Europe<\/h1>\n<p><a href=\"https:\/\/dropshipprint.fr\/guide\/wp-content\/uploads\/2019\/12\/sols-europe-logo.png\"><img decoding=\"async\" loading=\"lazy\" class=\"aligncenter size-full wp-image-535\" src=\"https:\/\/dropshipprint.fr\/guide\/wp-content\/uploads\/2019\/12\/sols-europe-logo.png\" alt=\"sol's europe logo\" width=\"940\" height=\"447\" srcset=\"https:\/\/dropshipprint.fr\/guide\/wp-content\/uploads\/2019\/12\/sols-europe-logo.png 940w, https:\/\/dropshipprint.fr\/guide\/wp-content\/uploads\/2019\/12\/sols-europe-logo-300x143.png 300w, https:\/\/dropshipprint.fr\/guide\/wp-content\/uploads\/2019\/12\/sols-europe-logo-768x365.png 768w\" sizes=\"(max-width: 940px) 100vw, 940px\" \/><\/a>Le secteur du textile en Europe a connu ces derni\u00e8res ann\u00e9es une croissance fulgurante. Cela a favoris\u00e9 la cr\u00e9ation de nombreuses <a href=\"https:\/\/dropshipprint.fr\/guide\/grossiste-vetement-textile\/\" target=\"_blank\" rel=\"noopener noreferrer\">marques de v\u00eatements<\/a>. Au nombre de ces marques, vous retrouverez la marque SOL\u2019S. Que faut-il savoir sur cette marque ? En quoi est-elle diff\u00e9rente des autres marques du secteur ? Entre, valeurs, implantations ou actions humanitaires, d\u00e9couvrez l\u2019essentiel \u00e0 savoir sur SOL&rsquo;S ici.<\/p>\n<p>Dropshipprint est partenaire de cette marque que nous proposons depuis plusieurs ann\u00e9es. Les produits Sol&rsquo;s Europe sont continuellement en stock dans nos ateliers.<\/p>\n<h3>SOL\u2019S : que faut-il savoir ?<\/h3>\n<p><a href=\"https:\/\/dropshipprint.fr\/guide\/wp-content\/uploads\/2019\/12\/Alain-Milgrom-Sols-europe.jpg\"><img decoding=\"async\" loading=\"lazy\" class=\"aligncenter size-large wp-image-536\" src=\"https:\/\/dropshipprint.fr\/guide\/wp-content\/uploads\/2019\/12\/Alain-Milgrom-Sols-europe-1024x576.jpg\" alt=\"Alain Milgrom Sol's europe\" width=\"640\" height=\"360\" srcset=\"https:\/\/dropshipprint.fr\/guide\/wp-content\/uploads\/2019\/12\/Alain-Milgrom-Sols-europe-1024x576.jpg 1024w, https:\/\/dropshipprint.fr\/guide\/wp-content\/uploads\/2019\/12\/Alain-Milgrom-Sols-europe-300x169.jpg 300w, https:\/\/dropshipprint.fr\/guide\/wp-content\/uploads\/2019\/12\/Alain-Milgrom-Sols-europe-768x432.jpg 768w, https:\/\/dropshipprint.fr\/guide\/wp-content\/uploads\/2019\/12\/Alain-Milgrom-Sols-europe.jpg 1280w\" sizes=\"(max-width: 640px) 100vw, 640px\" \/><\/a><\/p>\n<p>Fond\u00e9e en 1991 \u00e0 Paris par Alain MILGROM, la marque SOL\u2019S est tr\u00e8s vite devenue une r\u00e9f\u00e9rence. Aujourd\u2019hui sp\u00e9cialiste europ\u00e9enne du textile et de la bagagerie, la marque se donne pour mission de satisfaire tous les genres et tous les go\u00fbts. Elle propose ainsi une large gamme de v\u00eatements pour tous les styles et pour toutes les saisons : enfants, hommes et femmes. Avec un catalogue compos\u00e9 de milliers de r\u00e9f\u00e9rences dont des centaines personnalisables, la marque fait la promotion des v\u00eatements confortables pour tous. En adoptant cette marque, vous d\u00e9couvrirez des gammes compl\u00e8tes de bagagerie, de v\u00eatements professionnels, de v\u00eatements de sport collectifs et autres.<\/p>\n<p><iframe loading=\"lazy\" src=\"https:\/\/www.youtube.com\/embed\/uhcB6HGlO3I\" width=\"560\" height=\"315\" frameborder=\"0\" allowfullscreen=\"allowfullscreen\"><\/iframe><\/p>\n<p><iframe loading=\"lazy\" src=\"https:\/\/www.youtube.com\/embed\/RS_up1BK-28\" width=\"560\" height=\"315\" frameborder=\"0\" allowfullscreen=\"allowfullscreen\"><\/iframe><\/p>\n<h3>Quelles sont les valeurs v\u00e9hicul\u00e9es par les textiles Sol&rsquo;S ?<\/h3>\n<p>La marque SOL\u2019S a le m\u00e9rite de v\u00e9hiculer de nombreuses valeurs. L\u2019entreprise s\u2019efforce d\u2019\u00eatre professionnelle, de rester \u00e0 l\u2019\u00e9coute du client, d\u2019honorer ses engagements et ses nombreuses certifications. \u00c0 travers ses produits et ses actions, elle s\u2019affiche comme une marque de confiance et soucieuse de l\u2019environnement, de la sant\u00e9, mais aussi des enfants. Par ailleurs, la marque SOL\u2019S vous fait d\u00e9couvrir de nombreuses autres valeurs. Il s\u2019agit par exemple :<\/p>\n<ul>\n<li>de\u00a0l\u2019honn\u00eatet\u00e9<\/li>\n<li>de\u00a0la loyaut\u00e9\u00a0;<\/li>\n<li>de\u00a0l\u2019engagement<\/li>\n<li>de\u00a0l\u2019\u00e9thique dans le travail<\/li>\n<li>de\u00a0l\u2019innovation<\/li>\n<li>et de\u00a0l\u2019humanisme.<\/li>\n<\/ul>\n<p>Toutes ces valeurs et engagements se retrouvent au travers des produits de la marque, de ses prestations et de ses actions. Ce qui justifierait bien le fait que la marque soit le leader de son domaine en France et se d\u00e9veloppe un peu partout dans le monde.<\/p>\n<h3>Quelles sont les implantations de la marque SOL\u2019S ?<\/h3>\n<p>Gr\u00e2ce \u00e0 sa qualit\u00e9, son prix, son service et ses valeurs, la marque SOL\u2019S a aujourd\u2019hui \u00e0 son actif de nombreux revendeurs dans le monde. Les produits SOL\u2019S sont ainsi pr\u00e9sents dans plus d\u2019une soixantaine de pays et peuvent \u00eatre achet\u00e9s sur stock.<\/p>\n<p>Son r\u00e9seau de revendeurs et grossistes est ainsi pr\u00e9sent dans plusieurs pays europ\u00e9ens comme la France, la Grande-Bretagne, l\u2019Italie, l\u2019Allemagne, etc. En Afrique, la marque est pr\u00e9sente dans des pays tels que la Tunisie, le Maroc, l\u2019Alg\u00e9rie, la C\u00f4te d\u2019ivoire ou le S\u00e9n\u00e9gal. En Asie, vous retrouverez la marque en Jordanie, en Chine ou au Qatar. Dans chacun des pays o\u00f9 elle s\u2019est implant\u00e9e, la marque b\u00e9n\u00e9ficie d\u2019une tr\u00e9s bonne notori\u00e9t\u00e9. Cette notori\u00e9t\u00e9 est due \u00e0 la qualit\u00e9 de ses produits et services qui lui a notamment valu ses nombreuses <a href=\"https:\/\/dropshipprint.fr\/guide\/labels-certification-bio\/\" target=\"_blank\" rel=\"noopener noreferrer\">certifications textiles biologiques<\/a>.<\/p>\n<h3>Quelles sont les certifications textiles biologiques et \u00e9cologiques de Sol&rsquo;S ?<\/h3>\n<p>La marque SOL\u2019S domine son secteur textile avec un grand nombre de certifications dont :<\/p>\n<ul>\n<li>Certification ISO 9001 : 2008<\/li>\n<li>Certification <a href=\"https:\/\/dropshipprint.fr\/guide\/labels-certification-bio\/fair-wear-foundation\/\" target=\"_blank\" rel=\"noopener noreferrer\">FAIR WEAR FOUNDATION<\/a><\/li>\n<li>Certification <a href=\"https:\/\/dropshipprint.fr\/guide\/labels-certification-bio\/oeko-tex\/\" target=\"_blank\" rel=\"noopener noreferrer\">OEKOTEX<\/a><\/li>\n<li>Certification ORGANIC CONTENT STANDARD.<\/li>\n<\/ul>\n<p>Par ces diff\u00e9rentes certifications, Sol&rsquo;s affirme la qualit\u00e9 de ses produits et le respect des normes de travail dans ses usines. Pour aller encore plus loin, ces certifications attestent la non-utilisation de colorants nocifs et le respect de l\u2019environnement dont fait preuve la marque Sol&rsquo;s.<\/p>\n<h3>Quelles sont les actions humanitaires de SOL\u2019S ?<\/h3>\n<p>Les actions humanitaires font partie des particularit\u00e9s de cette marque de textiles et de v\u00eatements. En effet, elle participe \u00e0 des \u0153uvres de charit\u00e9, \u00e0 la protection des enfants contre le travail, au financement des soins et au recyclage des eaux us\u00e9es. Pour y arriver, la marque s\u2019est fait partenaire de plusieurs organisations telles que l\u2019orphelinat SREEPUR et l\u2019ONG NARI UDDOG.<\/p>\n<h3>Comment Sol&rsquo;s se d\u00e9marque de ses concurrents ?<\/h3>\n<p>Les diff\u00e9rences entre SOL\u2019S et les autres marques du secteur textile &amp; v\u00eatements se situent \u00e0 plusieurs niveaux. Cela passe par un service client unique et optimal, une organisation rigoureuse et professionnelle de la livraison des colis, une diversit\u00e9 et une excellente qualit\u00e9 des produits. Mieux, SOL\u2019S se pr\u00e9sente comme une marque humaine \u00e0 travers ses actions. C\u2019est d\u2019ailleurs l\u2019une des principales raisons qui font qu\u2019elle est privil\u00e9gi\u00e9e par de nombreuses personnes en Europe et \u00e0 travers le monde.<\/p>\n<p>Les autres marques de textiles :<\/p>\n<ul>\n<li><a href=\"https:\/\/dropshipprint.fr\/guide\/grossiste-vetement-textile\/stanley-stella\/\" target=\"_blank\" rel=\"noopener noreferrer\">Stanley Stella<\/a><\/li>\n<\/ul>\n","protected":false},"excerpt":{"rendered":"<p>Dropshipprint est revendeur des textiles Sol&rsquo;s Europe Le secteur du textile en Europe a connu&#8230;<\/p>\n","protected":false},"author":1,"featured_media":0,"parent":422,"menu_order":0,"comment_status":"closed","ping_status":"closed","template":"","meta":{"footnotes":""},"aioseo_notices":[],"_links":{"self":[{"href":"https:\/\/dropshipprint.fr\/guide\/wp-json\/wp\/v2\/pages\/514"}],"collection":[{"href":"https:\/\/dropshipprint.fr\/guide\/wp-json\/wp\/v2\/pages"}],"about":[{"href":"https:\/\/dropshipprint.fr\/guide\/wp-json\/wp\/v2\/types\/page"}],"author":[{"embeddable":true,"href":"https:\/\/dropshipprint.fr\/guide\/wp-json\/wp\/v2\/users\/1"}],"replies":[{"embeddable":true,"href":"https:\/\/dropshipprint.fr\/guide\/wp-json\/wp\/v2\/comments?post=514"}],"version-history":[{"count":8,"href":"https:\/\/dropshipprint.fr\/guide\/wp-json\/wp\/v2\/pages\/514\/revisions"}],"predecessor-version":[{"id":537,"href":"https:\/\/dropshipprint.fr\/guide\/wp-json\/wp\/v2\/pages\/514\/revisions\/537"}],"up":[{"embeddable":true,"href":"https:\/\/dropshipprint.fr\/guide\/wp-json\/wp\/v2\/pages\/422"}],"wp:attachment":[{"href":"https:\/\/dropshipprint.fr\/guide\/wp-json\/wp\/v2\/media?parent=514"}],"curies":[{"name":"wp","href":"https:\/\/api.w.org\/{rel}","templated":true}]}}