{"id":499,"date":"2019-12-16T18:28:54","date_gmt":"2019-12-16T17:28:54","guid":{"rendered":"https:\/\/dropshipprint.fr\/guide\/?page_id=499"},"modified":"2019-12-16T18:46:23","modified_gmt":"2019-12-16T17:46:23","slug":"vegan-peta","status":"publish","type":"page","link":"https:\/\/dropshipprint.fr\/guide\/labels-certification-bio\/vegan-peta\/","title":{"rendered":"Tout savoir sur le label PETA 100 % Vegan"},"content":{"rendered":"<h1>Et qu&rsquo;est-ce que signifie une certification 100 % V\u00e9gane<\/h1>\n<p>Il s&rsquo;agit d&rsquo;un <a href=\"https:\/\/dropshipprint.fr\/guide\/labels-certification-bio\/\" target=\"_blank\" rel=\"noopener noreferrer\">label<\/a> tr\u00e8s important pour nous et nos partenaires.<\/p>\n<p>La sensibilisation du public s&rsquo;accro\u00eet de jour en jour, qu&rsquo;il s&rsquo;agisse de questions de respect, d&rsquo;information, de tendance ou simplement de sensibilisation. Les questions de respect se multiplient :<\/p>\n<ul>\n<li>respect de la nature,<\/li>\n<li>respect de la biodiversit\u00e9,<\/li>\n<li>respect de l&rsquo;humanit\u00e9,<\/li>\n<li>respect des diff\u00e9rences,<\/li>\n<li>respect des pays en voie de d\u00e9veloppement<\/li>\n<li>&#8230; et aussi respect des animaux<\/li>\n<\/ul>\n<h3>Qu&rsquo;est-ce que le v\u00e9gan ?<\/h3>\n<p>Pour \u00e9viter toute confusion, bon nombre d&rsquo;entre vous (certainement) qui lisez cet article aujourd&rsquo;hui sont probablement sensibilis\u00e9s par cette question, mais jetons un coup d&rsquo;\u0153il au contexte g\u00e9n\u00e9ral.<\/p>\n<p>L&rsquo;adjectif v\u00e9g\u00e9talien d\u00e9signe une personne qui exclut tout produit d&rsquo;origine animale de son alimentation et de sa vie quotidienne. Donald Watson, cofondateur de la VeganSociety et premier v\u00e9g\u00e9talien, a invent\u00e9 le terme \u00ab\u00a0vegan\u00a0\u00bb en 1944. Le v\u00e9ganisme est un mode de vie bas\u00e9 sur le refus d&rsquo;exploiter les animaux.<\/p>\n<p>Les v\u00e9g\u00e9taliens ne consomment ni n&rsquo;utilisent de produits d&rsquo;origine animale ou animale : chair, fourrure, cuir, laine, soie, graisses animales. Ni les produits test\u00e9s sur eux tels que certains produits d&rsquo;entretien ou cosm\u00e9tiques. Le mode de vie v\u00e9g\u00e9talien s&rsquo;\u00e9tend donc \u00e0 tous les produits alimentaires, ainsi qu&rsquo;aux produits d&rsquo;usage quotidien : v\u00eatements, produits d&rsquo;entretien, cosm\u00e9tiques&#8230;. Simplement, \u00eatre v\u00e9g\u00e9talien, c&rsquo;est refuser toute exploitation animale.<\/p>\n<h3>Qu&rsquo;est-ce que le Peta ?<\/h3>\n<p>Le PETA (People for the Ethical Treatment of Animals) est une association \u00e0 but non lucratif (qui joue un r\u00f4le mondial) vou\u00e9e \u00e0 l&rsquo;\u00e9tablissement et \u00e0 la protection des droits des animaux. Pour le PETA, tout comme pour les humains, les animaux sont capables de ressentir la souffrance et ont int\u00e9r\u00eat \u00e0 avoir leur propre vie. Ils ne sont donc pas destin\u00e9s \u00e0 \u00eatre utilis\u00e9s, que ce soit pour l&rsquo;alimentation, l&rsquo;habillement, l&rsquo;exp\u00e9rimentation, les loisirs ou toute autre raison. PETA et ses partisans dans le monde entier sensibilisent les politiciens et le public \u00e0 la cruaut\u00e9 envers les animaux et font la promotion du droit de tous les animaux \u00e0 \u00eatre trait\u00e9s avec respect.<\/p>\n<p>PETA travaille par la sensibilisation du public, la recherche, la l\u00e9gislation, les \u00e9v\u00e9nements sp\u00e9ciaux, l&rsquo;implication de personnalit\u00e9s et les campagnes de protestation. PETA croit en la non-violence et ne d\u00e9fend ni ne tol\u00e8re aucune action qui pourrait nuire \u00e0 des individus, humains ou non humains. PETA approuve \u00e9galement les produits et les marques du monde entier qui respectent leurs principes et n&rsquo;utilisent pas d&rsquo;animaux ou de produits d&rsquo;origine animale dans leur production.<\/p>\n<h3>Que signifie donc un textile labellis\u00e9 PETA dans la pratique ?<\/h3>\n<p>Chaque ann\u00e9e, des millions d&rsquo;animaux sont tu\u00e9s pour l&rsquo;industrie du textile et de l&rsquo;habillement, tous au nom de la mode. Que les v\u00eatements proviennent d&rsquo;\u00e9levages de fourrures en Chine, d&rsquo;abattoirs en Inde ou d&rsquo;Australie rurale, des souffrances incommensurables accompagnent chaque veste doubl\u00e9e de fourrure, ceinture en cuir et pull en laine.<\/p>\n<p>Mais ce n&rsquo;est pas seulement pour les fourrures, l&rsquo;industrie utilise aussi parfois des d\u00e9riv\u00e9s animaux pour fabriquer des produits utilis\u00e9s directement ou indirectement dans la production textile.<\/p>\n<h3>Dropshipprint et le label PETA<\/h3>\n<p>Chez Dropshipprint, nous collaborons avec des partenaires labellis\u00e9s PETA et 100 % certifi\u00e9 Vegan. C&rsquo;est le cas de la marque de textiles <a href=\"https:\/\/dropshipprint.fr\/guide\/grossiste-vetement-textile\/stanley-stella\/\" target=\"_blank\" rel=\"noopener noreferrer\">Stanley Stella<\/a>.<\/p>\n<h3>Les autres certifications et labels biologique dans l&rsquo;industrie du textile :<\/h3>\n<ul>\n<li>La <a href=\"https:\/\/dropshipprint.fr\/guide\/labels-certification-bio\/oeko-tex\/\" target=\"_blank\" rel=\"noopener noreferrer\">certification \/ label Oeko-Tex<\/a><\/li>\n<li>Le <a href=\"https:\/\/dropshipprint.fr\/guide\/labels-certification-bio\/gots\/\" target=\"_blank\" rel=\"noopener noreferrer\">label GOTS<\/a><\/li>\n<li>Ces <a href=\"https:\/\/dropshipprint.fr\/guide\/labels-certification-bio\/ocs-blended-ocs-100\/\" target=\"_blank\" rel=\"noopener noreferrer\">labels OCS<\/a><\/li>\n<li>Le<a href=\"https:\/\/dropshipprint.fr\/guide\/labels-certification-bio\/grs\/\"> label GRS<\/a><\/li>\n<li>La <a href=\"https:\/\/dropshipprint.fr\/guide\/labels-certification-bio\/fair-wear-foundation\/\" target=\"_blank\" rel=\"noopener noreferrer\">fair wear foundation<\/a><\/li>\n<\/ul>\n","protected":false},"excerpt":{"rendered":"<p>Et qu&rsquo;est-ce que signifie une certification 100 % V\u00e9gane Il s&rsquo;agit d&rsquo;un label tr\u00e8s important&#8230;<\/p>\n","protected":false},"author":1,"featured_media":0,"parent":431,"menu_order":0,"comment_status":"closed","ping_status":"closed","template":"","meta":{"footnotes":""},"aioseo_notices":[],"_links":{"self":[{"href":"https:\/\/dropshipprint.fr\/guide\/wp-json\/wp\/v2\/pages\/499"}],"collection":[{"href":"https:\/\/dropshipprint.fr\/guide\/wp-json\/wp\/v2\/pages"}],"about":[{"href":"https:\/\/dropshipprint.fr\/guide\/wp-json\/wp\/v2\/types\/page"}],"author":[{"embeddable":true,"href":"https:\/\/dropshipprint.fr\/guide\/wp-json\/wp\/v2\/users\/1"}],"replies":[{"embeddable":true,"href":"https:\/\/dropshipprint.fr\/guide\/wp-json\/wp\/v2\/comments?post=499"}],"version-history":[{"count":5,"href":"https:\/\/dropshipprint.fr\/guide\/wp-json\/wp\/v2\/pages\/499\/revisions"}],"predecessor-version":[{"id":508,"href":"https:\/\/dropshipprint.fr\/guide\/wp-json\/wp\/v2\/pages\/499\/revisions\/508"}],"up":[{"embeddable":true,"href":"https:\/\/dropshipprint.fr\/guide\/wp-json\/wp\/v2\/pages\/431"}],"wp:attachment":[{"href":"https:\/\/dropshipprint.fr\/guide\/wp-json\/wp\/v2\/media?parent=499"}],"curies":[{"name":"wp","href":"https:\/\/api.w.org\/{rel}","templated":true}]}}