{"id":490,"date":"2019-12-16T18:20:21","date_gmt":"2019-12-16T17:20:21","guid":{"rendered":"https:\/\/dropshipprint.fr\/guide\/?page_id=490"},"modified":"2019-12-18T11:44:30","modified_gmt":"2019-12-18T10:44:30","slug":"fair-wear-foundation","status":"publish","type":"page","link":"https:\/\/dropshipprint.fr\/guide\/labels-certification-bio\/fair-wear-foundation\/","title":{"rendered":"Tout savoir sur le label Fair Wear Foundation"},"content":{"rendered":"<h1>Qu&rsquo;est ce que le Fair Wear Foundation ?<\/h1>\n<p>La Fair Wear Foundation est un <a href=\"https:\/\/dropshipprint.fr\/guide\/labels-certification-bio\/\" target=\"_blank\" rel=\"noopener noreferrer\">label bio<\/a>. C&rsquo;une organisation qui travaille avec les marques, les usines, les syndicats, les organismes sans but lucratif et parfois m\u00eame les gouvernements pour am\u00e9liorer les conditions de travail des employ\u00e9s dans l&rsquo;industrie du v\u00eatement.<\/p>\n<p>Le respect des 8 piliers des normes de travail de la Fair Wear Foundation est le fondement d&rsquo;un solide partenariat entre cette fondation et chaque usine.<\/p>\n<p>Chaque ann\u00e9e, FWF proc\u00e8de \u00e0 une v\u00e9rification des pratiques d&rsquo;achat, des relations avec les usines et de leur capacit\u00e9 \u00e0 mettre en \u0153uvre des initiatives qui profitent aux travailleurs.<\/p>\n<p>Participer au processus d&rsquo;am\u00e9lioration continue de FWF exige une connaissance approfondie du fonctionnement de chaque usine, des sous-traitants potentiels et de la mani\u00e8re de mener des audits pour s&rsquo;assurer du respect des normes de travail de la fondation.<\/p>\n<p>En 2019, grand nombre de nos partenaires participent au programme de FWF pour am\u00e9liorer les conditions de travail dans l&rsquo;industrie du v\u00eatement, et 84% de notre volume de production passe actuellement par des audits. C&rsquo;est le cas de la marque <a href=\"https:\/\/dropshipprint.fr\/guide\/grossiste-vetement-textile\/stanley-stella\/\" target=\"_blank\" rel=\"noopener noreferrer\">Stanley Stella<\/a>\u00a0ou <a href=\"https:\/\/dropshipprint.fr\/guide\/grossiste-vetement-textile\/sols\/\" target=\"_blank\" rel=\"noopener noreferrer\">Sol&rsquo;s<\/a>. L&rsquo;objectif est d&rsquo;am\u00e9liorer la vie de ceux qui travaillent dans l&rsquo;industrie du v\u00eatement.<\/p>\n<p>Nous ne poss\u00e9dons pas les usines qui fabriquent nos produits et la cha\u00eene d&rsquo;approvisionnement se compose souvent d&rsquo;un r\u00e9seau complexe de fournisseurs. Cependant, nous avons l&rsquo;exp\u00e9rience et l&rsquo;expertise n\u00e9cessaires pour continuer \u00e0 avancer dans la bonne direction.<\/p>\n<h3>Les autres labels et certifications bio dans le textile :<\/h3>\n<ul>\n<li>La <a href=\"https:\/\/dropshipprint.fr\/guide\/labels-certification-bio\/oeko-tex\/\" target=\"_blank\" rel=\"noopener noreferrer\">certification \/ label Oeko-Tex<\/a><\/li>\n<li>Le <a href=\"https:\/\/dropshipprint.fr\/guide\/labels-certification-bio\/gots\/\" target=\"_blank\" rel=\"noopener noreferrer\">label GOTS<\/a><\/li>\n<li>Ces <a href=\"https:\/\/dropshipprint.fr\/guide\/labels-certification-bio\/ocs-blended-ocs-100\/\" target=\"_blank\" rel=\"noopener noreferrer\">labels OCS<\/a><\/li>\n<li>Le<a href=\"https:\/\/dropshipprint.fr\/guide\/labels-certification-bio\/grs\/\"> label GRS<\/a><\/li>\n<li>Le <a href=\"https:\/\/dropshipprint.fr\/guide\/labels-certification-bio\/vegan-peta\/\" target=\"_blank\" rel=\"noopener noreferrer\">label PETA<\/a><\/li>\n<\/ul>\n","protected":false},"excerpt":{"rendered":"<p>Qu&rsquo;est ce que le Fair Wear Foundation ? La Fair Wear Foundation est un label&#8230;<\/p>\n","protected":false},"author":1,"featured_media":0,"parent":431,"menu_order":0,"comment_status":"closed","ping_status":"closed","template":"","meta":{"footnotes":""},"aioseo_notices":[],"_links":{"self":[{"href":"https:\/\/dropshipprint.fr\/guide\/wp-json\/wp\/v2\/pages\/490"}],"collection":[{"href":"https:\/\/dropshipprint.fr\/guide\/wp-json\/wp\/v2\/pages"}],"about":[{"href":"https:\/\/dropshipprint.fr\/guide\/wp-json\/wp\/v2\/types\/page"}],"author":[{"embeddable":true,"href":"https:\/\/dropshipprint.fr\/guide\/wp-json\/wp\/v2\/users\/1"}],"replies":[{"embeddable":true,"href":"https:\/\/dropshipprint.fr\/guide\/wp-json\/wp\/v2\/comments?post=490"}],"version-history":[{"count":7,"href":"https:\/\/dropshipprint.fr\/guide\/wp-json\/wp\/v2\/pages\/490\/revisions"}],"predecessor-version":[{"id":533,"href":"https:\/\/dropshipprint.fr\/guide\/wp-json\/wp\/v2\/pages\/490\/revisions\/533"}],"up":[{"embeddable":true,"href":"https:\/\/dropshipprint.fr\/guide\/wp-json\/wp\/v2\/pages\/431"}],"wp:attachment":[{"href":"https:\/\/dropshipprint.fr\/guide\/wp-json\/wp\/v2\/media?parent=490"}],"curies":[{"name":"wp","href":"https:\/\/api.w.org\/{rel}","templated":true}]}}