{"id":483,"date":"2019-12-16T18:13:40","date_gmt":"2019-12-16T17:13:40","guid":{"rendered":"https:\/\/dropshipprint.fr\/guide\/?page_id=483"},"modified":"2019-12-16T18:47:59","modified_gmt":"2019-12-16T17:47:59","slug":"grs","status":"publish","type":"page","link":"https:\/\/dropshipprint.fr\/guide\/labels-certification-bio\/grs\/","title":{"rendered":"Tout savoir sur le label GRS"},"content":{"rendered":"<h1>Qu&rsquo;est ce que le label GRS ?<\/h1>\n<p>Il s&rsquo;agit d&rsquo;une <a href=\"https:\/\/dropshipprint.fr\/guide\/labels-certification-bio\/\" target=\"_blank\" rel=\"noopener noreferrer\">norme<\/a> mondiale sur le recyclage. Le Global Recycled Standard (GRS) est une r\u00e9f\u00e9rence mondiale utilisant des crit\u00e8res exigeants, notamment sur les plans social, environnemental et technique, afin de privil\u00e9gier l&rsquo;utilisation de fibres issues de mat\u00e9riaux renouvelables ou recycl\u00e9s.<\/p>\n<p>Ce label garantit l&rsquo;utilisation de proc\u00e9d\u00e9s respectueux de l&rsquo;environnement tout au long de la cha\u00eene de production.<\/p>\n<h3>Dropshipprint et le label GRS<\/h3>\n<p>Notre partenaire <a href=\"https:\/\/dropshipprint.fr\/guide\/grossiste-vetement-textile\/stanley-stella\/\" target=\"_blank\" rel=\"noopener noreferrer\">Stanley Stella<\/a> est labialis\u00e9e GRS.<\/p>\n<h3>Les autres certifications et labels Bio :<\/h3>\n<ul>\n<li>La <a href=\"https:\/\/dropshipprint.fr\/guide\/labels-certification-bio\/oeko-tex\/\" target=\"_blank\" rel=\"noopener noreferrer\">certification \/ label Oeko-Tex<\/a><\/li>\n<li>Le <a href=\"https:\/\/dropshipprint.fr\/guide\/labels-certification-bio\/gots\/\" target=\"_blank\" rel=\"noopener noreferrer\">label GOTS<\/a><\/li>\n<li>Ces <a href=\"https:\/\/dropshipprint.fr\/guide\/labels-certification-bio\/ocs-blended-ocs-100\/\" target=\"_blank\" rel=\"noopener noreferrer\">labels OCS<\/a><\/li>\n<li>La <a href=\"https:\/\/dropshipprint.fr\/guide\/labels-certification-bio\/fair-wear-foundation\/\" target=\"_blank\" rel=\"noopener noreferrer\">fair wear foundation<\/a><\/li>\n<li>Le <a href=\"https:\/\/dropshipprint.fr\/guide\/labels-certification-bio\/vegan-peta\/\" target=\"_blank\" rel=\"noopener noreferrer\">label PETA<\/a><\/li>\n<\/ul>\n","protected":false},"excerpt":{"rendered":"<p>Qu&rsquo;est ce que le label GRS ? Il s&rsquo;agit d&rsquo;une norme mondiale sur le recyclage&#8230;.<\/p>\n","protected":false},"author":1,"featured_media":0,"parent":431,"menu_order":0,"comment_status":"closed","ping_status":"closed","template":"","meta":{"footnotes":""},"aioseo_notices":[],"_links":{"self":[{"href":"https:\/\/dropshipprint.fr\/guide\/wp-json\/wp\/v2\/pages\/483"}],"collection":[{"href":"https:\/\/dropshipprint.fr\/guide\/wp-json\/wp\/v2\/pages"}],"about":[{"href":"https:\/\/dropshipprint.fr\/guide\/wp-json\/wp\/v2\/types\/page"}],"author":[{"embeddable":true,"href":"https:\/\/dropshipprint.fr\/guide\/wp-json\/wp\/v2\/users\/1"}],"replies":[{"embeddable":true,"href":"https:\/\/dropshipprint.fr\/guide\/wp-json\/wp\/v2\/comments?post=483"}],"version-history":[{"count":5,"href":"https:\/\/dropshipprint.fr\/guide\/wp-json\/wp\/v2\/pages\/483\/revisions"}],"predecessor-version":[{"id":513,"href":"https:\/\/dropshipprint.fr\/guide\/wp-json\/wp\/v2\/pages\/483\/revisions\/513"}],"up":[{"embeddable":true,"href":"https:\/\/dropshipprint.fr\/guide\/wp-json\/wp\/v2\/pages\/431"}],"wp:attachment":[{"href":"https:\/\/dropshipprint.fr\/guide\/wp-json\/wp\/v2\/media?parent=483"}],"curies":[{"name":"wp","href":"https:\/\/api.w.org\/{rel}","templated":true}]}}