{"id":477,"date":"2019-12-16T17:59:23","date_gmt":"2019-12-16T16:59:23","guid":{"rendered":"https:\/\/dropshipprint.fr\/guide\/?page_id=477"},"modified":"2019-12-16T18:47:50","modified_gmt":"2019-12-16T17:47:50","slug":"ocs-blended-ocs-100","status":"publish","type":"page","link":"https:\/\/dropshipprint.fr\/guide\/labels-certification-bio\/ocs-blended-ocs-100\/","title":{"rendered":"Tout savoir sur le Label OCS Blended et OCS 100"},"content":{"rendered":"<h1>Labels biologiques OCS Blended et OCS 100<\/h1>\n<p>La norme sur le contenu organique (OCS) s&rsquo;applique \u00e0 tout produit non alimentaire contenant de 5 \u00e0 100 % de mati\u00e8re organique. Ce <a href=\"https:\/\/dropshipprint.fr\/guide\/labels-certification-bio\/\" target=\"_blank\" rel=\"noopener noreferrer\">label<\/a> v\u00e9rifie la pr\u00e9sence et la quantit\u00e9 de mati\u00e8re organique dans un produit final, comme un textile. De plus, OCS suit le flux d&rsquo;une mati\u00e8re premi\u00e8re depuis sa source jusqu&rsquo;au produit final. Ce processus est ensuite certifi\u00e9 par un tiers accr\u00e9dit\u00e9.<\/p>\n<p>OCS s&rsquo;appuie sur la v\u00e9rification par une tierce partie pour confirmer si un produit final contient la quantit\u00e9 exacte d&rsquo;un produit biologique donn\u00e9. OCS permet une \u00e9valuation et une v\u00e9rification ind\u00e9pendantes, transparentes, coh\u00e9rentes et compl\u00e8tes des all\u00e9gations relatives \u00e0 la teneur en mati\u00e8res organiques des produits. OCS couvre la transformation, la fabrication, l&#8217;emballage, l&rsquo;\u00e9tiquetage, le commerce et la distribution d&rsquo;un produit qui contient au moins 5 % de mati\u00e8res \u00a0\u00bb biologiques \u00a0\u00bb certifi\u00e9es. Il peut \u00eatre utilis\u00e9 comme un outil interentreprises pour donner aux entreprises les moyens de s&rsquo;assurer qu&rsquo;elles vendent de la qualit\u00e9 et obtiennent ce pour quoi elles paient.<\/p>\n<h3>Comment \u00eatre certifi\u00e9 OCS<\/h3>\n<p>Control Union est le principal organisme de certification, qui a certifi\u00e9 la majorit\u00e9 de toutes les installations certifi\u00e9es. Cela comprend les entreprises d&rsquo;\u00e9grenage, de filature, de tissage et de tricotage, de teinture, d&rsquo;impression et de couture.<\/p>\n<h3>OCS et Dropshipprint<\/h3>\n<p>Dropshipprint est soucieux de vous proposer des textiles biologiques. Ainsi, notre partenaire <a href=\"https:\/\/dropshipprint.fr\/guide\/grossiste-vetement-textile\/stanley-stella\/\" target=\"_blank\" rel=\"noopener noreferrer\">Stanley Stella<\/a> est est certifi\u00e9 OCS Blended et OCS 100.<\/p>\n<h3>Les autres certifications et labels Bio :<\/h3>\n<ul>\n<li>La <a href=\"https:\/\/dropshipprint.fr\/guide\/labels-certification-bio\/oeko-tex\/\" target=\"_blank\" rel=\"noopener noreferrer\">certification \/ label Oeko-Tex<\/a><\/li>\n<li>Le <a href=\"https:\/\/dropshipprint.fr\/guide\/labels-certification-bio\/gots\/\" target=\"_blank\" rel=\"noopener noreferrer\">label GOTS<\/a><\/li>\n<li>Le<a href=\"https:\/\/dropshipprint.fr\/guide\/labels-certification-bio\/grs\/\"> label GRS<\/a><\/li>\n<li>La <a href=\"https:\/\/dropshipprint.fr\/guide\/labels-certification-bio\/fair-wear-foundation\/\" target=\"_blank\" rel=\"noopener noreferrer\">fair wear foundation<\/a><\/li>\n<li>Le <a href=\"https:\/\/dropshipprint.fr\/guide\/labels-certification-bio\/vegan-peta\/\" target=\"_blank\" rel=\"noopener noreferrer\">label PETA<\/a><\/li>\n<\/ul>\n","protected":false},"excerpt":{"rendered":"<p>Labels biologiques OCS Blended et OCS 100 La norme sur le contenu organique (OCS) s&rsquo;applique&#8230;<\/p>\n","protected":false},"author":1,"featured_media":0,"parent":431,"menu_order":0,"comment_status":"closed","ping_status":"closed","template":"","meta":{"footnotes":""},"aioseo_notices":[],"_links":{"self":[{"href":"https:\/\/dropshipprint.fr\/guide\/wp-json\/wp\/v2\/pages\/477"}],"collection":[{"href":"https:\/\/dropshipprint.fr\/guide\/wp-json\/wp\/v2\/pages"}],"about":[{"href":"https:\/\/dropshipprint.fr\/guide\/wp-json\/wp\/v2\/types\/page"}],"author":[{"embeddable":true,"href":"https:\/\/dropshipprint.fr\/guide\/wp-json\/wp\/v2\/users\/1"}],"replies":[{"embeddable":true,"href":"https:\/\/dropshipprint.fr\/guide\/wp-json\/wp\/v2\/comments?post=477"}],"version-history":[{"count":6,"href":"https:\/\/dropshipprint.fr\/guide\/wp-json\/wp\/v2\/pages\/477\/revisions"}],"predecessor-version":[{"id":512,"href":"https:\/\/dropshipprint.fr\/guide\/wp-json\/wp\/v2\/pages\/477\/revisions\/512"}],"up":[{"embeddable":true,"href":"https:\/\/dropshipprint.fr\/guide\/wp-json\/wp\/v2\/pages\/431"}],"wp:attachment":[{"href":"https:\/\/dropshipprint.fr\/guide\/wp-json\/wp\/v2\/media?parent=477"}],"curies":[{"name":"wp","href":"https:\/\/api.w.org\/{rel}","templated":true}]}}