{"id":467,"date":"2019-12-16T17:47:49","date_gmt":"2019-12-16T16:47:49","guid":{"rendered":"https:\/\/dropshipprint.fr\/guide\/?page_id=467"},"modified":"2019-12-16T18:47:42","modified_gmt":"2019-12-16T17:47:42","slug":"gots","status":"publish","type":"page","link":"https:\/\/dropshipprint.fr\/guide\/labels-certification-bio\/gots\/","title":{"rendered":"D\u00e9couvrez le label GOTS"},"content":{"rendered":"<h1>GOTS : Norme mondiale sur les textiles biologiques<\/h1>\n<p>L&rsquo;objectif de ce <a href=\"https:\/\/dropshipprint.fr\/guide\/labels-certification-bio\/\" target=\"_blank\" rel=\"noopener noreferrer\">label biologique textile<\/a>, la Norme mondiale sur les textiles biologiques (GOTS) est de d\u00e9finir des exigences visant \u00e0 garantir le statut biologique des textiles, de la r\u00e9colte des mati\u00e8res premi\u00e8res \u00e0 l&rsquo;\u00e9tiquetage, en passant par la fabrication \u00e9cologiquement et socialement responsable, afin de fournir une assurance cr\u00e9dible au consommateur final.<\/p>\n<p>GOTS est reconnu comme la norme de traitement de pointe mondiale pour les textiles fabriqu\u00e9s \u00e0 partir de fibres organiques. Elle d\u00e9finit des crit\u00e8res environnementaux de haut niveau tout au long de la cha\u00eene d&rsquo;approvisionnement des textiles biologiques et exige \u00e9galement le respect de crit\u00e8res sociaux.<\/p>\n<p><iframe loading=\"lazy\" src=\"https:\/\/www.youtube.com\/embed\/TMmLCPuerQg\" width=\"560\" height=\"315\" frameborder=\"0\" allowfullscreen=\"allowfullscreen\"><\/iframe><\/p>\n<p>Seuls les produits textiles qui contiennent un minimum de 70% de fibres organiques peuvent obtenir la certification GOTS. Tous les composants chimiques tels que les colorants et les produits auxiliaires utilis\u00e9s doivent r\u00e9pondre \u00e0 certains crit\u00e8res environnementaux et toxicologiques. Le choix des accessoires est \u00e9galement limit\u00e9 en fonction des aspects \u00e9cologiques. Une station d&rsquo;\u00e9puration fonctionnelle est obligatoire pour toute unit\u00e9 de traitement au mouill\u00e9 concern\u00e9e et tous les transformateurs doivent satisfaire \u00e0 des crit\u00e8res sociaux minimaux.<\/p>\n<p>Le Groupe de travail international sur une norme mondiale pour les textiles biologiques est compos\u00e9 de l&rsquo;Organic Trade Association (OTA), de la Soil Association (Royaume-Uni), de l&rsquo;International Association Natural Textile Industry (IVN) (Allemagne) et de la Japan Organic Cotton Association.<\/p>\n<h3>Certification et label GOTS<\/h3>\n<p>La derni\u00e8re version 5.0 de la Global Organic Textile Standard a \u00e9t\u00e9 publi\u00e9e le 1er mars 2017, rempla\u00e7ant la version 4.0. Toutes les soci\u00e9t\u00e9s GOTS doivent enti\u00e8rement\u00a0 s&rsquo;\u00eatre conform\u00e9es \u00e0 la version 5.0 depuis le 1er mars 2018.<\/p>\n<h3>GOTS et Dropshipprint<\/h3>\n<p>Nous vous proposons les textiles de la marque <a href=\"https:\/\/dropshipprint.fr\/guide\/grossiste-vetement-textile\/stanley-stella\/\" target=\"_blank\" rel=\"noopener noreferrer\">Stanley Stella<\/a> qui est certifi\u00e9e GOTS.<\/p>\n<h3>Les autres certifications et labels Bio :<\/h3>\n<ul>\n<li>La <a href=\"https:\/\/dropshipprint.fr\/guide\/labels-certification-bio\/oeko-tex\/\" target=\"_blank\" rel=\"noopener noreferrer\">certification \/ label Oeko-Tex<\/a><\/li>\n<li>Ces <a href=\"https:\/\/dropshipprint.fr\/guide\/labels-certification-bio\/ocs-blended-ocs-100\/\" target=\"_blank\" rel=\"noopener noreferrer\">labels OCS<\/a><\/li>\n<li>Le<a href=\"https:\/\/dropshipprint.fr\/guide\/labels-certification-bio\/grs\/\"> label GRS<\/a><\/li>\n<li>La <a href=\"https:\/\/dropshipprint.fr\/guide\/labels-certification-bio\/fair-wear-foundation\/\" target=\"_blank\" rel=\"noopener noreferrer\">fair wear foundation<\/a><\/li>\n<li>Le <a href=\"https:\/\/dropshipprint.fr\/guide\/labels-certification-bio\/vegan-peta\/\" target=\"_blank\" rel=\"noopener noreferrer\">label PETA<\/a><\/li>\n<\/ul>\n","protected":false},"excerpt":{"rendered":"<p>GOTS : Norme mondiale sur les textiles biologiques L&rsquo;objectif de ce label biologique textile, la&#8230;<\/p>\n","protected":false},"author":1,"featured_media":0,"parent":431,"menu_order":0,"comment_status":"closed","ping_status":"closed","template":"","meta":{"footnotes":""},"aioseo_notices":[],"_links":{"self":[{"href":"https:\/\/dropshipprint.fr\/guide\/wp-json\/wp\/v2\/pages\/467"}],"collection":[{"href":"https:\/\/dropshipprint.fr\/guide\/wp-json\/wp\/v2\/pages"}],"about":[{"href":"https:\/\/dropshipprint.fr\/guide\/wp-json\/wp\/v2\/types\/page"}],"author":[{"embeddable":true,"href":"https:\/\/dropshipprint.fr\/guide\/wp-json\/wp\/v2\/users\/1"}],"replies":[{"embeddable":true,"href":"https:\/\/dropshipprint.fr\/guide\/wp-json\/wp\/v2\/comments?post=467"}],"version-history":[{"count":9,"href":"https:\/\/dropshipprint.fr\/guide\/wp-json\/wp\/v2\/pages\/467\/revisions"}],"predecessor-version":[{"id":666,"href":"https:\/\/dropshipprint.fr\/guide\/wp-json\/wp\/v2\/pages\/467\/revisions\/666"}],"up":[{"embeddable":true,"href":"https:\/\/dropshipprint.fr\/guide\/wp-json\/wp\/v2\/pages\/431"}],"wp:attachment":[{"href":"https:\/\/dropshipprint.fr\/guide\/wp-json\/wp\/v2\/media?parent=467"}],"curies":[{"name":"wp","href":"https:\/\/api.w.org\/{rel}","templated":true}]}}