{"id":436,"date":"2019-12-16T16:28:32","date_gmt":"2019-12-16T15:28:32","guid":{"rendered":"https:\/\/dropshipprint.fr\/guide\/?page_id=436"},"modified":"2019-12-16T17:08:00","modified_gmt":"2019-12-16T16:08:00","slug":"dropshipping","status":"publish","type":"page","link":"https:\/\/dropshipprint.fr\/guide\/ressources\/fournisseur-dropshipping-vetement\/grossiste-vetement-textile\/stanley-stella\/dropshipping\/","title":{"rendered":"Nous imprimons \u00e0 la demande les textiles de la marque Stanley Stella"},"content":{"rendered":"<h1>Stanley Stella en Dropshipping et Print On Demand<\/h1>\n<p>Souhaitez-vous porter des v\u00eatements personnalis\u00e9s et confectionn\u00e9s \u00e0\u00a0100 % avec du coton biologique\u2009? Si oui, nous vous conseillons d\u2019opter pour ceux de la marque\u00a0<a href=\"https:\/\/dropshipprint.fr\/guide\/grossiste-vetement-textile\/stanley-stella\/\" target=\"_blank\" rel=\"noopener noreferrer\">Stanley &amp; Stella<\/a>. Sains et con\u00e7us avec des proc\u00e9d\u00e9s \u00e9cologiques, ceux-ci seront pourtant parfaitement \u00e0 la hauteur de vos attentes en mati\u00e8re d\u2019\u00e9l\u00e9gance et de style. Mieux, chez Dropshipprint, vous pouvez les customiser facilement et exp\u00e9dier en Dropshipping et Print On Demand.<\/p>\n<h3>Stanley &amp; Stella : la marque qui sait allier charme et confort<\/h3>\n<p>Lanc\u00e9e depuis 2012, la marque de v\u00eatements personnalisables\u00a0Stanley &amp; Stella\u00a0est une \u0153uvre de\u00a0Jean Chabert. Bas\u00e9 sur le beau, l\u2019\u00e9thique et la simplicit\u00e9<strong>,\u00a0<\/strong>celle-ci a r\u00e9ussi \u00e0 se faire une place dans cette vaste industrie de l\u2019habillement et du textile. La marque est surtout appr\u00e9ci\u00e9e pour ses v\u00eatements bios<strong>\u00a0<\/strong>et est enti\u00e8rement personnalisable<strong>.<\/strong> Vous pouvez imprimer les designs de votre choix sur votre textile Stanley Stella. Nous prenons en charge l&rsquo;impression en Print On Demand et l&rsquo;expedition de vos textile en Dropshipping.<\/p>\n<p>Cela signifie que nous n&rsquo;imprimons qu&rsquo;\u00e0 la commande : vous n&rsquo;avez pas \u00e0 financer de stock et cela ne vous co\u00fbte que si vous vendez ! Egalement, le mode Dropshipping signifie que nous livrons votre clients en marque blanche et stockons les produits brut pour vous.<\/p>\n<h3>Stanley Stella 100 % bio<\/h3>\n<p>Stanley Stella est une marque respectueuse de l\u2019environnement et utilise exclusivement des mati\u00e8res premi\u00e8res bio et eco-con\u00e7ues. Tous les choix industriels et marketing sont pris dans une volont\u00e9 \u00e9thique et soucieuse de l&rsquo;environement et du respect de la plan\u00e8te.<\/p>\n<p>Egalement, d&rsquo;un point de vue collaborateurs, m\u00eame si la production Stanley Stella est effectu\u00e9 en Asie, il n&rsquo;y a que 5 usines partenaires. De ce fait, ces derni\u00e8res sont tr\u00e8s r\u00e9guli\u00e8rement audit\u00e9es et proposent des plans de formations. Egalement, la s\u00e9curit\u00e9 des salari\u00e9s est prise avec s\u00e9rieux.<\/p>\n<h3>Des textiles Stanley &amp; Stella enti\u00e8rement personnalisable<\/h3>\n<p>La cr\u00e9ation de produits personnalis\u00e9s est un concept que nous maitrisons parfaitement. Que cela soit sur des T-shirts, sweats ou tote-bags, nous imprimons, \u00e0 la demande, le design de votre choix sur une ou plusieurs faces du textiles. Nous avons mis en place un processus industriel automatis\u00e9 pour imprimer les textiles Stanley Stella.<\/p>\n<p>Via notre \u00e9diteur en ligne, vous uploadez votre design et le positionnez \u00e0 votre guise sur le textile Stanley Stella. Vous pouvez enregistrer votre produit sur votre compte Dropshipprint pour repasser commande de celui-ci ult\u00e9rieurement. Vous pouvez \u00e9videmment indiquer l&rsquo;adresse de livraison de votre client. Dropshipprint n\u2019appara\u00eet \u00e0 aucun moment et vous \u00eates l\u2019exp\u00e9diteur du colis.<\/p>\n<p>Egalement, le syst\u00e8me d\u2019\u00e9tiquettes Stanley Stella \u00ab\u00a0tear-away\u00a0\u00bb permet de livrer un textile en NO Label. Seules les informations l\u00e9gales et obligatoire figurent sur le textile.<\/p>\n<h3>Catalogue Stanley Stella<\/h3>\n<p>En tant que revendeurs de la marque Stanley Stella, nous vous proposons d&rsquo;acc\u00e9der en Dropshipping aux meilleures ventes du catalogue de cette marque 100 % bio. T-shirts, sweats, debardeurs, robes, tote-bags &#8230;. ce sont plusieurs dizaines de produits que vous pourrez commercialiser sur votre site, sans stocker ni imprimez !<\/p>\n<p>C&rsquo;est la magie du Dropshipping et du Print On Demand.<\/p>\n","protected":false},"excerpt":{"rendered":"<p>Stanley Stella en Dropshipping et Print On Demand Souhaitez-vous porter des v\u00eatements personnalis\u00e9s et confectionn\u00e9s&#8230;<\/p>\n","protected":false},"author":1,"featured_media":0,"parent":424,"menu_order":0,"comment_status":"closed","ping_status":"closed","template":"","meta":{"footnotes":""},"aioseo_notices":[],"_links":{"self":[{"href":"https:\/\/dropshipprint.fr\/guide\/wp-json\/wp\/v2\/pages\/436"}],"collection":[{"href":"https:\/\/dropshipprint.fr\/guide\/wp-json\/wp\/v2\/pages"}],"about":[{"href":"https:\/\/dropshipprint.fr\/guide\/wp-json\/wp\/v2\/types\/page"}],"author":[{"embeddable":true,"href":"https:\/\/dropshipprint.fr\/guide\/wp-json\/wp\/v2\/users\/1"}],"replies":[{"embeddable":true,"href":"https:\/\/dropshipprint.fr\/guide\/wp-json\/wp\/v2\/comments?post=436"}],"version-history":[{"count":14,"href":"https:\/\/dropshipprint.fr\/guide\/wp-json\/wp\/v2\/pages\/436\/revisions"}],"predecessor-version":[{"id":452,"href":"https:\/\/dropshipprint.fr\/guide\/wp-json\/wp\/v2\/pages\/436\/revisions\/452"}],"up":[{"embeddable":true,"href":"https:\/\/dropshipprint.fr\/guide\/wp-json\/wp\/v2\/pages\/424"}],"wp:attachment":[{"href":"https:\/\/dropshipprint.fr\/guide\/wp-json\/wp\/v2\/media?parent=436"}],"curies":[{"name":"wp","href":"https:\/\/api.w.org\/{rel}","templated":true}]}}