{"id":424,"date":"2019-12-16T16:02:39","date_gmt":"2019-12-16T15:02:39","guid":{"rendered":"https:\/\/dropshipprint.fr\/guide\/?page_id=424"},"modified":"2019-12-18T12:05:03","modified_gmt":"2019-12-18T11:05:03","slug":"stanley-stella","status":"publish","type":"page","link":"https:\/\/dropshipprint.fr\/guide\/ressources\/fournisseur-dropshipping-vetement\/grossiste-vetement-textile\/stanley-stella\/","title":{"rendered":"Dropshipprint distribue la marque textile Stanley Stella"},"content":{"rendered":"<h1>Revendeur Grossiste de la marque Stanley Stella<\/h1>\n<p>&nbsp;<\/p>\n<p><a href=\"https:\/\/dropshipprint.fr\/guide\/wp-content\/uploads\/2019\/12\/stanley-stella-logo.png\"><img decoding=\"async\" loading=\"lazy\" class=\"aligncenter size-large wp-image-539\" src=\"https:\/\/dropshipprint.fr\/guide\/wp-content\/uploads\/2019\/12\/stanley-stella-logo-1024x187.png\" alt=\"Alain Milgrom Sol's europe\" width=\"640\" height=\"117\" srcset=\"https:\/\/dropshipprint.fr\/guide\/wp-content\/uploads\/2019\/12\/stanley-stella-logo-1024x187.png 1024w, https:\/\/dropshipprint.fr\/guide\/wp-content\/uploads\/2019\/12\/stanley-stella-logo-300x55.png 300w, https:\/\/dropshipprint.fr\/guide\/wp-content\/uploads\/2019\/12\/stanley-stella-logo-768x141.png 768w, https:\/\/dropshipprint.fr\/guide\/wp-content\/uploads\/2019\/12\/stanley-stella-logo-1536x281.png 1536w, https:\/\/dropshipprint.fr\/guide\/wp-content\/uploads\/2019\/12\/stanley-stella-logo-2048x375.png 2048w\" sizes=\"(max-width: 640px) 100vw, 640px\" \/><\/a><\/p>\n<p>Stanley Stella\u00a0est une marque belge de <a href=\"https:\/\/dropshipprint.fr\/guide\/grossiste-vetement-textile\/\" target=\"_blank\" rel=\"noopener noreferrer\">textile<\/a> sp\u00e9cialis\u00e9e dans la production bio. Cette structure associe les valeurs \u00e9co-responsables et l\u2019industrie du textile. Elle dispose ainsi de plusieurs certifications bios.<\/p>\n<p>Stanley Stella a une vision r\u00e9volutionnaire de la mode. Consciente que les v\u00eatements font partie de notre quotidien, elle investit durablement pour un monde plus \u00e9cologique. D\u00e9couvrez les diff\u00e9rents aspects de cette entreprise hors du commun qui b\u00e9n\u00e9ficie de toute notre confiance.<\/p>\n<p><iframe loading=\"lazy\" src=\"https:\/\/www.youtube.com\/embed\/Wry0Y4d3cOo\" width=\"560\" height=\"315\" frameborder=\"0\" allowfullscreen=\"allowfullscreen\"><\/iframe><\/p>\n<h3><strong>\u00c0 la d\u00e9couverte de la marque Stanley Stella<\/strong><\/h3>\n<p>La marque Stanley Stella a effectu\u00e9 ses d\u00e9buts en\u00a0<em>2012\u00a0<\/em>sous l\u2019impulsion de\u00a0Jean Chabert. Ce d\u00e9fenseur de l\u2019environnement nourrissait l\u2019ambition d\u2019un textile plus \u00e9cologique. D\u00e8s lors, la marque Stanley Stella se sp\u00e9cialisa dans la production de textiles enti\u00e8re bio et respectant la plan\u00e8te.<\/p>\n<p>Rapidement, Stanley Stella\u00a0a f\u00e9d\u00e9r\u00e9 un large public autour de sa cause et de ses valeurs environnementales. Le message v\u00e9hicul\u00e9 par la marque a trouv\u00e9 un \u00e9cho aupr\u00e8s des consommateurs et de ses partenaires dont Dropshipprint.<\/p>\n<p>En\u00a0<em>2018<\/em>, la structure comptait un \u00e9quivalent \u00e0 temps plein de 51 collaborateurs environ. Son chiffre d\u2019affaires \u00e9tait alors de\u00a040 090 973 euros,\u00a0pour un b\u00e9n\u00e9fice net de\u00a01 283 658\u00a0euros. Tout porte \u00e0 croire que Stanley Stella accentuera sa croissance.<\/p>\n<p>Stanley Stella a s\u00e9duit plus de 120 000 vendeurs dans une dizaine de pays. La pr\u00e9sence de cette marque europ\u00e9enne est internationale. Les labels de production de Stanley Stella sont totalement bios. Ces certifications garantissent l\u2019\u00e9thique humaine et environnementale de la soci\u00e9t\u00e9.<\/p>\n<h3><strong>Un rendu de grande qualit\u00e9<\/strong><\/h3>\n<p>Stanley Stella est reconnue pour la\u00a0qualit\u00e9 premium\u00a0de ses articles. Les finitions des produits et le caract\u00e8re personnalisable de ces derniers sont avantageux pour les clients et les partenaires.<\/p>\n<p>Stanley Stella collabore avec des designers textiles pour proposer des produits dans l\u2019\u00e8re du temps, avec des coupes modernes, des finitions travaill\u00e9es et une grande qualit\u00e9 de textile. En effet, pour chaque nouvelle gamme, ces aspects sont minutieusement \u00e9tudi\u00e9s par les \u00e9quipes produites de Stanley Stella.<\/p>\n<p>La qualit\u00e9 des collaborateurs est \u00e9galement \u00e0 souligner. Gr\u00e2ce \u00e0 leur engagement, vous pouvez obtenir un textile de qualit\u00e9 o\u00f9 que vous soyez dans le monde. Que cela soit pour les hommes, femmes ou enfants, le catalogue produits est tr\u00e8s riche.<\/p>\n<p>Le tissu \u00e0 l\u2019origine des t-shirts, sweats et autres produits est en 100 % coton biologique. M\u00eame dans le cas du Polyester, celui-ci est recycl\u00e9 et peut \u00eatre r\u00e9utilis\u00e9.<\/p>\n<p>Chez Stanley, les tee-shirts se distinguent par leur diversit\u00e9. Vous trouverez des\u00a0tee-shirts \u00e0 manches\u00a0courtes ou longues, des sweats mais aussi des d\u00e9bardeurs, robes ou sacs.\u00a0 La gamme de produits propos\u00e9s est r\u00e9ellement vari\u00e9e.<\/p>\n<h3>Les mati\u00e8res premi\u00e8res utilis\u00e9es par Stanley Stella<\/h3>\n<p>Les produits Stanley Stella contiennent plusieurs types de mati\u00e8re premi\u00e8re, toujours s\u00e9lectionn\u00e9 dans le respect de la plan\u00e8te et un engagement bio.<\/p>\n<ul>\n<li>Le coton bio<\/li>\n<li>Le TENCEL\u00ae et le MODAL\u00ae<\/li>\n<li>Le lin<\/li>\n<li>Le polyester recycl\u00e9<\/li>\n<li>Le coton recycl\u00e9<\/li>\n<\/ul>\n<h4>Le coton bio :<\/h4>\n<p>La quasi-totalit\u00e9 des produits de cette marque sont en coton 100 % bio\u00a0! Il s\u2019agit d\u2019une fibre naturelle con\u00e7ue sans OGM. En effet, cette ressource n\u00e9cessite, pour sa production, moins d\u2019eau que le coron g\u00e9n\u00e9ralement utilis\u00e9 dans l\u2019industrie textile. \u00c9galement, la production du coton bio ne n\u00e9cessite pas de produits chimiques, d\u2019engrais ou de pesticides. Enfin, en termes de cultures, la rotation des productions est plus \u00e9lev\u00e9e et les sols sont conserv\u00e9s notamment en termes de fertilit\u00e9 et d\u2019humidit\u00e9.<\/p>\n<p>Les d\u00e9chets g\u00e9n\u00e9r\u00e9s lors de la production du coton 100 % bio peuvent \u00eatre plus facilement r\u00e9utilis\u00e9s et recycl\u00e9s, notamment dans l\u2019industrie alimentaire animale.<\/p>\n<h4>Le COTON RECYCL\u00c9<\/h4>\n<p>La fabrication des textiles 100 % bio Stanley Stella g\u00e9n\u00e8re des r\u00e9sidus de coupe. Les \u00e9quipes de Stanley Stella ont collabor\u00e9s avec un partenaire pour mettre en place un processus de collecte et de recyclage de ces d\u00e9chets. Ainsi, apr\u00e8s recyclage, ces derniers deviennent de nouveaux fils de coton, notamment r\u00e9utilis\u00e9s lors de la conception des Tote-bags de la marque.<\/p>\n<h4>LE TENCEL\u00ae ET LE MODAL\u00ae<\/h4>\n<p>Il s\u2019agit de deux mat\u00e9riaux innovants et biod\u00e9gradables, con\u00e7us sur la base pulpe d\u2019eucalyptus ou d\u2019h\u00eatre. Ces derniers proviennent du tr\u00e8s c\u00e9l\u00e8bre fabriquant de fibres autrichien nomm\u00e9 \u00ab\u00a0Lenzing\u00a0\u00bb. ce dernier est certifi\u00e9 EU Ecolabel, ce qui d\u00e9montre son engagement environnemental.<\/p>\n<p>Il faut savoir que la culture de l\u2019eucalyptus n\u00e9cessite encore une fois, peu d\u2019eau et s\u2019int\u00e8gre enti\u00e8rement dans un processus de d\u00e9veloppement durable et d\u2019engagement pour la plan\u00e8te. Le Tencel\u00ae\u00a0 a \u00e9t\u00e9 labelis\u00e9 \u201cEuropean Award for the Environment\u201d en raison de ses faibles \u00e9missions.<\/p>\n<h4>LE LIN<\/h4>\n<p>En termes d\u2019\u00e9cologie et de d\u00e9veloppement durable, il n\u2019y a pas mieux que lin, dans l\u2019industrie textile\u00a0: pas besoin de produits chimiques lors de sa culture, consomme tr\u00e8s peu d\u2019eau, absorbe un taux de Carbonne tr\u00e8s \u00e9lev\u00e9.<\/p>\n<h4>LE POLYESTER RECYCL\u00c9<\/h4>\n<p>Le Polyester recycl\u00e9 est utilis\u00e9 dans plusieurs produits Stanley Stella comme les vestes coupe-vent et les sweats. Pour \u00e9viter que votre peau soit en contact direct avec le polyester, celui-ci est positionn\u00e9 entre deux couches de coton 100 % bio.<\/p>\n<h3>D\u00e9veloppement durable, travail des enfants et \u00e9thique<\/h3>\n<p>Stanley Stella collabore avec seulement 5 usines. Cette proximit\u00e9 assure une confiance et une collaboration structur\u00e9es entre la marque et ses partenaires. La production est r\u00e9alis\u00e9e \u00e0 95 % au Bangladesh et cela est enti\u00e8rement assum\u00e9 par la marque et ses dirigeants.<\/p>\n<p>L\u2019Asie est au centre de l\u2019industrie du textile mais Stanley Stella met tout en \u0153uvre pour respecter les \u00eatres humains et la plan\u00e8te. C\u2019est pourquoi, Stanley Stella respecte le droit de ses salari\u00e9s, investit dans des \u00e9quipements et la s\u00e9curit\u00e9, et s\u2019engage dans des plans de formations. Les \u00e9quipe Fran\u00e7aise collaborent \u00e9troitement avec les 19 Bangladais et Bangladaises sur les sites de Dakha pour s\u2019assurer du respect de leurs engagements.<\/p>\n<h3><strong>Les labels de la marque Stanley Stella<\/strong><\/h3>\n<p>La production des textiles de Stanley Stella jouit de nombreuses certifications. La structure compte 7 labels qui nous vous pr\u00e9sentons ci-dessous\u00a0:<\/p>\n<ul>\n<li>\n<h4><strong>Le label Oeko-Tex<\/strong><\/h4>\n<\/li>\n<\/ul>\n<p>Il r\u00e9compense la politique bio de Stanley Stella. Les tissus ne pr\u00e9sentent aucun composant toxique pour l\u2019\u00eatre humain ou pour la nature.<\/p>\n<ul>\n<li>\n<h4><strong>Le label GOTS<\/strong><\/h4>\n<\/li>\n<\/ul>\n<p>Il concerne le processus de transformation dans les usines. Les \u00e9tapes de la transformation sont donc conformes aux normes environnementales.<\/p>\n<ul>\n<li>\n<h4><strong>Le label OCS Blended<\/strong><\/h4>\n<\/li>\n<\/ul>\n<p>Ce label<strong>\u00a0<\/strong>confirme la pr\u00e9sence de substances biologiques dans les produits de l\u2019entreprise. \u00c0 titre illustratif, 5 % de ressources biologiques sont int\u00e9gr\u00e9es \u00e0 un\u00a0sweat pour homme.<\/p>\n<ul>\n<li>\n<h4><strong>Le label OCS 100<\/strong><\/h4>\n<\/li>\n<\/ul>\n<p>Ce dernier concerne aussi les ressources biologiques utilis\u00e9es. Cependant, cette certification vient r\u00e9compenser un taux d\u2019utilisation sup\u00e9rieur \u00e0 95 %.<\/p>\n<ul>\n<li>\n<h4><strong>Le label GRS<\/strong><\/h4>\n<\/li>\n<\/ul>\n<p>Il concerne principalement le recyclage des produits. Cette certification est d\u00e9livr\u00e9e pour un taux de\u00a0recyclage\u00a0sup\u00e9rieur \u00e0 50 %. Elle r\u00e9compense \u00e9galement l\u2019utilisation efficiente des ressources \u00e9nerg\u00e9tiques.<\/p>\n<ul>\n<li>\n<h4><strong>La fair wear foundation<\/strong><\/h4>\n<\/li>\n<\/ul>\n<p>Stanley Stella fait partie int\u00e9grante de<strong>\u00a0<\/strong>la\u00a0<a href=\"https:\/\/dropshipprint.fr\/guide\/labels-certification-bio\/fair-wear-foundation\/\" target=\"_blank\" rel=\"noopener noreferrer\">fair wear foundation<\/a>. \u00c0 ce titre, elle contribue \u00e0 am\u00e9liorer le cadre de travail au sein des unit\u00e9s de production.<\/p>\n<ul>\n<li>\n<h4><strong>La certification Vegan<\/strong><\/h4>\n<\/li>\n<\/ul>\n<p>Le <a href=\"https:\/\/dropshipprint.fr\/guide\/labels-certification-bio\/vegan-peta\/\" target=\"_blank\" rel=\"noopener noreferrer\">label PETA<\/a> 100 % vegan,\u00a0 confirme l\u2019absence de composants d\u2019origine animale dans la confection des articles. De m\u00eame, aucun test ou maltraitance d\u2019animaux n\u2019est \u00e0 signaler.<\/p>\n<h3>Dropshipprint est revendeur de la marque Stanley Stella<\/h3>\n<p>Nombreux de nos clients s\u2019orientent vers la marque Stanley Stella. En effet, l\u2019aspect \u00e9cologique et respect de la plan\u00e8te est de plus en plus pr\u00e9sent dans l\u2019industrie du textile. De ce fait, Dropshipprint vous proposer la majorit\u00e9 des produits Stanley Stella. Ces derniers peuvent \u00eatre command\u00e9 \u00e0 l\u2019unit\u00e9 ou en volume. Pour des commandes de gros volumes, nous pouvons vous \u00e9tablir un devis, sur simple demande.<\/p>\n<h3>Les produits Stanley Stella sont disponibles en Dropshipping \/ Print On Demand<\/h3>\n<p>Dropshipprint vous propose <a href=\"https:\/\/dropshipprint.fr\/guide\/grossiste-vetement-textile\/stanley-stella\/dropshipping\/\" target=\"_blank\" rel=\"noopener noreferrer\">l\u2019impression sur demande et la livraison des produits Stanley Stella<\/a>. Une nouvelle fois, Stanley Stella a innov\u00e9 dans ce secteur en proposant une \u00e9tiquette \u00ab\u00a0tear-away\u00a0\u00bb. Il s\u2019agit d\u2019une \u00e9tiquette qui peut \u00eatre d\u00e9coup\u00e9, sans abimer le textile. Ainsi, les cr\u00e9ateurs de marques de v\u00eatements et objets peuvent proposer la gamme Stanley Stella en toutes transparence. Les informations l\u00e9gales et obligatoires apparaissent sur une \u00e9tiquette compl\u00e9mentaire.<\/p>\n<h3>Stanley Stella, personnalisation des supports suivants :<\/h3>\n<p>&nbsp;<\/p>\n<h3>Les autres marques de textiles :<\/h3>\n<ul>\n<li><a href=\"https:\/\/dropshipprint.fr\/guide\/grossiste-vetement-textile\/sols\/\" target=\"_blank\" rel=\"noopener noreferrer\">Sol&rsquo;s<\/a><\/li>\n<\/ul>\n","protected":false},"excerpt":{"rendered":"<p>Revendeur Grossiste de la marque Stanley Stella &nbsp; Stanley Stella\u00a0est une marque belge de textile&#8230;<\/p>\n","protected":false},"author":1,"featured_media":0,"parent":422,"menu_order":0,"comment_status":"closed","ping_status":"closed","template":"","meta":{"footnotes":""},"aioseo_notices":[],"_links":{"self":[{"href":"https:\/\/dropshipprint.fr\/guide\/wp-json\/wp\/v2\/pages\/424"}],"collection":[{"href":"https:\/\/dropshipprint.fr\/guide\/wp-json\/wp\/v2\/pages"}],"about":[{"href":"https:\/\/dropshipprint.fr\/guide\/wp-json\/wp\/v2\/types\/page"}],"author":[{"embeddable":true,"href":"https:\/\/dropshipprint.fr\/guide\/wp-json\/wp\/v2\/users\/1"}],"replies":[{"embeddable":true,"href":"https:\/\/dropshipprint.fr\/guide\/wp-json\/wp\/v2\/comments?post=424"}],"version-history":[{"count":18,"href":"https:\/\/dropshipprint.fr\/guide\/wp-json\/wp\/v2\/pages\/424\/revisions"}],"predecessor-version":[{"id":702,"href":"https:\/\/dropshipprint.fr\/guide\/wp-json\/wp\/v2\/pages\/424\/revisions\/702"}],"up":[{"embeddable":true,"href":"https:\/\/dropshipprint.fr\/guide\/wp-json\/wp\/v2\/pages\/422"}],"wp:attachment":[{"href":"https:\/\/dropshipprint.fr\/guide\/wp-json\/wp\/v2\/media?parent=424"}],"curies":[{"name":"wp","href":"https:\/\/api.w.org\/{rel}","templated":true}]}}