{"id":422,"date":"2019-12-16T15:59:47","date_gmt":"2019-12-16T14:59:47","guid":{"rendered":"https:\/\/dropshipprint.fr\/guide\/?page_id=422"},"modified":"2022-06-13T16:35:51","modified_gmt":"2022-06-13T14:35:51","slug":"grossiste-vetement-textile","status":"publish","type":"page","link":"https:\/\/dropshipprint.fr\/guide\/ressources\/fournisseur-dropshipping-vetement\/grossiste-vetement-textile\/","title":{"rendered":"Grossiste de v\u00eatement et textile"},"content":{"rendered":"<h1>Comment trouver un fournisseur de textile ?<\/h1>\n<h2>D\u00e9couvrez les conseils de nos experts pour le lancement de votre marque.<\/h2>\n<p>Vous <strong><a title=\"lancer marque t-shirt\" href=\"https:\/\/dropshipprint.fr\/guide\/creer-marque-t-shirt\/\">lancez votre marque de v\u00eatements<\/a><\/strong> et vous recherchez un fournisseur ? Ce n&rsquo;est pas forc\u00e9ment la meilleure alternative en termes de sourcing produit.<\/p>\n<h3>Pourquoi choisir un fournisseur textile\u00a0est un choix risqu\u00e9\u00a0?<\/h3>\n<p>Avant de vous lancer dans la cr\u00e9ation d&rsquo;une marque de v\u00eatements, vous devez comprendre les enjeux et les diff\u00e9rents acteurs que comprend l&rsquo;\u00e9laboration d&rsquo;un tel\u00a0projet. Vous pouvez faire appel \u00e0 un fabricant textile comme Stanley Stella et Sol&rsquo;s ou \u00e0 un grossiste, mais vous vous rendrez vite compte qu&rsquo;une autre alternative se pr\u00e9sente\u00a0\u00e0 vous.<\/p>\n<h4>Qu&rsquo;est-ce qu&rsquo;un\u00a0fabricant textile ?<\/h4>\n<p>Avoir recours \u00e0 un fabricant textile implique que vous\u00a0cr\u00e9ez\u00a0un compte client pour pouvoir passer commande et un minimum de volume de commande est demand\u00e9.\u00a0Vous devrez\u00a0toucher \u00e0 votre tr\u00e9sorerie et si votre\u00a0budget est restreint, vous serez confront\u00e9 \u00e0 l&rsquo;impossibilit\u00e9 de d\u00e9velopper vos ventes et scaler votre business.<\/p>\n<h4>Qu&rsquo;est-ce qu&rsquo;un grossiste ?<\/h4>\n<p>Ce dernier stocke et\u00a0revend en petit volume. Bien qu&rsquo;il s&rsquo;agisse de petits volumes, pour rendre votre business rentable, vous serez amen\u00e9 \u00e0 acheter en volume et non pas \u00e0 l&rsquo;unit\u00e9.\u00a0De plus, il\u00a0ne s&rsquo;occupera pas d&rsquo;imprimer\u00a0les visuels pour vous. Vous devrez vous-m\u00eame rechercher un imprimeur ou devenir\u00a0un as de l&rsquo;imprimerie textile.<\/p>\n<p>Lorsque vous travaillez avec un fabricant\u00a0textile ou un grossiste,\u00a0avoir des connaissances dans le domaine de l&rsquo;imprimerie est primordial.\u00a0Vous serez charg\u00e9 de :<\/p>\n<ul>\n<li>S\u00e9lectionner et acheter les articles chez un commer\u00e7ant de gros. Passer par une marque pour d\u00e9buter, tant les prix sont \u00e9lev\u00e9s, est rare.<\/li>\n<li>Proc\u00e9der \u00e0 l&rsquo;impression des visuels vous-m\u00eame ou payer un imprimeur pour s&rsquo;en occuper.<\/li>\n<li>Acheter des imprimantes pour t-shirt, le consommable tel que les encres, les accessoires de s\u00e9chage, les produits de fixation, etc&#8230;<\/li>\n<li>Entretenir et maintenir le parc machine en \u00e9tat.<\/li>\n<li>Passer commande en pr\u00e9voyant les quantit\u00e9s\u00a0n\u00e9cessaires.<\/li>\n<\/ul>\n<p>Bien que vous ayez cibl\u00e9 les potentiels prospects pr\u00eats \u00e0 acheter vos produits, ces estimations sont incertaines. Vous serez contraint de s\u00e9lectionner un maximum de supports, en diff\u00e9rents coloris et tailles, propos\u00e9s par le grossiste ou le fabricant, pour vous assurez d&rsquo;avoir un nombre de mod\u00e8les convenable.<\/p>\n<p>Le probl\u00e8me le plus r\u00e9current, apr\u00e8s l&rsquo;acquisition de votre stock, est qu\u2019il s\u2019\u00e9coule. Lors du <strong><a title=\"guide d\u00e9butant\" href=\"https:\/\/dropshipprint.fr\/guide\/debuter-print-on-demand\/\">lancement de votre marque textile<\/a>, <\/strong>certains visuels ou graphismes peuvent ne pas susciter l\u2019attention du client ou ne pas faire autant de vente qu&rsquo;esp\u00e9rer.<\/p>\n<p>Pour vous guider dans la r\u00e9alisation de votre projet, au lieu d\u2019ouvrir votre propre usine d\u2019impression et rechercher un fournisseur de textile, nous\u00a0vous\u00a0conseillons, pourquoi pas,\u00a0de commencer par le Print On Demand.<\/p>\n<h3>Qu\u2019est-ce que le Print On Demand ?<\/h3>\n<p>Le <strong><a title=\"Print on demand\" href=\"https:\/\/dropshipprint.fr\/guide\/\">Print On Demand<\/a><\/strong> est un processus de vente de v\u00eatements personnalisables qui regroupe toutes les activit\u00e9s de la cha\u00eene logistique telles que la fabrication textile, la conception en usines ainsi que la distribution.<\/p>\n<p>Vous n&rsquo;aurez qu&rsquo;\u00e0 cr\u00e9er votre boutique en ligne, peaufiner votre vitrine et importer vos dessins cr\u00e9atifs. L\u2019enregistrement des commandes, l\u2019impression et l\u2019envoi aux acheteurs se feront automatiquement de quoi vous faciliter le travail.<\/p>\n<p>Gardez \u00e0 l\u2019esprit que\u00a0le Print On Demand n\u2019est pas une voie directe vers le succ\u00e8s. La concurrence est rude ces derni\u00e8res ann\u00e9es et la meilleure fa\u00e7on de se d\u00e9marquer est de proposer un design innovant ciblant une niche bien pr\u00e9cise.<\/p>\n<h3>L&rsquo;impression \u00e0 la demande s&rsquo;adresse \u00e0\u00a0qui ?<\/h3>\n<p>Le POD est accessible \u00e0 tous ceux qui d\u00e9sirent lancer leur projet de marque sans pour autant avoir de fond financier ou des connaissances dans le secteur de l\u2019imprimerie.<\/p>\n<p>Le Print On Demand est la solution id\u00e9ale pour un jeune cr\u00e9ateur, un <strong><a title=\"cr\u00e9er marque par un influenceur\" href=\"https:\/\/dropshipprint.fr\/guide\/creer-marque-t-shirt\/influenceurs\/\">influenceur<\/a><\/strong>, un auto-entrepreneur, une entreprise ou encore un particulier qui d\u00e9butent.<\/p>\n<h3>Quels avantages pr\u00e9sente\u00a0le\u00a0Print On Demand ?<\/h3>\n<p>L&rsquo;impression \u00e0 la demande ou POD\u00a0est un march\u00e9 de plus en plus pris\u00e9\u00a0en France en 2022. Sa popularit\u00e9 est due\u00a0aux nombreux atouts qu&rsquo;il pr\u00e9sente. En\u00a0voici quelques-uns :<\/p>\n<ul>\n<li>Faibles co\u00fbts de\u00a0production et de distribution. Acheter des appareils d\u2019impression, payer un loyer pour un\u00a0entrep\u00f4t\u00a0de stockage ou encore pr\u00e9voir les\u00a0emballages\u00a0pour conditionner les articles ne seront plus qu\u2019un mauvais souvenir.<\/li>\n<li>Gain\u00a0de temps. Vous n&rsquo;aurez plus \u00e0 vous soucier de la partie\u00a0technique et de l&rsquo;entretien des machines. Vous pourrez consacrer plus de temps \u00e0 la cr\u00e9ation de votre ligne de mode et de vos graphismes.<\/li>\n<li>Investissement financier initial\u00a0r\u00e9duit. Vos\u00a0clients\u00a0payent \u00e0 la commande. Vous n&rsquo;aurez plus \u00e0 avancer\u00a0de tr\u00e9sorerie.<\/li>\n<li>\u00c9limination\u00a0des soucis de\u00a0surplus de stocks. La conception d&rsquo;un\u00a0produit\u00a0se fait uniquement en fonction des commandes pass\u00e9es en ligne.<\/li>\n<li>Opportunit\u00e9 de tester la ou les niches choisies\u00a0sans pour autant\u00a0supporter les cons\u00e9quences en cas d&rsquo;\u00e9chec.<\/li>\n<li>Large liste\u00a0de marques qui vous fourniront une vari\u00e9t\u00e9 de mod\u00e8les.<\/li>\n<\/ul>\n<h3>Quels inconv\u00e9nients d\u00e9coulent du Print On Demand ?<\/h3>\n<p>Bien que le POD soit\u00a0un v\u00e9ritable tremplin vers le succ\u00e8s, il pr\u00e9sente n\u00e9anmoins certains inconv\u00e9nients :<\/p>\n<ul>\n<li>D\u00e9pendance vis-\u00e0-vis des\u00a0entreprises textile. Les fournisseurs de v\u00eatements ont le contr\u00f4le sur la totalit\u00e9 de la cha\u00eene logistique.\u00a0Vous ne serez pas en mesure de g\u00e9rer et\/ou r\u00e9duire les\u00a0probl\u00e8mes \u00e9manant des\u00a0processus de production et\u00a0d&rsquo;exp\u00e9dition.<\/li>\n<li>Attirer votre propre trafic. \u00catre actif sur les r\u00e9seaux sociaux comme Facebook, Instagram, Youtube et autres, vous permettra d&rsquo;augmenter votre notori\u00e9t\u00e9 ainsi que la\u00a0visibilit\u00e9 de votre marque.<\/li>\n<li>V\u00e9rifier la qualit\u00e9 d&rsquo;impression r\u00e9alis\u00e9e et livr\u00e9e \u00e0 votre client\u00e8le. N&rsquo;\u00e9tant pas pr\u00e9sent physiquement dans les usines de production, vous ne pourrez pas contr\u00f4ler l&rsquo;aspect qualitatif et les conditions d&rsquo;envoi de vos v\u00eatements.<\/li>\n<li>G\u00e9rer votre SAV (service apr\u00e8s-vente). Vous devrez\u00a0toujours \u00eatre \u00e0 l&rsquo;\u00e9coute de vos clients bien que cela soit plus dans votre int\u00e9r\u00eat.<\/li>\n<\/ul>\n<h3>Quelles sont les marques les plus performantes en POD ?<\/h3>\n<p>Bien que les marques de v\u00eatements personnalisables soient de plus en plus nombreuses, pour \u00e9viter de trop vous dissiper,\u00a0nous vous\u00a0avons s\u00e9lectionn\u00e9\u00a0les 4 plus comp\u00e9titives du march\u00e9\u00a0: Stanley Stella, Sol\u2019s,\u00a0Kariban et Gildan.<\/p>\n<h4>Stanley Stella<\/h4>\n<p><strong><a title=\"Stanley Stella\" href=\"https:\/\/dropshipprint.fr\/guide\/ressources\/fournisseur-dropshipping-vetement\/grossiste-vetement-textile\/stanley-stella\/\">Stanley Stella<\/a><\/strong>, qui a d\u00e9but\u00e9 son activit\u00e9 en 2012,\u00a0a des boutiques dans plusieurs\u00a0pays\u00a0d&rsquo;Europe et \u00e0 Bordeaux en France.<\/p>\n<p>Stanley Stella propose des collections de v\u00eatements en coton \u00e0 vocation \u00e9thique et plus responsable de son environnement.<\/p>\n<p>L\u2019objectif central de Stanley Stella est de contrebalancer l\u2019image qu\u2019a le public des usines textiles et plus g\u00e9n\u00e9ralement de l\u2019industrie textile en pr\u00eatant une\u00a0d\u00e9licate attention\u00a0\u00e0 la qualit\u00e9 de ses produits, respectant scrupuleusement la\u00a0r\u00e9glementation.<\/p>\n<h4>Sol\u2019s<\/h4>\n<p>Une marque qui a fait ses preuves sur le march\u00e9 du Print On Demand,\u00a0aujourd&rsquo;hui leader europ\u00e9en dans le domaine et que vous ne pouvez pas manquer lors de vos recherches, est la marque Sol\u2019s. Sol&rsquo;s a \u00e9t\u00e9\u00a0d\u00e9velopp\u00e9e en 1991 et se localise actuellement dans le centre de Paris. Sol\u2019s propose des t-shirts, des sweat-shirts et d&rsquo;autres supports textiles\u00a0dans l\u2019optique de rassembler les personnes qui partagent les m\u00eames valeurs. Cette marque offre une occasion \u00e0 ses acheteurs de dynamiser leurs projets sociaux et encourage l\u2019esprit d\u2019\u00e9quipe.<\/p>\n<h4>Kariban<\/h4>\n<p>Kariban est\u00a0une marque qui met \u00e0 disposition des v\u00eatements avec une large surface d\u2019impression et un panel de couleurs et de tailles incomparables aux autres. Cr\u00e9\u00e9e en 1996, Kariban se d\u00e9marque gr\u00e2ce \u00e0 sa fa\u00e7on visionnaire de voir le secteur du textile publicitaire. Marque attach\u00e9e au respect de la nature et visant la simplicit\u00e9, elle a su capter\u00a0l\u2019attention de nombreux internautes.<\/p>\n<h4>Gildan<\/h4>\n<p>Enfin, Gildan, nomm\u00e9\u00a0en 1984, est un fabricant verticalement int\u00e9gr\u00e9. Gildan manufacture ses mati\u00e8res\u00a0textiles de A \u00e0 Z en respectant les ressources humaines et naturelles. Cette marque a\u00a0pour conviction de contr\u00f4ler chaque maillon de la production en \u00e9tant l&rsquo;heureux propri\u00e9taire de ses industries. Gildan propose, entre autres, des habits de sport, des chaussettes, des bas de nylon et des bas de collants.<\/p>\n<h3>Quels supports textiles que proposent ces marques ?<\/h3>\n<p>Parmi les entreprises de textile mentionn\u00e9es pr\u00e9c\u00e9demment, vous serez en mesure de trouver votre bonheur.<\/p>\n<p>N&rsquo;ayant plus \u00e0 composer de stock par vous-m\u00eame, avec un seul visuel, vous pouvez facilement cr\u00e9er et mettre en vente 6 \u00e0 8 produits diff\u00e9rents.<\/p>\n<p>Notre plateforme Dropshipprint offre un choix \u00e9tendu de supports vierges \u00e0 personnaliser comme des t-shirts, des sweat-shirts mais \u00e9galement des accessoires de mode, des objets de tous les jours, etc&#8230; pr\u00e9sent\u00e9s ci-dessous.<\/p>\n<h4>T-shirt<\/h4>\n<p>Le t-shirt est un support textile polyvalent qui g\u00e9n\u00e8re 95 % des ventes. Peu importe la saison, le t-shirt est pr\u00e9sent dans toutes les garde-robes. Il convient \u00e0 tous les \u00e2ges. Dropshipprint propose une multitude de coupes, de tailles et de couleurs.<\/p>\n<p>Des t-shirts \u00e0 col rond, col V, \u00e0 manches courtes ou \u00e0 manches longues, pour femme, homme et enfant sont disponibles. Le coton, pour la plupart de nos t-shirts pr\u00eat \u00e0 l&rsquo;impression, reste la principale mati\u00e8re de confection. Le coton r\u00e9siste \u00e0 la chaleur et est g\u00e9n\u00e9ralement appr\u00e9ci\u00e9 des consommateurs.<\/p>\n<h4>Sweat-shirt<\/h4>\n<p>Le sweat-shirt, aim\u00e9 de tous, vous permettra d&rsquo;augmenter vos ventes en p\u00e9riode de mi-saison et d&rsquo;hiver. Vous pourrez imprimer de larges visuels d\u00fb \u00e0 une consid\u00e9rable surface d&rsquo;impression. Comme pour le t-shirt, nos fabricants textiles mettent \u00e0 votre disposition diverses couleurs telles que le blanc, le noir, le bleu marine et bien d&rsquo;autres.<\/p>\n<p>Notre conseil, pour d\u00e9buter en Print On Demand, est de commencer par les couleurs qui font le plus d&rsquo;int\u00e9resser comme le noir et le blanc. Selon la demande, vous pourrez s\u00e9lectionner des sweat-shirts \u00e0 capuche ou sans capuche, zipp\u00e9 ou non.<\/p>\n<h4>Mug<\/h4>\n<p>Vous pouvez aussi songer au mug personnalisable. Le mug, comme le t-shirt, est un v\u00e9ritable best-seller. Offrir un mug en cadeau est une excellente id\u00e9e. Les mugs sont quotidiennement utilis\u00e9s pour boire son caf\u00e9 le matin, son th\u00e9 pendant la journ\u00e9e ou encore son chocolat chaud pr\u00e8s du feu en hiver.<\/p>\n<p>Proposez un mug original qui parle \u00e0 vos futurs acheteurs peut booster vos ventes et \u00e9tendre votre champ d&rsquo;attaque. Tout le monde \u00e0 un mug \u00e0 la maison, tentez votre chance.<\/p>\n<h4>Tote bag<\/h4>\n<p>En plus de faire\u00a0imprimer\u00a0vos visuels sur des t-shirts ou des sweat-shirts, pensez au tote bag. Ce sac fourre-tout s&rsquo;av\u00e8re \u00eatre un article simple \u00e0\u00a0l&rsquo;imprimer. La surface d&rsquo;impression\u00a0\u00e9tant plane, adapter et placer le visuel n&rsquo;est plus qu&rsquo;un jeu\u00a0d&rsquo;enfant. Tr\u00e8s \u00e0 la mode depuis quelques ann\u00e9es, le tote bag \u00e0 su trouver sa place en Print On Demand.<\/p>\n<h4>Tablier<\/h4>\n<p>Vous pouvez aussi \u00e9largir votre collection avec les tabliers \u00e0 personnaliser. Le tablier unisexe s\u00e9duira ceux qui d\u00e9sirent cuisiner en toute s\u00e9r\u00e9nit\u00e9 tout en prot\u00e9geant leurs\u00a0plus belles tenues. Qui ne souhaite pas\u00a0cuisiner avec style ?\u00a0Imprimer une phrase \u00e0 th\u00e8me ou un visuel charmeur rendra les t\u00e2ches et les moments du quotidien li\u00e9s \u00e0 la cuisine plus m\u00e9morables et conviviaux.<\/p>\n<h4>Polo\u00a0(broderie)<\/h4>\n<p>Le polo est la pi\u00e8ce de v\u00eatement la plus affectionn\u00e9e par les entreprises. Son aspect d&rsquo;uniformit\u00e9 et de confort gagnera le c\u0153ur des professionnels. En effet, entre une \u00e9l\u00e9gance \u00e0 toute \u00e9preuve et un look sportif d\u00e9contract\u00e9, le polo se pr\u00eate \u00e0 toutes les occasions de la vie quotidienne et professionnelle.<\/p>\n<p>Nous vous recommandons de broder des logos sur ces polos afin que ceux \u00e0 la recherche de polo tendance \u00e0 l&rsquo;image de leur business y trouvent leur compte.<\/p>\n<h4>Casquette\u00a0(broderie)<\/h4>\n<p>La casquette est un accessoire de mode qui donne\u00a0une touche de style \u00e0 vos looks. Ind\u00e9modable au fil des ann\u00e9es, la casquette,\u00a0joint l&rsquo;utile \u00e0 l&rsquo;agr\u00e9able. Ce couvre-chef vous prot\u00e9gera\u00a0des \u00e9l\u00e9ments ext\u00e9rieurs, comme le soleil, et finalisera votre tenue pour un style plus casual.<\/p>\n<p>Peu importe pour lequel vous craquez, si vous d\u00e9cidez d&rsquo;acheter\u00a0chez\u00a0Stanley Stella, Sol\u2019s,\u00a0Kariban ou encore Gildan, vous ne serez pas d\u00e9\u00e7u. Ces entreprises privil\u00e9gient la fabrication par des entreprises fran\u00e7aises ce qui fluidifie toutes les actions.<\/p>\n<h3>Comment choisir entre plusieurs\u00a0fournisseurs\u00a0textiles ?<\/h3>\n<p>La s\u00e9lection se fait en 2 \u00e9tapes : choisir l&rsquo;imprimeur et choisir la marque de textile qui vous fournira des supports pr\u00eats \u00e0 l&rsquo;impression.<\/p>\n<h4>Comment choisir son imprimeur en Print On Demand ?<\/h4>\n<p>Le choix d&rsquo;un bon imprimeur requiert plusieurs crit\u00e8res. Voici notre liste de\u00a0crit\u00e8res incontournables\u00a0lors du choix de votre\u00a0imprimeur :<\/p>\n<ul>\n<li>La vari\u00e9t\u00e9 des gammes de produits propos\u00e9e et le nombre de supports mis \u00e0 votre disposition. Dropshipprint propose un large catalogue de produits.<\/li>\n<li>La surface de personnalisation disponible. L&rsquo;espace consacr\u00e9 \u00e0 l&rsquo;impression est important lorsque vous pr\u00e9voyez de visuels imposants. Depuis chaque fiche produit de notre catalogue, nous indiquons les zones de marquage.<\/li>\n<li>Les marques disponibles. Plusieurs sont rattach\u00e9es \u00e0 notre plateforme Dropshipprint et vous offre donc une collection plus ample. Nous travaillons avec les plus s\u00e9rieuses et qualitatives du march\u00e9.<\/li>\n<li>La localisation des usines de confection. Situ\u00e9es, proches de vos consommateurs, ces usines fran\u00e7aises limiteront le prix des frais de port. Notre imprimerie est localis\u00e9e \u00e0 Orl\u00e9ans, au centre de la France.<\/li>\n<li>La rapidit\u00e9 et la qualit\u00e9 d&rsquo;impression. \u00c9tant un professionnel, l&rsquo;imprimeur s&rsquo;assure du rythme et de l&rsquo;aspect qualitatif de la production. En moyenne, nous imprimons en 48H ouvr\u00e9es, pour les commandes classiques de Print On Demand.<\/li>\n<li>Les conditions d&rsquo;exp\u00e9dition. Il devra garantir le conditionnement des colis pour une livraison des plus s\u00e9curis\u00e9es.<\/li>\n<li>Les d\u00e9lais de livraison. Plus le temps entre la commande et la r\u00e9ception du colis est court, plus les op\u00e9rations seront fluides.<\/li>\n<li>Le service apr\u00e8s-vente (SAV). Il est toujours bien de savoir comment sont g\u00e9r\u00e9s les retours. Chez Dropshipprint, nous r\u00e9-imprimons tous les v\u00eatements ayant un souci d&rsquo;impression.<\/li>\n<li>Le retour client. Lisez les avis laiss\u00e9s par les clients. Ces avis refl\u00e8tent le s\u00e9rieux et le travail de l&rsquo;imprimeur. Notre taux de satisfaction est de 99 %.<\/li>\n<\/ul>\n<p>Une fois\u00a0l&rsquo;imprimeur choisi, orientez-vous\u00a0vers un fournisseur, c&rsquo;est-\u00e0-dire une marque de textile. En fonction de votre projet, les experts de Dropshipprint peuvent vous conseiller.<\/p>\n<h4>Pourquoi une marque et pas une autre ?<\/h4>\n<p>Choisir entre plusieurs fabricants peut sembler\u00a0\u00eatre anodin et bien que vous n&rsquo;\u00eates pas oblig\u00e9 de n&rsquo;en choisir qu&rsquo;un,\u00a0bien conna\u00eetre qui vous fournit vous \u00e9vitera les mauvaises\u00a0surprises.<\/p>\n<ul>\n<li>Les engagements environnementaux. Les probl\u00e8mes li\u00e9s au r\u00e9chauffement climatique sont \u00e0 prendre en consid\u00e9ration. Il est important de travailler\u00a0avec des fabricants consciencieux\u00a0de l&rsquo;\u00e9cosyst\u00e8me.<\/li>\n<li>Les valeurs v\u00e9hicul\u00e9es par la marque. Une bonne image v\u00e9hicul\u00e9e renverra une valeur per\u00e7ue plus importante\u00a0de vos produits.<\/li>\n<li>Le s\u00e9rieux et le niveau de r\u00e9gularit\u00e9. Le respect des normes et r\u00e9glementations en vigueur est indispensable.<\/li>\n<li>Les certificats et labels. Ils\u00a0authentifient\u00a0la performance des fibres et tissus. Le code \u00e9thique doit \u00eatre valoris\u00e9\u00a0lors de votre choix. Dropshipprint imprime avec des encres bio et respectueuses de l&rsquo;environnement.<\/li>\n<li>La qualit\u00e9 des supports propos\u00e9e. L&rsquo;utilisation de tissus et mati\u00e8res bio retiendra l&rsquo;int\u00e9r\u00eat des e-commer\u00e7ants.<\/li>\n<li>Nouveaut\u00e9s de gamme. Les collections changent avec le temps ce qui vous ouvre les portes de divers secteurs d&rsquo;action. Nous mettons r\u00e9guli\u00e8rement \u00e0 jour notre catalogue de produits.<\/li>\n<li>Les supports polyvalents. C&rsquo;est-\u00e0-dire les mod\u00e8les qui sont toujours au go\u00fbt du jour et qui sont des valeurs s\u00fbres.<\/li>\n<\/ul>\n<h3>Quel\u00a0type\u00a0d\u2019impression choisir pour d\u00e9buter en Print On Demand ?<\/h3>\n<p>Le design que vous d\u00e9ciderez de faire imprimer sera votre crit\u00e8re de s\u00e9lection pour le type d\u2019impression \u00e0 choisir. Pour le Print On Demand, plusieurs fa\u00e7ons d\u2019imprimer ou de marquer sont disponibles. En voici deux exemples :<\/p>\n<h4>L&rsquo;impression num\u00e9rique<\/h4>\n<p>Vous voulez que vos designs les plus imposants et couvrants une large surface de textile r\u00e9sistent \u00e0 l\u2019effet du temps, nous vous recommandons d\u2019utiliser l\u2019impression num\u00e9rique. Cette technique d\u2019impression est l\u2019une des plus rapides \u00e0 r\u00e9aliser et permet les d\u00e9grad\u00e9s de couleurs ainsi que le souci du d\u00e9tail.<\/p>\n<h4>La broderie<\/h4>\n<p>Pour des r\u00e9alisations plus d\u00e9licates\u00a0et\u00a0n\u00e9cessitant une r\u00e9sistance plus importante, le type d\u2019impression recommand\u00e9 reste\u00a0la broderie. La fa\u00e7on dont le piquage du tissu est effectu\u00e9 rend le r\u00e9sultat\u00a0bien plus tenace que les autres techniques d\u2019impression. N\u00e9anmoins, elle reste la plus co\u00fbteuse.<\/p>\n<h3>Nos conseils pour les designs \u00e0 imprimer<\/h3>\n<p>\u00c9vitez les gros aplats de couleurs (c&rsquo;est-\u00e0-dire les grandes surfaces \u00e0 imprimer de la m\u00eame couleur). En effet, en num\u00e9rique, certaines zones peuvent ne pas \u00eatre correctement imprim\u00e9es ou manquer de mati\u00e8re et lors de l&rsquo;impression cela\u00a0se verra.<\/p>\n<p>\u00c9galement, veillez \u00e0 ne pas imprimer des polices ou des traits trop fins. Imprimez uniquement des visuels classiques. D\u00e9couvrez notre article complet sur ce sujet avec des exemples d\u00e9taill\u00e9s.<\/p>\n<p>\u00c0 travers notre plateforme Dropshipprint, les deux techniques cit\u00e9es\u00a0sont possibles. Lorsque vous s\u00e9lectionnez le style d\u2019impression ou de marquage, le site vous propose un nombre de supports, vous n\u2019aurez plus qu\u2019\u00e0 choisir.<\/p>\n<p><strong>D\u00e9couvrez plus d&rsquo;articles sur le Print On Demand :<\/strong><\/p>\n<ul>\n<li><a href=\"https:\/\/dropshipprint.fr\/guide\/cms\/\" target=\"_blank\" rel=\"noopener noreferrer\">Le Print On Demand avec des CMS<\/a><\/li>\n<li><a href=\"https:\/\/dropshipprint.fr\/guide\/niches\/\" target=\"_blank\" rel=\"noopener noreferrer\">Les diff\u00e9rentes niches dans le Print On Demand<\/a><\/li>\n<li><a href=\"https:\/\/dropshipprint.fr\/guide\/monetisation\/\" target=\"_blank\" rel=\"noopener noreferrer\">Mon\u00e9tiser son audience avec le Print On Demand<\/a><\/li>\n<li><a href=\"https:\/\/dropshipprint.fr\/guide\/plateformes\/\" target=\"_blank\" rel=\"noopener noreferrer\">Liste des plateformes de Print On Demand<\/a><\/li>\n<li><a href=\"https:\/\/dropshipprint.fr\/guide\/techniques-marquage\/\" target=\"_blank\" rel=\"noopener noreferrer\">Les techniques de marquage et personnalisation textile<\/a><\/li>\n<li><a href=\"https:\/\/dropshipprint.fr\/guide\/labels-certification-bio\/\" target=\"_blank\" rel=\"noopener noreferrer\">Les diff\u00e9rents labels et certifications textiles biologiques<\/a><\/li>\n<li><a href=\"https:\/\/dropshipprint.fr\/guide\/ressources\/\" target=\"_blank\" rel=\"noopener noreferrer\">Ressources diverses Impression et Print On Demand<\/a><\/li>\n<\/ul>\n\n","protected":false},"excerpt":{"rendered":"<p>Comment trouver un fournisseur de textile ? D\u00e9couvrez les conseils de nos experts pour le&#8230;<\/p>\n","protected":false},"author":1,"featured_media":0,"parent":37,"menu_order":0,"comment_status":"closed","ping_status":"closed","template":"","meta":{"footnotes":""},"aioseo_notices":[],"_links":{"self":[{"href":"https:\/\/dropshipprint.fr\/guide\/wp-json\/wp\/v2\/pages\/422"}],"collection":[{"href":"https:\/\/dropshipprint.fr\/guide\/wp-json\/wp\/v2\/pages"}],"about":[{"href":"https:\/\/dropshipprint.fr\/guide\/wp-json\/wp\/v2\/types\/page"}],"author":[{"embeddable":true,"href":"https:\/\/dropshipprint.fr\/guide\/wp-json\/wp\/v2\/users\/1"}],"replies":[{"embeddable":true,"href":"https:\/\/dropshipprint.fr\/guide\/wp-json\/wp\/v2\/comments?post=422"}],"version-history":[{"count":19,"href":"https:\/\/dropshipprint.fr\/guide\/wp-json\/wp\/v2\/pages\/422\/revisions"}],"predecessor-version":[{"id":706,"href":"https:\/\/dropshipprint.fr\/guide\/wp-json\/wp\/v2\/pages\/422\/revisions\/706"}],"up":[{"embeddable":true,"href":"https:\/\/dropshipprint.fr\/guide\/wp-json\/wp\/v2\/pages\/37"}],"wp:attachment":[{"href":"https:\/\/dropshipprint.fr\/guide\/wp-json\/wp\/v2\/media?parent=422"}],"curies":[{"name":"wp","href":"https:\/\/api.w.org\/{rel}","templated":true}]}}