{"id":30,"date":"2018-07-10T13:23:02","date_gmt":"2018-07-10T11:23:02","guid":{"rendered":"https:\/\/dropshipprint.fr\/guide\/?page_id=30"},"modified":"2022-06-14T10:58:04","modified_gmt":"2022-06-14T08:58:04","slug":"creer-marque-t-shirt","status":"publish","type":"page","link":"https:\/\/dropshipprint.fr\/guide\/ressources\/creation-tee-shirt-en-ligne\/creer-marque-t-shirt\/","title":{"rendered":"Comment cr\u00e9er sa marque de t shirt ?"},"content":{"rendered":"<h1>Cr\u00e9er une ligne de textiles en Print On Demand<\/h1>\n<h2>Vous avez entendu parler de l&rsquo;impression \u00e0 la demande et vous voulez en \u00eatre ?<\/h2>\n<p>D\u00e9couvrez notre guide complet pour d\u00e9velopper votre marque de t-shirts personnalis\u00e9s.<\/p>\n<h3>Qu&rsquo;est-ce que le Print On Demand ?<\/h3>\n<p>L&rsquo;impression \u00e0 la demande ou POD est un processus de <strong><a title=\"tuto d\u00e9buter cr\u00e9ation marque\" href=\"https:\/\/dropshipprint.fr\/guide\/\">vente de designs personnalis\u00e9s sur des supports<\/a><\/strong> (t-shirt, sweat-shirt, mugs&#8230;) imprim\u00e9s et livr\u00e9s par le prestataire, en marque blanche.<\/p>\n<p>Vous n&rsquo;aurez qu&rsquo;\u00e0 concevoir vos designs et g\u00e9n\u00e9rer du trafic, nous nous chargeons de l&rsquo;aspect technique de l&rsquo;impression et la livraison.<\/p>\n<p>Notre plateforme Dropshipprint est sp\u00e9cialis\u00e9e dans l&rsquo;impression \u00e0 la demande et met \u00e0 votre disposition ses services. Retrouvez-les \u00e0 travers les diff\u00e9rentes phases de cr\u00e9ation de votre marque de t-shirt.<\/p>\n<h3>Nos conseils avant de d\u00e9buter en Print On Demand.<\/h3>\n<p>Avant de vous pr\u00e9cipiter et de <strong><a title=\"lancer marque t-shirt\" href=\"https:\/\/dropshipprint.fr\/guide\/debuter-print-on-demand\/\">lancer\u00a0votre marque de t-shirts<\/a><\/strong>, nos experts en dropshipping vous conseillent de r\u00e9fl\u00e9chir \u00e0 votre image\u00a0ainsi qu&rsquo;au nom et au logo de votre marque.<\/p>\n<h4>Image de marque<\/h4>\n<p>Ne n\u00e9gligez pas l&rsquo;importance du message\u00a0renvoy\u00e9\u00a0par\u00a0votre marque. En effet, les valeurs et les convictions derri\u00e8re votre marque seront le noyau de votre branding. Le branding\u00a0est l&rsquo;aspect du marketing qui vise au maintien de la r\u00e9putation de votre marque.<\/p>\n<p>\u00c0 travers lui, vous raconterez l&rsquo;origine et l&rsquo;histoire de votre marque. C&rsquo;est une strat\u00e9gie\u00a0qui a pour objectif d&rsquo;attirer et de fid\u00e9liser la client\u00e8le. C&rsquo;est le\u00a0fil\u00a0directeur qui\u00a0permettra aux internautes de comprendre\u00a0votre projet, de suivre son \u00e9volution et de s&rsquo;impliquer davantage.<\/p>\n<p>Transmettez un\u00a0sentiment et un message marquant. Il est important de susciter une \u00e9motion chez le consommateur puisqu&rsquo;elle\u00a0instaure ainsi un lien fort entre votre marque et votre client\u00e8le.<\/p>\n<h4>Nom et\u00a0logo<\/h4>\n<p>Le nom et le\u00a0logo de votre marque sont \u00e0 \u00e9laborer avec soin. Le nom\u00a0et le logo donnent\u00a0une identit\u00e9 \u00e0 votre marque de t-shirts.<\/p>\n<p>Le nom doit \u00eatre simple \u00e0 prononcer ou \u00e0 retenir. Inventez un\u00a0nom qui fera r\u00e9sonance avec les id\u00e9es et les engagements de votre marque. Pour ce qui est du\u00a0logo, restez dans la sobri\u00e9t\u00e9. Un logo \u00e9pur\u00e9 fera bien l&rsquo;affaire.<\/p>\n<p>Il\u00a0existe 7 types de logo\u00a0:<\/p>\n<ul>\n<li>Le\u00a0monogramme (constitu\u00e9 de lettres uniquement);<\/li>\n<li>Le\u00a0pictogramme (repr\u00e9sentant un\u00a0design);<\/li>\n<li>L&rsquo;abstrait (non plus un symbole\u00a0reconnaissable, mais une forme abstraite);<\/li>\n<li>Le mascotte (comprenant un personnage illustr\u00e9);<\/li>\n<li>L&#8217;embl\u00e8me (exemple : badge, sceau, blason&#8230;);<\/li>\n<li>Le combin\u00e9 (un m\u00e9lange de plusieurs \u00e9l\u00e9ments);<\/li>\n<li>Le\u00a0logotype (bas\u00e9 sur le nom de l&rsquo;entreprise).<\/li>\n<\/ul>\n<p>Peu importe le\u00a0type de logo choisi, il faut qu&rsquo;il reste simple, lisible, intemporel et d\u00e9clinable. Analysez le code couleur du secteur cible pour plus d&rsquo;informations.<\/p>\n<p>Pensez \u00e0 l&rsquo;outil Inpi (Institut national de la propri\u00e9t\u00e9 industrielle) pour v\u00e9rifier si votre nom et votre logo sont disponibles et ne font pas d\u00e9j\u00e0 l&rsquo;objet d&rsquo;une protection.<\/p>\n<p>\u00c0 pr\u00e9sent, passons \u00e0 la premi\u00e8re \u00e9tape de cr\u00e9ation de votre business d&rsquo;impression \u00e0 la demande.<\/p>\n<h3>Trouvez une niche rentable<\/h3>\n<p>La commercialisation de t-shirt personnalis\u00e9\u00a0en ligne est un\u00a0secteur d&rsquo;activit\u00e9\u00a0tr\u00e8s satur\u00e9\u00a0et si vous ne faites pas preuve d&rsquo;originalit\u00e9, vos produits\u00a0y trouveront\u00a0difficilement leur\u00a0place. Vous devez donc, dans un premier temps, <strong><a title=\"trouver niche\" href=\"https:\/\/dropshipprint.fr\/guide\/niches\/\">trouver\u00a0la niche<\/a><\/strong> et les clients potentiels.<\/p>\n<p>Concentrez\u00a0votre attention sur une\u00a0\u00e9tude de march\u00e9 et\u00a0d\u00e9nicher\u00a0une niche rentable. Essayer de cibler tout le monde avec votre tee-shirt ne vous apportera pas\u00a0le\u00a0succ\u00e8s esp\u00e9r\u00e9. La r\u00e9ussite en POD\u00a0ne r\u00e9side pas seulement dans l&rsquo;\u00e9laboration d&rsquo;un design innovant.<\/p>\n<p>Trouver une niche rentable implique\u00a0que vos\u00a0actions seront rentabilis\u00e9es par le trafic d\u00e9j\u00e0 existant.\u00a0Profitant\u00a0du trafic et de l&rsquo;audience,\u00a0exploitez la niche s\u00e9lectionn\u00e9e\u00a0dans ses moindres recoins et trouvez-y votre place.<\/p>\n<p>Aucune id\u00e9e en t\u00eate ? Pas de panique, dans notre guide Dropshipprint, vous retrouverez des id\u00e9es de niches tr\u00e8s demand\u00e9es.<\/p>\n<p>Vous pouvez aussi retrouver notre tutoriel (vid\u00e9o) vous expliquant pas \u00e0 pas comment, \u00e0 l&rsquo;aide du moteur de recherche Google et de ses outils de recherche \u00ab\u00a0Related keywords\u00a0\u00bb ou \u00ab\u00a0People also search for\u00a0\u00bb, s\u00e9lectionner un segment tr\u00e8s recherch\u00e9 mais avec une faible concurrence.<\/p>\n<p>Attention : \u00c9vitez une sur-segmentation. Choisissez un segment avec assez de consommateurs \u00e0 la sortie pour garantir la profitabilit\u00e9.<\/p>\n<p>Lorsque vous avez enfin choisi la niche\u00a0\u00e0 d\u00e9velopper, partez\u00a0\u00e0 la recherche d&rsquo;une entreprise de textile.<\/p>\n<h3>Trouvez un fournisseur<\/h3>\n<p>En vous adressant \u00e0 notre\u00a0plateforme fran\u00e7aise de POD Dropshipprint, vous aurez \u00e0 la fois trouv\u00e9\u00a0votre\u00a0imprimeur et votre\u00a0fournisseur.<\/p>\n<p>Dropshipprint dispose\u00a0d&rsquo;un\u00a0vaste catalogue\u00a0de mod\u00e8les vierges \u00e0 personnaliser dont une collection de t-shirts en plus d&rsquo;une liste de<strong><a title=\"grossiste fournisseur textile\" href=\"https:\/\/dropshipprint.fr\/guide\/ressources\/fournisseur-dropshipping-vetement\/grossiste-vetement-textile\/\">\u00a0fournisseurs textile<\/a><\/strong>, c&rsquo;est-\u00e0-dire\u00a0marques\u00a0performantes telles que Stanley Stella, Sol&rsquo;s, Kariban ou encore Gildan.<\/p>\n<p>En ce qui concerne l&rsquo;impression\u00a0textile, Dropshipprint est un expert dans le domaine. Nous r\u00e9alisons\u00a0de\u00a0:<\/p>\n<ul>\n<li>L&rsquo;<strong><a title=\"impression num\u00e9rique\" href=\"https:\/\/dropshipprint.fr\/guide\/techniques-marquage\/impression-numerique\/\">impression num\u00e9rique<\/a><\/strong>. Ce mode d&rsquo;impression est tr\u00e8s utilis\u00e9\u00a0en Print On Demand. Le processus est\u00a0rapide et\u00a0rentable, parfait pour le POD. De plus, cette m\u00e9thode d&rsquo;impression est polyvalente (r\u00e9alisable sur des mat\u00e9riaux synth\u00e9tiques, m\u00e9talliques&#8230;). Aussi pr\u00e9cise qu&rsquo;une imprimante, cette m\u00e9thode\u00a0offre l&rsquo;option d&rsquo;imprimer n&rsquo;importe quelle image avec une haute qualit\u00e9 et \u00e7a \u00e0 moindre\u00a0co\u00fbt.<\/li>\n<li>La <strong><a title=\"broderie\" href=\"https:\/\/dropshipprint.fr\/guide\/techniques-marquage\/broderie\/\">broderie<\/a><\/strong>. Cette technique\u00a0est utilis\u00e9e pour les marquages d&rsquo;accessoires de mode comme les casquettes. La broderie garantit\u00a0une solidit\u00e9 du marquage incomparable\u00a0aux autres.<\/li>\n<li>La <strong><a title=\"s\u00e9rigraphie\" href=\"https:\/\/dropshipprint.fr\/guide\/techniques-marquage\/serigraphie\/\">s\u00e9rigraphie<\/a><\/strong> sur devis. Elle\u00a0est surtout utilis\u00e9e pour les\u00a0grandes s\u00e9ries et les designs compos\u00e9s de peu de couleurs. En effet, c&rsquo;est l&rsquo;interposition d&rsquo;un pochoir entre le support et l&rsquo;encre qui permet de produire le visuel.<\/li>\n<\/ul>\n<p>Pour ce qui est du\u00a0support\u00a0pr\u00eat \u00e0 \u00eatre imprim\u00e9, les fournisseurs textiles, avec lesquels travaille Dropshipprint, proposent des mod\u00e8les de t-shirts \u00e0 col rond, \u00e0 col V, ajust\u00e9s ou non, \u00e0 manches courtes, longues ou encore des manches raglan.<\/p>\n<p>Commencer par un t-shirt est une valeur s\u00fbre \u00e9tant donn\u00e9 qu&rsquo;il repr\u00e9sente 90 % des ventes en Print On Demand. Vous aurez le choix entre des t-shirts unisexe ou destin\u00e9s sp\u00e9cialement aux femmes, aux hommes, aux enfants ou aux b\u00e9b\u00e9s, en marque blanche.<\/p>\n<p>Ces tee-shirts sont disponibles en toutes les tailles et en une vari\u00e9t\u00e9 de couleurs telles que le blanc, le noir, le gris, le marine, le bordeaux et bien d&rsquo;autres.<\/p>\n<p>Le choix des tissus textiles composant votre produit est aussi \u00e0 prendre en consid\u00e9ration. De nos jours, la soci\u00e9t\u00e9 est sensible \u00e0 l&rsquo;environnement et souhaite le pr\u00e9server.<\/p>\n<p>Ces derni\u00e8res ann\u00e9es, la dur\u00e9e de vie d&rsquo;un v\u00eatement a consid\u00e9rablement chut\u00e9. L&rsquo;utilisation de mati\u00e8res bio, sp\u00e9cialement con\u00e7ues dans le respect de la nature, minimise l&rsquo;impact n\u00e9faste de l&rsquo;industrie sur notre environnement. L&rsquo;usage de mati\u00e8res recyclables est aussi en plein d\u00e9veloppement.<\/p>\n<p>Ainsi, les fibres peuvent \u00eatre r\u00e9utilis\u00e9es afin de limiter la culture de nouvelles fibres. Dropshipprint travaille avec des marques textiles telles que <strong><a title=\"stanley stella\" href=\"http:\/\/Dropshipprint distribue la marque textile Stanley Stella\">Stanley Stella<\/a><\/strong> et <strong><a title=\"Sol's\" href=\"http:\/\/Grossiste et revendeur Sol\u2019s\">Sol&rsquo;s<\/a><\/strong> qui confectionnent de fa\u00e7on \u00e9coresponsable leurs supports.<\/p>\n<p>\u00c0 noter : D\u00e9butant votre business en Print On Demand, vous devez savoir qu&rsquo;avec 1 seul design, vous pouvez produire 6 \u00e0 8 produits diff\u00e9rents. M\u00eame si le t-shirt est un v\u00eatement polyvalent et au fort succ\u00e8s, vous pouvez tout aussi bien opter pour d&rsquo;autres supports tr\u00e8s en vogue, de quoi agrandir un peu votre catalogue.<\/p>\n<p>Sur Dropshipprint, nous mettons en vente des sweat-shirts, \u00e0 capuche ou non, des tote bag, des mugs, des polos et autres accessoires de mode pr\u00eats \u00e0 \u00eatre imprim\u00e9s alors pourquoi pas en profiter ?<\/p>\n<p>En parlant de design, apr\u00e8s avoir\u00a0s\u00e9lectionn\u00e9 les\u00a0supports, attaquez-vous aux graphismes.<\/p>\n<h3>Cr\u00e9ez les visuels<\/h3>\n<p>Cr\u00e9ez vos graphismes ou designs en fonction du segment choisi.<\/p>\n<p>Ne perdez pas de vue votre objectif commercial. Lorsque vous vous lancez dans le processus de cr\u00e9ation, vous devez vous appuyer sur les personnes que vous ciblez.<\/p>\n<p>Prenez en compte leurs attentes, leurs envies et leurs besoins. Vos designs doivent r\u00e9pondre \u00e0 leur demande si vous voulez qu&rsquo;ils se vendent. Il est courant d&rsquo;<strong><a title=\"personas\" href=\"https:\/\/dropshipprint.fr\/guide\/personas-webmarketing\/\">utiliser des personas<\/a><\/strong> qui vous permettent de comprendre les freins, les habitudes de consommation, les motivations, le parcours client et le mode de r\u00e9flexion des personnes cible.<\/p>\n<p>Plus vous en savez sur le comportement de vos futurs acheteurs, plus vous serez \u00e0 m\u00eame de leur proposer une offre adapt\u00e9e. Par exemple, si votre cible majeure est un homme alors votre persona prendra la forme d&rsquo;un homme.<\/p>\n<p>Les designs sont la pi\u00e8ce ma\u00eetresse de votre futur business. Nous vous conseillons donc d&rsquo;inventer des visuels uniques et atypiques. Ces derniers peuvent \u00eatre des slogans, des phrases \u00e0 th\u00e8me ou des graphismes.<\/p>\n<p>Vous pouvez vous inspirer de ceux pr\u00e9sents sur Internet, mais ne les reprenez pas tel quel. L&rsquo;objectif est de proposer un nouveau design et non pas l&rsquo;\u00e9ni\u00e8me version d&rsquo;un d\u00e9j\u00e0 soumis \u00e0 copyright.<\/p>\n<p>Si vous n&rsquo;\u00eates pas un professionnel, vous pouvez utiliser des logiciels tels que Photoshop ou faire appel \u00e0 un graphiste qui r\u00e9alisera, pour vous, des visuels de qualit\u00e9.<\/p>\n<p>\u00c0 noter : Pour un rendu le plus fid\u00e8les possible, v\u00e9rifiez la qualit\u00e9 de vos ressources (images,&#8230;). Une mauvaise r\u00e9solution de votre design influencera la qualit\u00e9 de l&rsquo;impression. Pour ce qui est de la taille, tout d\u00e9pend de l&#8217;emplacement.<\/p>\n<p>Informez-vous directement sur les sites fournisseurs ce qui vous \u00e9vitera de d\u00e9former \u00e0 plusieurs reprises votre design.<\/p>\n<p>Enfin, nous vous recommandons de\u00a0t\u00e9l\u00e9charger\u00a0et d&rsquo;importer\u00a0vos visuels en format PNG\u00a0\u00e9tant donn\u00e9 qu&rsquo;il\u00a0a\u00a0la capacit\u00e9 de conserver un arri\u00e8re-plan transparent.<\/p>\n<p>Vos isuels sont enfin pr\u00eats \u00e0 \u00eatre mis en ligne ? Passons \u00e0 la conception de votre site de t-shirts personnalis\u00e9s.<\/p>\n<h3>Cr\u00e9ez votre boutique en ligne<\/h3>\n<p>Dans un premier temps,\u00a0<strong><a title=\"CMS\" href=\"https:\/\/dropshipprint.fr\/guide\/cms\/\"> choisissez votre CMS<\/a><\/strong>, comme Shopify, Prestashop, Woocommerce\/Wordpress ou bien encore un CMS moins connu, Spreadshop, pour monter votre site.<\/p>\n<p>Ces outils sont d\u00e9di\u00e9s aux sites de e-commerce et sont (plus ou moins) compatibles avec Dropshipprint et vous donnent l&rsquo;opportunit\u00e9 de cr\u00e9er, en quelques clics, votre boutique. Voici les principales \u00e9tapes :<\/p>\n<ul>\n<li>Le choix\u00a0du\u00a0th\u00e8me et par cons\u00e9quent\u00a0l&rsquo;organisation\u00a0des pages. Faisant office de premi\u00e8re impression chez le consommateur, le th\u00e8me de votre site de e-commerce se doit d&rsquo;\u00eatre en corr\u00e9lation avec votre vision du projet.\u00a0Le th\u00e8me est directement li\u00e9 au positionnement de vos t-shirts. Ajoutez\u00a0le nombre de pages qui vous semble n\u00e9cessaire, comme une page \u00ab\u00a0\u00e0 propos de nous\u00a0\u00bb par exemple, afin de partager\u00a0toute l&rsquo;information susceptible d&rsquo;int\u00e9resser les futurs acheteurs.<\/li>\n<li>Int\u00e9grez votre catalogue de produits. En Dropshipping, vous n&rsquo;aurez qu&rsquo;\u00e0 importer les informations des t-shirts\u00a0que vous aurez choisi\u00a0gr\u00e2ce \u00e0 la liste d&rsquo;applications d\u00e9di\u00e9es au sourcing produits disponibles.<\/li>\n<li>G\u00e9rez\u00a0et\u00a0configurez\u00a0la\u00a0passerelle de paiement \u00e0 utiliser sur votre boutique. Paypal, entre autres, est un des moyens de paiement le\u00a0plus utilis\u00e9 en ligne, mais vous pouvez tout \u00e0 fait choisir d&rsquo;autres alternatives. Le tout est de proposer un moyen de paiement accessible et fonctionnel.<\/li>\n<li>D\u00e9finissez\u00a0les conditions g\u00e9n\u00e9rales d&rsquo;exp\u00e9dition telles\u00a0que les frais de transport ainsi que\u00a0les pays dans lesquels seront en vente vos tee-shirts. Vous d\u00e9finirez la taille des colis, les bordereaux et les emballages avec lesquels seront conditionn\u00e9s les t-shirts. Cependant, en Print On Demand, ces informations\u00a0vous seront fournies par vos fournisseurs textiles.<\/li>\n<li>Configurez\u00a0les taxes en fonction du profil de chaque pays que vous desservez. Votre activit\u00e9, comme de nombreuses autres, est soumise \u00e0 des taxes. Selon les produits et les pays choisis, vous serez confront\u00e9\u00a0\u00e0 diff\u00e9rents types de taxation.<\/li>\n<li>Reliez \u00e0 votre boutique\u00a0les diff\u00e9rents\u00a0canaux de ventes que vous comptez utiliser.<\/li>\n<\/ul>\n<h4>Shopify<\/h4>\n<p><strong><a title=\"shopify\" href=\"https:\/\/dropshipprint.fr\/guide\/cms\/shopify\/\">Shopify<\/a><\/strong> est une r\u00e9f\u00e9rence dans le domaine. Cet outil vous aidera \u00e0 cr\u00e9er votre site d&rsquo;e-commerce, digitaliser votre activit\u00e9 et configurer votre site. Ce CMS compte plus de 800 000 utilisateurs et est l&rsquo;un des plus simples \u00e0 utiliser. N\u00e9anmoins, l&rsquo;abonnement reste un peu \u00e9lev\u00e9.<\/p>\n<h4>Prestashop<\/h4>\n<p><strong><a title=\"Prestashop\" href=\"https:\/\/dropshipprint.fr\/guide\/cms\/prestashop\/\">Prestashop<\/a><\/strong>, comme Shopify, est un CMS\u00a0tr\u00e8s performant. Bien qu&rsquo;il soit moins utilis\u00e9, il offre\u00a0des options que ne propose pas Shopify comme\u00a0des statuts de livraison plus pr\u00e9cis. De plus, la version de base est gratuite bien qu&rsquo;elle soit assez limit\u00e9e.<\/p>\n<h4>Woocommerce\/Wordpress<\/h4>\n<p><strong><a title=\"Wordpress + Woocommerce\" href=\"https:\/\/dropshipprint.fr\/guide\/cms\/wordpress\/\">WordPress et son extension<\/a><\/strong> sont les premiers du secteur. Initialement mis en place pour le blogging, WordPress a su s&rsquo;\u00e9largir au secteur du e-commerce. Il\u00a0propose, avec son extension,\u00a0une vari\u00e9t\u00e9 de modules et de\u00a0fonctionnalit\u00e9s.<\/p>\n<p>Cependant, ces derniers restent tr\u00e8s difficiles \u00e0 prendre en main. Vous devez vous y conna\u00eetre en codage pour en avoir la ma\u00eetrise totale.<\/p>\n<h4>Spreadshop<\/h4>\n<p>Enfin, quant \u00e0 Spreadshop, il reste l&rsquo;outil le plus simple \u00e0\u00a0utiliser. En revanche, il propose beaucoup moins d&rsquo;avantages que les autres CMS mentionn\u00e9s pr\u00e9c\u00e9demment.<\/p>\n<p>Attention : Bien que ces CMS soient d&rsquo;une grande utilit\u00e9, leur prix peut rapidement devenir\u00a0on\u00e9reux. Donc si vous ne voulez pas d\u00e9penser votre\u00a0budget dans\u00a0un site, vous pouvez tr\u00e8s bien avoir recours au DSP Shop ou aux Marketplaces. Les Shops DSP sont des sites d\u00e9velopp\u00e9s par nos webmasters\u00a0Dropshipprint\u00a0vous permettant de directement cr\u00e9er\u00a0votre site\u00a0et de le\u00a0relier \u00e0 notre imprimeur. Les Marketplaces sont, quant \u00e0 elles, des plateformes sur lesquelles vous pouvez vendre vos tee-shirts en \u00e9change d&rsquo;une commission.<\/p>\n<h3>Donnez de la visibilit\u00e9 \u00e0 votre t-shirt<\/h3>\n<p>Afin d&rsquo;accro\u00eetre la notori\u00e9t\u00e9 de votre\u00a0t-shirt, avoir une\u00a0d\u00e9marche publicitaire \u00e0 travers le trafic r\u00e9seau et des strat\u00e9gies marketing est\u00a0indispensable.<\/p>\n<h4>Les r\u00e9seaux sociaux<\/h4>\n<p>Vous vous devez d&rsquo;\u00eatre pr\u00e9sent sur les r\u00e9seaux sociaux tels que Facebook, Twitter, Instagram, TikTok ou encore Youtube. Cela vous permettra de g\u00e9n\u00e9rer du trafic vers\u00a0votre boutique\u00a0et ainsi augmenter la visibilit\u00e9\u00a0de votre tee-shirt personnalis\u00e9. Ils\u00a0sont un\u00a0bon levier publicitaire et\u00a0qui plus est\u00a0gratuit. Voil\u00e0 comment vous pouvez les utiliser\u00a0\u00e0 votre avantage :<\/p>\n<ul>\n<li>Proposez un contenu int\u00e9ressant et constant. Partagez\u00a0l&rsquo;histoire et la\u00a0progression de vos maquettes. Votre audience se sentira sollicit\u00e9e et s&rsquo;impliquera davantage. De plus, cela donnera de la cr\u00e9dibilit\u00e9 \u00e0 votre projet.<\/li>\n<li>Sollicitez, cette fois-ci, directement votre communaut\u00e9. Demandez-lui de partager avec leurs amis et connaissances le r\u00e9sultat de leur commande par le biais de posts, de stories Instagram&#8230; pour ainsi acqu\u00e9rir de nouvelles relations.<\/li>\n<\/ul>\n<h4>Le branding<\/h4>\n<p>Comme mentionn\u00e9\u00a0au d\u00e9but de cet article, cette\u00a0technique marketing t\u00e9moignera de votre implication et de celle\u00a0de vos followers. Vous pourrez\u00a0booster\u00a0vos ventes si vous segmentez bien votre march\u00e9.\u00a0Peu \u00e0 peu, vous serez en mesure de\u00a0le couvrir\u00a0de\u00a0produits pour\u00a0tout\u00a0type\u00a0de consommateurs et de budget.<\/p>\n<p>Par ailleurs, le branding apporte de la valeur \u00e0 votre offre. En effet, le client\u00a0acceptera d&rsquo;acheter votre\u00a0t-shirt\u00a0\u00e0 un prix plus \u00e9lev\u00e9 s&rsquo;il consid\u00e8re que celui-ci lui conc\u00e8de la garantie d&rsquo;une qualit\u00e9 sup\u00e9rieure. Il vous faut un rep\u00e8re mental. Ce rep\u00e8re doit \u00eatre valoris\u00e9 pour\u00a0expliquer\u00a0la diff\u00e9rence de prix entre votre offre et celle d&rsquo;un concurrent.\u00a0Tout est question de valeur per\u00e7ue.<\/p>\n<h4>Les partenariats<\/h4>\n<p>Faire sa publicit\u00e9 en faisant celle d&rsquo;autres d\u00e9veloppeurs et influenceurs du m\u00eame secteur se r\u00e9v\u00e9lera b\u00e9n\u00e9fique pour vos affaires. Effectivement,\u00a0collaborez avec des influenceurs ayant le m\u00eame objectif et une communaut\u00e9 que vous convoitez. Ainsi, vous partagerez\u00a0un r\u00e9seau de contact plus vaste.<\/p>\n<h3>Conclusion<\/h3>\n<p>Vous avez d\u00e9sormais toutes les cartes en main pour vous\u00a0lancer dans le Print On Demand et cr\u00e9er votre propre marque de v\u00eatements ! Vous allez ainsi g\u00e9n\u00e9rer des revenus compl\u00e9mentaires. N&rsquo;h\u00e9sitez pas \u00e0 nous transmettre vos commandes. L&rsquo;\u00e9quipe Dropshipprint se fera un plaisir d&rsquo;imprimer et d&rsquo;exp\u00e9dier vos colis.<\/p>\n<h3>Ces autres sujets vous int\u00e9resseront \u00e9galement :<\/h3>\n<ul>\n<li><a href=\"https:\/\/dropshipprint.fr\/guide\/cms\/\" target=\"_blank\" rel=\"noopener noreferrer\">Le Print On Demand avec des CMS<\/a><\/li>\n<li><a href=\"https:\/\/dropshipprint.fr\/guide\/niches\/\" target=\"_blank\" rel=\"noopener noreferrer\">Les diff\u00e9rentes niches dans le Print On Demand<\/a><\/li>\n<li><a href=\"https:\/\/dropshipprint.fr\/guide\/monetisation\/\" target=\"_blank\" rel=\"noopener noreferrer\">Mon\u00e9tiser son audience avec le Print On Demand<\/a><\/li>\n<li><a href=\"https:\/\/dropshipprint.fr\/guide\/plateformes\/\" target=\"_blank\" rel=\"noopener noreferrer\">Liste des plateformes de Print On Demand<\/a><\/li>\n<li><a href=\"https:\/\/dropshipprint.fr\/guide\/techniques-marquage\/\" target=\"_blank\" rel=\"noopener noreferrer\">Les techniques de marquage et personnalisation textile<\/a><\/li>\n<li><a href=\"https:\/\/dropshipprint.fr\/guide\/labels-certification-bio\/\" target=\"_blank\" rel=\"noopener noreferrer\">Les diff\u00e9rents labels et certifications textiles biologiques<\/a><\/li>\n<li><a href=\"https:\/\/dropshipprint.fr\/guide\/grossiste-vetement-textile\/\" target=\"_blank\" rel=\"noopener noreferrer\">Grossiste de textiles et v\u00eatements<\/a><\/li>\n<\/ul>\n","protected":false},"excerpt":{"rendered":"<p>Cr\u00e9er une ligne de textiles en Print On Demand Vous avez entendu parler de l&rsquo;impression&#8230;<\/p>\n","protected":false},"author":1,"featured_media":0,"parent":39,"menu_order":0,"comment_status":"closed","ping_status":"closed","template":"","meta":{"footnotes":""},"aioseo_notices":[],"_links":{"self":[{"href":"https:\/\/dropshipprint.fr\/guide\/wp-json\/wp\/v2\/pages\/30"}],"collection":[{"href":"https:\/\/dropshipprint.fr\/guide\/wp-json\/wp\/v2\/pages"}],"about":[{"href":"https:\/\/dropshipprint.fr\/guide\/wp-json\/wp\/v2\/types\/page"}],"author":[{"embeddable":true,"href":"https:\/\/dropshipprint.fr\/guide\/wp-json\/wp\/v2\/users\/1"}],"replies":[{"embeddable":true,"href":"https:\/\/dropshipprint.fr\/guide\/wp-json\/wp\/v2\/comments?post=30"}],"version-history":[{"count":17,"href":"https:\/\/dropshipprint.fr\/guide\/wp-json\/wp\/v2\/pages\/30\/revisions"}],"predecessor-version":[{"id":724,"href":"https:\/\/dropshipprint.fr\/guide\/wp-json\/wp\/v2\/pages\/30\/revisions\/724"}],"up":[{"embeddable":true,"href":"https:\/\/dropshipprint.fr\/guide\/wp-json\/wp\/v2\/pages\/39"}],"wp:attachment":[{"href":"https:\/\/dropshipprint.fr\/guide\/wp-json\/wp\/v2\/media?parent=30"}],"curies":[{"name":"wp","href":"https:\/\/api.w.org\/{rel}","templated":true}]}}