{"id":2,"date":"2018-07-10T11:20:55","date_gmt":"2018-07-10T09:20:55","guid":{"rendered":"https:\/\/dropshipprint.fr\/guide\/?page_id=2"},"modified":"2019-09-22T15:50:32","modified_gmt":"2019-09-22T13:50:32","slug":"2-2","status":"publish","type":"page","link":"https:\/\/dropshipprint.fr\/guide\/","title":{"rendered":"Dropshiping et impression \u00e0 la demande de tee shirts : tutoriel complet"},"content":{"rendered":"<h2>L&rsquo;impression \u00e0 la demande, aussi nomm\u00e9e Print On Demand, est un business tr\u00e8s pris\u00e9 !<\/h2>\n<h3>Qu&rsquo;est ce que le \u00ab\u00a0Print on Demand\u00a0\u00bb<\/h3>\n<p>Le <a href=\"https:\/\/dropshipprint.fr\/fr\/\" target=\"_blank\" rel=\"noopener noreferrer\">Print On Demand<\/a> est un processus qui consiste \u00e0 vendre des produits personnalis\u00e9s qui seront imprim\u00e9s par un prestataire et c&rsquo;est ce dernier qui livrera directement votre client. Dans notre cas, cela concerne du textile sur mesure.<\/p>\n<p>Ainsi, en tant que e-commer\u00e7ant, vous vous concentrer sur l&rsquo;acquisition de trafic et la conception de design tendance. C&rsquo;est un professionnel qui se charge d&rsquo;imprimer et d\u2019exp\u00e9dier le textile : c<span style=\"font-size: 1rem;\">hacun son m\u00e9tier !<\/span><\/p>\n<p>Bien que cette technique soit en vogue et \u00e0 la mode, cela n&rsquo;est pas donn\u00e9 \u00e0 tout le monde de se lancer dans le Print On Demand de t-shirts ! Il y a de nombreuses r\u00e8gles et obligations \u00e0 respecter pour r\u00e9ussir. et m\u00eame si vous appliquez les techniques des plus grands experts, la r\u00e9ussite n&rsquo;est pas donn\u00e9 \u00e0 tout le monde. C&rsquo;est une activit\u00e9 qui n\u00e9cessite de s&rsquo;investir \u00e0 plein temps, de ne n\u00e9gliger aucun aspect du commerce en ligne et de ne pas h\u00e9siter \u00e0 investir en publicit\u00e9 et autres vecteurs de communication.<\/p>\n<p>Au travers de ce guide complet, nous vous d\u00e9taillons tout ce que vous devez savoir sur l&rsquo;impression de tee shirts \u00e0 la demande : de la conception \u00e0 vente, en passant par la mise en ligne des produits textiles et l&rsquo;automatisation de votre processus.<\/p>\n<h2>Ce que vous devez savoir avant de vous lancer<\/h2>\n<p>Il est primordial de bien comprendre le processus global du Print On Demand et de se familiariser avec le vocabulaire ad\u00e9quat.<\/p>\n<p>Dans un premiers, temps, vous allez devoir cr\u00e9er des designs (maquettes) de T shirts. Puis, vous devrez les mettre en ligne. Pour cela, il existe plusieurs CMS que nous vous pr\u00e9senterons. Vous pourriez \u00e9galement aussi les mettre en vente sur des sites sp\u00e9cialis\u00e9s qui sont de plus en plus connus.<\/p>\n<p>Toutefois, les ventes ne se feront pas toutes seules ! Vous allez devoir communiquer aupr\u00e8s d&rsquo;une audience cibl\u00e9e pour faire connaitre votre marque et vendre vos visuels. Vous allez devoir, notamment, travailler le visuel de votre site, le contenu, les textes ainsi que bichonner vos clients en r\u00e9pondant \u00e0 toutes leurs questions.<\/p>\n<p>Enfin, vous devez pouvoir compter sur un partenaire s\u00e9rieux qui imprimera vos commandes. Celui-ci doit \u00eatre choisi avec soin car c&rsquo;est la pierre angulaire de votre business. Si ce dernier livre en retard ou se trompe lors de l\u2019exp\u00e9dition, vos clients seront m\u00e9contents de votre service et tous vos efforts tomberont \u00e0 l&rsquo;eau !<\/p>\n<p>Suivez, \u00e9tape par \u00e9tape, nos conseils pour cr\u00e9er de A \u00e0 Z votre business en ligne de vente de textile en Dropshiping !<\/p>\n<h3>Faire des maquettes \/ Designs qui plaisent<\/h3>\n<p>C&rsquo;est un point tr\u00e8s important dans votre chemin vers la r\u00e9ussite. Il est imp\u00e9ratif que les motifs que vous proposez\u00a0soient uniques et plaisent \u00e0 votre public. Pour cela, vous devez segmenter votre offre selon les publics que vous visez. Par exemple, un sportif ne sera pas aussi sensible au m\u00eame visuel qu&rsquo;un passionn\u00e9 d&rsquo;automobile.<\/p>\n<h4>Les personas<\/h4>\n<p>C&rsquo;est donc une \u00e9tape tr\u00e8s importante et vous devez y r\u00e9fl\u00e9chir avant de lancer votre boutique en ligne. Pour cela, nous vous conseillons d&rsquo;utiliser une m\u00e9thode bien connue en webmarketing : les personas. Un persona est une personne fictive qui regroupe les caract\u00e9ristiques d\u00a0\u00bbun groupe cible de prospects.<\/p>\n<p>Pour chacune de vos cibles, vous allez imaginer le parcours du prospect avant qu&rsquo;il n&rsquo;arrive sur votre site ainsi que ses objectifs et les probl\u00e9matiques qu&rsquo;il rencontre. De ce fait, vous pourrez lui proposer des visuels en ad\u00e9quation avec ses valeurs et les messages qu&rsquo;il veut faire passer.<\/p>\n<p>Lisez notre article d\u00e9taill\u00e9 sur : <a href=\"https:\/\/dropshipprint.fr\/guide\/personas-webmarketing\/\" target=\"_blank\" rel=\"noopener noreferrer\">comment d\u00e9finir ses personas en webmarketing ?<\/a><\/p>\n<h4>Comment trouver des id\u00e9es de visuels ?<\/h4>\n<p>Une fois votre ou vos cibles bien d\u00e9finies, vous allez devoir cr\u00e9e des maquettes de T shirts en ad\u00e9quation avec le secteur vis\u00e9. Pour cela, vous pouvez tout \u00e0 fait trouver des id\u00e9es ou vous inspirer de visuels que vous trouvez sur le web. Toutefois, il faut faire tr\u00e8s attention \u00e0 ne pas plagier les cr\u00e9ations graphique d&rsquo;autres artistes. Cela n&rsquo;est ni moral, ni l\u00e9gal !<\/p>\n<p>Parfois, cela est subtile et le droit n&rsquo;est pas toujours facile \u00e0 comprendre, parfois cela est \u00e9vident : en effet, vous ne pouvez pas reprendre un visuel de la sage Star Wars sans payer des droits d&rsquo;auteur \u00e0 Georges Lucas !<\/p>\n<p>De ce fait, c&rsquo;est \u00e0 vous d&rsquo;\u00eatre imaginatif et de savoir intelligemment vous nourrir des id\u00e9es disponibles su internet, sans pour autant faire du copi\u00e9 \/ coll\u00e9 ! Il vous faudra ma\u00eetriser des outils graphiques pour r\u00e9aliser vous m\u00eame les visuels : nous mettons \u00e0 votre disposition une large gamme de <a href=\"https:\/\/dropshipprint.fr\/guide\/ressources\/\">ressources d\u00e9di\u00e9es \u00e0 la cr\u00e9ation de tee-shirts<\/a>.<\/p>\n<p>Ou alors, vous pouvez faire appel \u00e0 des designers ou des graphistes pour vous aider dans la r\u00e9alisation technique de vos id\u00e9es.<\/p>\n<h4>Quels types de textiles ?<\/h4>\n<p>Depuis le d\u00e9but de ce guide, nous vous parlons d\u2019impression \u00e0 la demande de T-shirts ! En effet, ce textile repr\u00e9sente plus de 90 % de la demande. Toutefois, vous limiter uniquement \u00e0 la vente de tee shirts serait une grave erreur.<\/p>\n<p>En effet, votre prestataire d&rsquo;impression peut vous proposer une large gamme de textile et c&rsquo;est une occasion incroyable de booster vos ventes et de fid\u00e9liser vos clients ! En effet, si un internaute \u00e0 flasher sur un visuel pr\u00e9cis, il veut peut \u00eatre pouvoir choisir le type de textile que lequel celui-ci sera imprim\u00e9.<\/p>\n<p>Il existe des d\u00e9bardeurs, des Gilets, des sweats, des vestes &#8230; Autant de supports que de ventes additives potentielles ! Evidemment, assurez vous que votre imprimeur poss\u00e8de du stock sur tous les mod\u00e8les que vous int\u00e9grez \u00e0 votre boutique. Il serait dommage que votre client ne re\u00e7oive qu&rsquo;une partie de sa commande ! Cela serait une source de frustration et de m\u00e9contentement.<\/p>\n<p>Il est donc importer que votre prestataire d&rsquo;impression soit automatiquement connect\u00e9 \u00e0 votre site internet et re\u00e7oive en temps r\u00e9elles vos commandes. Il pourra ainsi les traiter en suivant.<\/p>\n<h3>Les connections avec les CMS du march\u00e9<\/h3>\n<p>Vous avez la possibilit\u00e9 de cr\u00e9er votre boutique en ligne \u00e0 l&rsquo;aide d&rsquo;une de CMS propos\u00e9 sur le marche. Il en existe plusieurs et chacun poss\u00e8de ses forces et ses faiblesses.<\/p>\n<p>Voici notre s\u00e9lection des principaux CMS compatible avec le POD (Print On demand)<\/p>\n<ul>\n<li>Prestashop : C&rsquo;est un CMS e-commerce Fran\u00e7ais qui reste tr\u00e8s performant pour des produits ayants des attributs et des caract\u00e9ristiques simples (Tailles et colories de T-shirts). Nous mettons \u00e0 disposition un <a href=\"https:\/\/dropshipprint.fr\/guide\/cms\/prestashop\/\">module Prestashop d&rsquo;impression de textile \u00e0 la demande<\/a>, sans stock.<\/li>\n<li>WordPress + Woocomerce : C&rsquo;est une solution un peu plus p\u00e9rilleuse mais qui peut \u00eatre utilis\u00e9. WordPress vous permet de cr\u00e9er du contenu et Woocommerce de les vendre. Notre <a href=\"https:\/\/dropshipprint.fr\/guide\/cms\/wordpress\/\">module de personnalisation de textile peut \u00eatre adoss\u00e9 \u00e0 WordPress et woocommerce<\/a><\/li>\n<li>Magento :<\/li>\n<li>Shopify :<\/li>\n<\/ul>\n<p>Ces CMS pourront \u00eatre reli\u00e9es \u00e0 certaines plateformes d&rsquo;impression.<\/p>\n<h3>Les plateformes similaires<\/h3>\n<p>Vous pouvez aussi lancer votre boutique en ligne et la relier \u00e0 une plateforme ou utiliser en direct certaines plateformes qui vous proposent de r\u00e9aliser des campagnes. Le design peut se faire en ligne et vous disposez d&rsquo;une URL d\u00e9di\u00e9e pour promouvoir vos produits (designs).<\/p>\n<p>M\u00eame si chacune de ces plateformes poss\u00e8dent leurs propres sp\u00e9cificit\u00e9s, le mode de fonctionnement g\u00e9n\u00e9ral est le m\u00eame et la qualit\u00e9 d&rsquo;impression est tr\u00e8s similaire.<\/p>\n<p>Voici notre s\u00e9lection des plateformes utilisables en France pour l&rsquo;impression de T shirts \u00e0 la demande :<\/p>\n<ul>\n<li>Teezily :<\/li>\n<li>Spreadshirt :<\/li>\n<li>Teespring :<\/li>\n<\/ul>\n<h3>Le d\u00e9veloppement sur mesure par API<\/h3>\n<h3>Comment choisir sa solution d&rsquo;impression ?<\/h3>\n<p>Pour choisir votre prestataire et votre plateforme \/ mode de distribution, il est important de prendre plusieurs crit\u00e8res en compte :<\/p>\n<ul>\n<li>Le pays dans lequel vous vendez : en effet, il faut penser au d\u00e9lais de livraison. C&rsquo;est un des principal crit\u00e8re de choix pour l&rsquo;internaute. Ainsi, si votre prestataire d&rsquo;impression se trouve hors hors de France, il est peu probable que vous arriviez \u00e0 livrer en moins de 72 H, ou alors le co\u00fbt du transport sera prohibitif. Il est donc important de s\u00e9lectionner un imprimeur Fran\u00e7ais, bas\u00e9 sur le territoire.<\/li>\n<li>Le monnaie de vos acheteurs : certaines plateformes proposent uniquement le paiement en Dollars. De ce fait, si vous \u00eates pay\u00e9 par vos clients fran\u00e7ais en euros, vous devrez vous acquittez de facture en Dollars. Le taux de change viendra ainsi diminuer votre marge !<\/li>\n<li>Le branding : avec certaines plateformes, vous n&rsquo;avez pas la possibilit\u00e9 de personnalis\u00e9 le nom de domaines de votre boutique. Cela sera obligatoirement un sous-domaine : cela fait moins professionnel vis \u00e0 vis de vos clients et vous aurez beaucoup de mal \u00e0 les fid\u00e9liser.<\/li>\n<li>L&rsquo;estimation de votre chiffre d&rsquo;affaire : selon le volume de commande que vous objectivez, il sera pr\u00e9f\u00e9rable de vous orienter vers une solution au co\u00fbt variable ou au co\u00fbt fixe. En effet, certaines solutions sont gratuites mais prennent une commission sur chaque vente, d&rsquo;autres sont payantes sous forme d\u2019abonnement ou d&rsquo;achat de module. Ainsi, il est primordial de calculer votre seuil de rentabilit\u00e9 et de choisir, en fonction, votre solution de vente.<\/li>\n<li>Votre strat\u00e9gie \u00e0 long terme : recherchez-vous \u00e0 faire un coup pour amassez quelques euros durant une p\u00e9riode ou souhaitez-vous <a href=\"https:\/\/dropshipprint.fr\/guide\/creer-marque-t-shirt\/\">cr\u00e9er votre propre marque<\/a> de t shirts, fid\u00e9liser vos clients et f\u00e9d\u00e9rer une vraie communaut\u00e9 ?<\/li>\n<li>Vos comp\u00e9tences en webmarketing : \u00eates vous en mesure de g\u00e9n\u00e9rer assez de trafic pour vendre r\u00e9guli\u00e8rement des textiles ?\u00a0 Il faudra vous familiariser avec de nombreuses techniques de webmarketing et faire face \u00e0 une concurrence de plus en plus rude. Prenez ce crit\u00e8re en compte avant de vous lancez avec telle ou telle plateforme.<\/li>\n<\/ul>\n<h3>Quelles sont les techniques pour vendre ?<\/h3>\n<p>Vous l&rsquo;aurez compris : une boutique en ligne rencontre les m\u00eame probl\u00e9matique de trafic qu&rsquo;un magasin physique.<\/p>\n<p>Imaginez que votre restaurant se trouve au fond d&rsquo;une ruelle sombre, dans une ville de 300 habitants &#8230;. Pensez-vous que celui-ci rencontrera un franc succ\u00e8s ? Vous pouvez servir la meilleure nourriture du monde, si personne ne connait votre existence, vous ne risquez pas de vendre !<\/p>\n<p>Il en est de m\u00eame pour un site internet marchand : si vous n&rsquo;avez pas de visiteurs, vous ne risquez pas de vendre vos tee shirts ! Il est donc primordial pour votre r\u00e9ussite d&rsquo;\u00eatre en mesure de g\u00e9n\u00e9rer du trafic cibl\u00e9 sur votre site.<\/p>\n<p>Ainsi, en fonction de vos personas et de vos cibles, vous devez mettre en place une strat\u00e9gie digitale rentable. Nous vous d\u00e9taillons ci-dessous les diff\u00e9rentes sources d&rsquo;acquisition de trafic.<\/p>\n<h4>Acqu\u00e9rir du trafic<\/h4>\n<p>C&rsquo;est le nerfs de la guerre sur internet. Il existe plusieurs sources de trafic que vous devez imp\u00e9rativement ma\u00eetriser si vous voulez sortir votre \u00e9pingle du jeux dans le Print en Demand Fran\u00e7ais.<\/p>\n<h5>Les reseaux sociaux<\/h5>\n<p>C&rsquo;est une source de trafic qui peut \u00eatre tr\u00e8s puissant lorsqu&rsquo;elle est correctement utilis\u00e9e. Toutefois, en fonction de votre cible et de votre th\u00e9matique, vous devrez s\u00e9lectionner le ou les r\u00e9seaux sociaux qui sont susceptible de vous offrir le plus de visibilit\u00e9 possible.<\/p>\n<p>Dans un premier temps, les r\u00e9seaux sociaux sont utilisable gratuitement, hormis le temps \u00e0 y passer. Il existe de nombreuses techniques de growth hacking pour capter du trafic et \u00eatre visible gratuitement.<\/p>\n<p>Vous trouverez ci-dessous les principaux r\u00e9seaux sociaux utiles pour la vente en ligne de Tee shirts en Dropshiping.<\/p>\n<h6>Facebook<\/h6>\n<p>Cr\u00e9\u00e9 en 2004, \u00e0 partir de la chambre universitaire de Mark Zuckerberg, un \u00e9tudiant de Harvard, le site Web vaut maintenant des milliards de dollars et est l&rsquo;une des marques les plus reconnaissables au monde.<\/p>\n<p>Facebook est un service web qui permet aux utilisateurs, qui s&rsquo;inscrivent gratuitement, de se mettre ne relation avec d&rsquo;autres utilisateurs qu&rsquo;ils se connaissent ou non.\u00a0Facebook\u00a0permet aux utilisateurs de partager des photos, de la musique, des vid\u00e9os et des articles, ainsi que leurs propres commentaires et opinions avec les utilisateurs de leur r\u00e9seau.\u00a0 Les utilisateurs envoient des \u00ab\u00a0demandes d&rsquo;amis\u00a0\u00bb \u00e0 des personnes qu&rsquo;ils connaissent ou non. Une fois accept\u00e9s, les deux profils sont connect\u00e9s avec les deux utilisateurs peuvent voir ce que l&rsquo;autre profil poste. Les utilisateurs remplissent leur profil avec des informations personnelles. Les utilisateurs peuvent \u00ab\u00a0aimer\u00a0\u00bb d&rsquo;autres pages qui les int\u00e9ressent et poster dessus des commentaires. De m\u00eame pour les groupes priv\u00e9s ou publics : des utilisateurs se retrouvent autour d&rsquo;un point en commun : le sport, un loisir, une passion, des croyances communes &#8230;.<\/p>\n<p>Facebook est un r\u00e9seau social qui regroupe plus d&rsquo;un milliard de comptes. C&rsquo;est donc un canal id\u00e9al pour faire connaitre votre marque de Tee shirt et textile et les f\u00e9d\u00e9rer une communaut\u00e9 autour d\u00a0\u00bbune th\u00e9matique \/ niche =&gt; <a href=\"https:\/\/dropshipprint.fr\/guide\/niches\/\">20 id\u00e9es de niches pour vous lancer dans le Print On Demand Francais<\/a>.<\/p>\n<h6>Instagram<\/h6>\n<p>Instagram est une application mobile bas\u00e9e sur la diffusion de photos et de vid\u00e9os. Ce m\u00e9dia est tr\u00e8s pris\u00e9 chez les jeunes.\u00a0L&rsquo;application est t\u00e9l\u00e9chargeable gratuitement su Android et Iphone.\u00a0Fond\u00e9e en 2010 par Kevin Systrom et Mike Krieger, tous deux dipl\u00f4m\u00e9s de l&rsquo;Universit\u00e9 de Stanford, instagram compte aujourd&rsquo;hui 200 millions d&rsquo;utilisateurs. R\u00e9cemment, Facebook \u00e0 rachet\u00e9 la plateforme.<\/p>\n<p>Le fonctionnement g\u00e9n\u00e9ral est le m\u00eame que les autres r\u00e9seaux sociaux : vous pouvez cr\u00e9er un profil personnel ou repr\u00e9senter une marque puis publier des commentaires et des messages. Il est possible d&rsquo;appliquer \u00e0 vos photos, toutes sortes de filtres.<\/p>\n<p>C&rsquo;est \u00e9galement une plateforme tr\u00e8s int\u00e9ressante pour la vente de tee shirt en ligne ! De nombreux influenceurs ont envahis Instagram et proposent de relayer vos publications, moyennant une compensation financi\u00e8re \u00e9videment.<\/p>\n<h6>Pinterest<\/h6>\n<p>Pinterest est un genre de bulletin virtuel ou un tableau de li\u00e8ge qui permet aux utilisateurs de trouver et de conserver des images et des vid\u00e9os. Contrairement \u00e0 d&rsquo;autres sites de partage de photos, l&rsquo;accent est mis ici sur la d\u00e9couverte et la conservation du contenu des autres utilisateurs, et non sur le v\u00f4tre. L&rsquo;accent est vraiment mis sur le contenu image.<\/p>\n<p>Vous pouvez facilement poster des images d&rsquo;autres sites Web sur votre compte Pinterest en utilisant le bouton \u00ab\u00a0Pin it\u00a0\u00bb de la barre de t\u00e2ches, ou vous pouvez simplement parcourir la plate-forme Pinterest pour d\u00e9couvrir, comme, ou \u00ab\u00a0repin\u00a0\u00bb le contenu que d&rsquo;autres ont d\u00e9j\u00e0 post\u00e9.<\/p>\n<p>Cet aspect visuel du site est l&rsquo;une des raisons pour lesquelles il a suscit\u00e9 l&rsquo;int\u00e9r\u00eat de tant d&rsquo;entreprises, des d\u00e9taillants aux photographes et designers, qui l&rsquo;utilisent comme portfolio ou catalogue de produits. Les utilisateurs peuvent dire quels produits ils aiment (chaussures, bouteilles d&rsquo;alcool, meubles&#8230;) et veulent acheter pour eux-m\u00eames, et leurs amis peuvent aussi \u00e9pingler les photos sur leurs propres planches.<\/p>\n<p>C&rsquo;est donc un r\u00e9seau social de premier choix pour la vente de Tee shirt en ligne qui concerne principalement du visuel.<\/p>\n<h6>YouTube<\/h6>\n<p>YouTube est un site Web populaire de partage de vid\u00e9os o\u00f9 les utilisateurs peuvent visionner et partager des vid\u00e9os. Ces vid\u00e9os peuvent \u00e9galement \u00eatre int\u00e9gr\u00e9es et partag\u00e9es sur d&rsquo;autres sites. YouTube a \u00e9t\u00e9 d\u00e9velopp\u00e9 par d&rsquo;anciens employ\u00e9s de PayPal en 2005 et a \u00e9t\u00e9 acquis par Google en 2006. Il est \u00e9galement possible de faire de la publicit\u00e9 sur les vid\u00e9os diffus\u00e9es sur YouTube. Egalement, c&rsquo;est un tr\u00e8s bon m\u00e9dia pour enregistrer des tutos et h\u00e9berger gratuitement des vid\u00e9os. C&rsquo;est donc une plateforme int\u00e9ressante pour pr\u00e9senter votre site de vente de tee shirt et vous faire connaitre.<\/p>\n<h6>Snapshat<\/h6>\n<p>Snapchat est une application de messagerie photo populaire qui permet aux utilisateurs de prendre des photos, d&rsquo;enregistrer des vid\u00e9os, d&rsquo;ajouter des dessins et de les envoyer \u00e0 leurs amis. Il existe \u00e9galement de nombreux filtres que vous pouvez appliquer \u00e0 vos photos et vid\u00e9os. Lorsque vous recevez un message sur l&rsquo;application, commun\u00e9ment appel\u00e9 snap, il n&rsquo;appara\u00eetra que quelques secondes (ou un peu plus longtemps, selon vos param\u00e8tres), mais une fois que vous cliquez ou que la limite de temps est expir\u00e9e, c&rsquo;est fini pour de bon, vous ne pouvez plus voir le m\u00e9dia.<\/p>\n<p>Les utilisateurs peuvent s\u2019abonner \u00e0 votre story et ainsi suivre vos publications. De nombreuses stars et influenceurs utilisent ce r\u00e9seau social pour communiquer autres de leurs fans.<\/p>\n<h5>La publicit\u00e9<\/h5>\n<p>&nbsp;<\/p>\n<h5>Le r\u00e9f\u00e9rencement naturel<\/h5>\n<p>&nbsp;<\/p>\n<h5>L&rsquo;e-mailing<\/h5>\n<h5>La mon\u00e9tisation<\/h5>\n<p>La <a href=\"https:\/\/dropshipprint.fr\/guide\/monetisation\/\" target=\"_blank\" rel=\"noopener noreferrer\">mon\u00e9tisation<\/a> est un<\/p>\n","protected":false},"excerpt":{"rendered":"<p>L&rsquo;impression \u00e0 la demande, aussi nomm\u00e9e Print On Demand, est un business tr\u00e8s pris\u00e9 !&#8230;<\/p>\n","protected":false},"author":1,"featured_media":0,"parent":0,"menu_order":0,"comment_status":"closed","ping_status":"open","template":"","meta":{"footnotes":""},"aioseo_notices":[],"_links":{"self":[{"href":"https:\/\/dropshipprint.fr\/guide\/wp-json\/wp\/v2\/pages\/2"}],"collection":[{"href":"https:\/\/dropshipprint.fr\/guide\/wp-json\/wp\/v2\/pages"}],"about":[{"href":"https:\/\/dropshipprint.fr\/guide\/wp-json\/wp\/v2\/types\/page"}],"author":[{"embeddable":true,"href":"https:\/\/dropshipprint.fr\/guide\/wp-json\/wp\/v2\/users\/1"}],"replies":[{"embeddable":true,"href":"https:\/\/dropshipprint.fr\/guide\/wp-json\/wp\/v2\/comments?post=2"}],"version-history":[{"count":47,"href":"https:\/\/dropshipprint.fr\/guide\/wp-json\/wp\/v2\/pages\/2\/revisions"}],"predecessor-version":[{"id":734,"href":"https:\/\/dropshipprint.fr\/guide\/wp-json\/wp\/v2\/pages\/2\/revisions\/734"}],"wp:attachment":[{"href":"https:\/\/dropshipprint.fr\/guide\/wp-json\/wp\/v2\/media?parent=2"}],"curies":[{"name":"wp","href":"https:\/\/api.w.org\/{rel}","templated":true}]}}