{"id":186,"date":"2018-11-21T21:22:40","date_gmt":"2018-11-21T20:22:40","guid":{"rendered":"https:\/\/dropshipprint.fr\/guide\/?page_id=186"},"modified":"2018-11-21T21:31:14","modified_gmt":"2018-11-21T20:31:14","slug":"automobile-et-4x4","status":"publish","type":"page","link":"https:\/\/dropshipprint.fr\/guide\/niches\/automobile-et-4x4\/","title":{"rendered":"T shirt automobile et 4X4"},"content":{"rendered":"<h2>Lancez vous en Print on Demand dans le secteur de l&rsquo;automobile<\/h2>\n<p>Parmi les <a href=\"https:\/\/dropshipprint.fr\/guide\/niches\/\" target=\"_blank\" rel=\"noopener\">nombreuses niches<\/a> dans lesquelles vous pouvez vous lancer facilement : celle de l&rsquo;automobile.<\/p>\n<p>En effet, il y a de nombreux fans de voitures de sports ou de 4X4. Ainsi, il est assez facile de leur proposer un t shirt avec un visuel (photo ou texte) reprenant les codes et les symboles de l&rsquo;automobile.<\/p>\n<p>Attention a la propri\u00e9t\u00e9 intellectuelle et au respect des marques. Mais il y a tout de m\u00eame de tr\u00e8s belles opportunit\u00e9s si vous prenez le temps de chercher des id\u00e9es.<\/p>\n<p>&nbsp;<\/p>\n","protected":false},"excerpt":{"rendered":"<p>Lancez vous en Print on Demand dans le secteur de l&rsquo;automobile Parmi les nombreuses niches&#8230;<\/p>\n","protected":false},"author":1,"featured_media":0,"parent":98,"menu_order":0,"comment_status":"closed","ping_status":"closed","template":"","meta":{"footnotes":""},"aioseo_notices":[],"_links":{"self":[{"href":"https:\/\/dropshipprint.fr\/guide\/wp-json\/wp\/v2\/pages\/186"}],"collection":[{"href":"https:\/\/dropshipprint.fr\/guide\/wp-json\/wp\/v2\/pages"}],"about":[{"href":"https:\/\/dropshipprint.fr\/guide\/wp-json\/wp\/v2\/types\/page"}],"author":[{"embeddable":true,"href":"https:\/\/dropshipprint.fr\/guide\/wp-json\/wp\/v2\/users\/1"}],"replies":[{"embeddable":true,"href":"https:\/\/dropshipprint.fr\/guide\/wp-json\/wp\/v2\/comments?post=186"}],"version-history":[{"count":4,"href":"https:\/\/dropshipprint.fr\/guide\/wp-json\/wp\/v2\/pages\/186\/revisions"}],"predecessor-version":[{"id":191,"href":"https:\/\/dropshipprint.fr\/guide\/wp-json\/wp\/v2\/pages\/186\/revisions\/191"}],"up":[{"embeddable":true,"href":"https:\/\/dropshipprint.fr\/guide\/wp-json\/wp\/v2\/pages\/98"}],"wp:attachment":[{"href":"https:\/\/dropshipprint.fr\/guide\/wp-json\/wp\/v2\/media?parent=186"}],"curies":[{"name":"wp","href":"https:\/\/api.w.org\/{rel}","templated":true}]}}