{"id":144,"date":"2018-10-21T11:45:50","date_gmt":"2018-10-21T09:45:50","guid":{"rendered":"https:\/\/dropshipprint.fr\/guide\/?page_id=144"},"modified":"2022-06-14T11:03:38","modified_gmt":"2022-06-14T09:03:38","slug":"debuter-print-on-demand","status":"publish","type":"page","link":"https:\/\/dropshipprint.fr\/guide\/debuter-print-on-demand\/","title":{"rendered":"Comment se lancer dans le Print On Demand de T Shirt et le dropshipping ?"},"content":{"rendered":"<p>Il existe de nombreuses formations pour vous lancer dans le <span style=\"color: #0000ff;\"><a style=\"color: #0000ff;\" href=\"https:\/\/dropshipprint.fr\/guide\/\" target=\"_blank\" rel=\"noopener\">dropshipping et le Print On Demand<\/a>. <span style=\"color: #000000;\">Je souhaite, au travers de cet article, vous d\u00e9tailler les premi\u00e8res actions \u00e0 mener pour vous lancer.<\/span><\/span><\/p>\n<p><span style=\"color: #000000;\">Avant toutes choses, je souhaite clarifier certains points. Le dropshipping n&rsquo;est pas un m\u00e9tier en soit, c&rsquo;est un mode de distribution de vos produits. Au lieu de stocker, vous choisissiez de ne pas avoir de stock et d&rsquo;organiser la distribution en direct, entre votre fournisseur et votre client final.<\/span><\/p>\n<p><span style=\"color: #000000;\">Le dropshipping et donc le Print On Demand reste du E-commerce classique qui r\u00e9pond aux r\u00e8gles de entrepreneuriat.\u00a0<\/span><\/p>\n<p><span style=\"color: #000000;\">Le Print On Demand de textile concerna l&rsquo;impression de pi\u00e8ces unitaires et la livraison au client final. Ce mode de fonctionnement propose de nombreux avantages :\u00a0<\/span><\/p>\n<ul>\n<li><span style=\"color: #000000;\">vous n&rsquo;avez aucun stock et donc aucune immobilisation<\/span><\/li>\n<li><span style=\"color: #000000;\">vous pouvez proposer de nombreux visuels<\/span><\/li>\n<li><span style=\"color: #000000;\">vous ne g\u00e9rez pas d\u2019atelier de production et vous pouvez vous concentres sur la communication de votre boutique en ligne<\/span><\/li>\n<\/ul>\n<p><span style=\"color: #000000;\">Malgr\u00e9 ce que de nombreux \u00ab\u00a0gurus\u00a0\u00bb en disent, avoir ses premi\u00e8res vente n&rsquo;est pas facile et cela requiert beaucoup de travail. Toutefois, avec la bonne m\u00e9thodologie\u00a0 et l&rsquo;envie de r\u00e9ussir, cela est tout \u00e0 fait possible et cela ne doit pas vous effrayer. Lancez-vous !\u00a0<\/span><\/p>\n<h3>Choisir un segment de march\u00e9<\/h3>\n<p><span style=\"color: #000000;\">Il y a deux cas possibles : <\/span><\/p>\n<ul>\n<li><span style=\"color: #000000;\">vous disposez d\u00e9j\u00e0 de votre site web et vous souhaitez \u00e9largir votre gamme de produits. Par exemple, vous vendez des jouets pour enfants et vous voulez vendre une gamme de v\u00eatements destin\u00e9s \u00e0 votre client\u00e8le (T-shirts, sweats &#8230; ). Dans ce cas, vous allez cr\u00e9er de nouveaux produits mais votre business est d\u00e9j\u00e0 en route.\u00a0<\/span><\/li>\n<li><span style=\"color: #000000;\">vous souhaitez vous lancer dans le e-commerce et vous commencez par le dropshipping et plus sp\u00e9cifiquement, le Print On Demand. cela est tout \u00e0 fait judicieux comme choix pour une premi\u00e8re exp\u00e9rience.\u00a0<\/span><\/li>\n<\/ul>\n<p><span style=\"color: #000000;\">Tout d&rsquo;abord, vous devez s\u00e9lectionner un march\u00e9. On nomme souvent cela une niche. En soit cela ne veut pas dire grand chose car il est important d&rsquo;analyser la concurrence, pas forcement le volume de recherche de votre mot cl\u00e9s.\u00a0<\/span><\/p>\n<p><span style=\"color: #000000;\">Il est important ici que je vous introduise quelques notion de webmarketing. Pour r\u00e9ussir, vous devez vendre des produits qui int\u00e9ressent un assez grands nombres d&rsquo;acheteur. en effet, la somme de travail n\u00e9cessaire pour monter une boutique en ligne et cr\u00e9er vos produits est globalement la m\u00eame que vous ayez une cible potentielle de 100 personnes ou de 10 000 !<\/span><\/p>\n<p><span style=\"color: #000000;\">Il est donc primordial de choisir une march\u00e9 ou il y a assez d&rsquo;acheteurs pour g\u00e9n\u00e9rer un bon Chiffre d&rsquo;Affaire mais pas trop pour ne pas vous confronter aux g\u00e9ants du web, du moins par au d\u00e9but.<\/span><\/p>\n<h4>Utiliser les moteurs de recherche<\/h4>\n<p><span style=\"color: #000000;\">Google \u00e9tant le moteur de recherche le plus avanc\u00e9, c&rsquo;est celui qui je pr\u00e9conise d&rsquo;utiliser. Celui-ci propose les \u00ab\u00a0google suggest\u00a0\u00bb. Ce sont des recherche assimil\u00e9es et compl\u00e9mentaires \u00e0 votre recherche actuelle. Cela vous \u00e9vite d&rsquo;avoir \u00e0 taper la requ\u00eate compl\u00e8te mais surtout cela va vous donner d&rsquo;autres id\u00e9es.<\/span><\/p>\n<p><span style=\"color: #000000;\">Par exemple, en recherchant T shirt Foot, nous allons trouver :<\/span><\/p>\n<ul>\n<li><span style=\"color: #000000;\">t shirt coupe du monde<\/span><\/li>\n<li><span style=\"color: #000000;\">t shirt coupe du monde 98<\/span><\/li>\n<li><span style=\"color: #000000;\">t shirt coupe du monde france 2018<\/span><\/li>\n<li><span style=\"color: #000000;\">t shirt coupe du monde femme<\/span><\/li>\n<\/ul>\n<p><span style=\"color: #000000;\">Et ainsi de suite &#8230; Concr\u00e8tement, cela va vous donner des id\u00e9es de design pour vos textiles. ce sont \u00e0 la fois des cat\u00e9gories de produits et des noms de visuels.<\/span><\/p>\n<h4><span style=\"color: #000000;\">Amazon<\/span><\/h4>\n<p><span style=\"color: #000000;\">Depuis Google, vous pouvez recherche \u00ab\u00a0Amazon + best seller t shirt\u00a0\u00bb ou en fran\u00e7ais \u00ab\u00a0meilleurs ventes\u00a0\u00bb + t shirts o sweat ou autre mots cl\u00e9s li\u00e9 \u00e0 votre march\u00e9.<\/span><\/p>\n<p><span style=\"color: #000000;\">La page best seller de la market place Amazon regroupe les produits les plus vendus dans la th\u00e9matiques que vous recherchez. Basez-vous sur :<\/span><\/p>\n<ul>\n<li><span style=\"color: #000000;\">derni\u00e8res nouveaut\u00e9s<\/span><\/li>\n<li><span style=\"color: #000000;\">les plus demand\u00e9s<\/span><\/li>\n<li><span style=\"color: #000000;\">les plus offerts<\/span><\/li>\n<\/ul>\n<p><span style=\"color: #000000;\">Ainsi, vous pourrez trouver des id\u00e9es de design a refaire, ou identifier les types de motifs qui se vendent bien.<\/span><\/p>\n<p><span style=\"color: #000000;\">ATTENTION, il s&rsquo;agit la d&rsquo;orienter la typologie de vos outils et non de copier b\u00eatement les designs des autres, et cela pour deux raisons :<\/span><\/p>\n<ul>\n<li><span style=\"color: #000000;\">premi\u00e8rement, c&rsquo;est interdit, certains visuels sont prot\u00e9g\u00e9es par des droits d&rsquo;auteurs<\/span><\/li>\n<li><span style=\"color: #000000;\">deuxi\u00e8mement, d&rsquo;un point de vue business et branding, vous aurez de meilleurs r\u00e9sultats avec des produits novateurs et qui sortent de l&rsquo;ordinaire<\/span><\/li>\n<\/ul>\n<p><span style=\"color: #000000;\">Pensez \u00e0 regarder les commentaires et choisissiez des produits qui ont beaucoup de commentaire = beaucoup de ventes ! Choisissiez les produits qui sont vendus assez chers, pour g\u00e9n\u00e9rer plus de marges.<\/span><\/p>\n<h4><span style=\"color: #000000;\">Sur les r\u00e9seaux sociaux<\/span><\/h4>\n<p><span style=\"color: #000000;\">Les r\u00e9seaux sociaux offrent une opportunit\u00e9 fabuleuse de trouver des id\u00e9es de design \/ visuels \u00e0 vendre. Et surtout, ce que je vous invite \u00e0 identifier ce sont, parmi tous ces visuels, ceux qui se vendent le mieux !<\/span><\/p>\n<p><span style=\"color: #000000;\">Pour cela, nous allons nous baser sur des crit\u00e8res qualitatifs et quantitatifs tels que :<\/span><\/p>\n<ul>\n<li><span style=\"color: #000000;\">le nombre de partages<\/span><\/li>\n<li><span style=\"color: #000000;\">le nombre de commentaires et leur typologie<\/span><\/li>\n<li><span style=\"color: #000000;\">le nombre de like<\/span><\/li>\n<\/ul>\n<p><span style=\"color: #000000;\">ATTENTION, certaines publications \u00e9tant sponsoris\u00e9es (achat de publicit\u00e9) auront plus de vues et donc plus de commentaires, like, partages qu\u00a0\u00bbune publications non sponsoris\u00e9e. Il faut donc prendre aussi cela en compte.<\/span><\/p>\n<p><span style=\"color: #000000;\">Pour cela, utilisez le moteur de recherche des r\u00e9seaux sociaux : Facebook, Instagram et Pinterest \u00e9tant les principaux r\u00e9seaux sociaux int\u00e9ressante dans notre cas.<\/span><\/p>\n<p><span style=\"color: #000000;\">Par exemple, sur Facebook, recherchons \u00ab\u00a0t shirt football\u00a0\u00bb et allons dans \u00ab\u00a0groupes\u00a0\u00bb, \u00ab\u00a0pages\u00a0\u00bb, \u00ab\u00a0photos\u00a0\u00bb ou \u00ab\u00a0publications\u00a0\u00bb.<\/span><\/p>\n<p><span style=\"color: #000000;\">Sur instagram, il s&rsquo;agit de hastag (#). Je vous laisse fouiller et essayer de nombreux mots cl\u00e9s pour rep\u00e9rer les designs qui valent le coup.<\/span><\/p>\n<h4><span style=\"color: #000000;\">La pub TV et les offres en magasins<\/span><\/h4>\n<p><span style=\"color: #000000;\">C&rsquo;est un tr\u00e8s bon indicateur des modes et tendances actuelles. En effet, si vous surfez sur l&rsquo;actualit\u00e9, vous pourrez proposer des visuels en ad\u00e9quation avec les demandes des internautes. cela se nomme le time to market.<\/span><\/p>\n<p><span style=\"color: #000000;\">Ainsi, en regardant les publicit\u00e9 \u00e0 la TV et les s\u00e9ries \u00e0 la mode \/ films, vous pouvez identifier des \u00e9l\u00e9ments qui vous serviront de base pour des motifs de t shirts. cela peut \u00eatre :<\/span><\/p>\n<ul>\n<li><span style=\"color: #000000;\">la p\u00e9riode de l&rsquo;ann\u00e9e (no\u00ebl, la f\u00eate des p\u00e8res, la st valentin &#8230;)<\/span><\/li>\n<li><span style=\"color: #000000;\">une s\u00e9rie en vogue sur Netflix ou dans l&rsquo;actualit\u00e9<\/span><\/li>\n<li><span style=\"color: #000000;\">d&rsquo;anciens films qui repassent apr\u00e8s a la TV (la classiques comme retour vers le futur, rambo &#8230;)<\/span><\/li>\n<\/ul>\n<p><span style=\"color: #000000;\">ATTENTION la encore : vous ne pouvez pas copier des motifs ou des signes distinctifs qui concernent une marque d\u00e9pos\u00e9e. Vous vous en doutez, vous ne pouvez pas reproduit les logo Disney ! Vous risquez de graves poursuites tant au p\u00e9nal qu&rsquo;au civil, et les g\u00e9ants ne rigolent pas avec cela (ils ont raisons d&rsquo;ailleurs).<\/span><\/p>\n<p><span style=\"color: #000000;\">Vous pouvez, par exemple, reprendre des expressions ou de phrases connues, des ombres ou des symboles rappelant l&rsquo;univers du film ou de la s\u00e9rie.<\/span><\/p>\n<p><span style=\"color: #000000;\">Encore une fois, vous ne devez pas b\u00e2cler cette \u00e9tape qui est primordiale. Le choix de votre niche de march\u00e9 et de vos produits est la base dans ce que vous allez construire pour la suite.<\/span><\/p>\n<p><span style=\"color: #000000;\">M\u00eame si vous y passez plusieurs jours, vous ne pouvez n\u00e9gliger cette recherche. Pensez \u00e0 bien archiver tous les \u00e9l\u00e9ments que vous re trouvez. Parfois des id\u00e9es ne sont exploitables imm\u00e9diatement mais vous reviendrez dessus ult\u00e9rieurement.<\/span><\/p>\n<p><span style=\"color: #000000;\">Maintenant que vous avez list\u00e9 les designs que vous pouvez vendre, il vous faut les mettre en forme.\u00a0<\/span><\/p>\n<h3>Comment faire vos visuels ?<\/h3>\n<p><span style=\"color: #000000;\">Si vous \u00eates graphique ou designers, vous allez pouvoir facilement mettre en place vos visuels avec des logiciels du type Illustrator ou Photoshop. Il en existe de nombreux gratuits sur le web.<\/span><\/p>\n<p><span style=\"color: #000000;\">Toutefois, si vous ne ma\u00eetrisez pas les arts graphiques, vous allez devoir faire appel \u00e0 un professionnel. Pour cela vous pouvez tout \u00e0 faire confier cette prestation \u00e0 un graphiste ind\u00e9pendant, trouv\u00e9 sur le web.<\/span><\/p>\n<p><span style=\"color: #000000;\">Au del\u00e0 de l\u2019ex\u00e9cution, ce dernier pourra vous proposer des id\u00e9es cr\u00e9ative et des visuels compl\u00e9mentaires. M\u00eame si un professionnel de ce type \u00e0 un coup certain, il peut vous apporter \u00e9norm\u00e9ment en terme de cr\u00e9ativit\u00e9 et de visuels novateurs. C&rsquo;est une source d\u2019inspiration in\u00e9galable.<\/span><\/p>\n<p><span style=\"color: #000000;\">Enfin, et cela est bien pour d\u00e9buter, vous pouvez utiliser des plateformes de micro services comme\u00a05euros.com : il existe de nombreux vendeurs qui proposent de r\u00e9aliser le design d&rsquo;un t-shirt ou qui vendent des packs vectoris\u00e9s.<\/span><\/p>\n<p><span style=\"color: #000000;\">Dans le cas ou vous confiez la r\u00e9alisation de votre visuel a un freelance de ce type de plateformes, je vous conseille d\u2019\u00eatre le plus pr\u00e9cis possible et de d\u00e9tailler votre demande.\u00a0<\/span><\/p>\n<p><span style=\"color: #000000;\">Dans le cas de pack vectoris\u00e9s, c&rsquo;est \u00e0 vous de modifier le visuel pour le traduire ou l&rsquo;adapter mais c&rsquo;est un bon moyen de d\u00e9buter.\u00a0<\/span><\/p>\n<p><span style=\"color: #000000;\">Quelque soit le moyen choisis, vous devez vous assurer que vous avez le droit de commercialiser le visuel. Assurez-vous que vous b\u00e9n\u00e9ficiez des droits d&rsquo;usage \u00e0 titre commercial : rapprochez-vous d&rsquo;un avocat pour approfondir ce sujet mais si vous avez l&rsquo;accord \u00e9crit du cr\u00e9ateur, c&rsquo;est une bonne chose.\u00a0<\/span><\/p>\n<p><span style=\"color: #000000;\">Vous disposez d\u00e9sormais de visuels \u00e0 vendre ! Il vous faut un support pour les diffuser et faire connaitre votre marque.\u00a0<\/span><\/p>\n<h3><span style=\"color: #000000;\">Comment cr\u00e9er votre site internet ? <\/span><\/h3>\n<p><span style=\"color: #000000;\">Un site internet va vous permettre de distribuer et de faire connaitre vos produits. Choisissez un nom en rapport direct avec le march\u00e9 que vous ciblez. Si vous vous concentrez uniquement sur des t shirts pour un march\u00e9 donn\u00e9 (ex t-shirts football), vous pouvez opter pour un nom du type :<\/span><\/p>\n<ul>\n<li><span style=\"color: #000000;\">t shirt football (pourquoi se compliquer la vie ?)<\/span><\/li>\n<li><span style=\"color: #000000;\">my football t shirt<\/span><\/li>\n<li><span style=\"color: #000000;\">mon t shirt de football<\/span><\/li>\n<li><span style=\"color: #000000;\">&#8230; mettez votre cr\u00e9ativit\u00e9 \u00e0 profit.<\/span><\/li>\n<\/ul>\n<p><span style=\"color: #000000;\">Achetez le nom de domaine qui y correspond. Il y a de moins en moins de domaines disponibles, surtout s&rsquo;ils ont une signification pr\u00e9cise. Pour cela optez pour des tirets et cherchez des variantes disponibles.<\/span><\/p>\n<p><span style=\"color: #000000;\">Restez avec une extension de domaine courante : . com ou. fr principalement. \u00c9vitez les .eu, . biz ou tous autres extensions dans lesquelles les internautes auraient moins confiance.<\/span><\/p>\n<p><span style=\"color: #000000;\">Je vous recommande, dans un premier temps, de focaliser votre \u00e9nergie et vos finances sur l&rsquo;acquisition de trafic, c\u00a0\u00bbest \u00e0 dire de visiteurs, que nous verrons ci-dessous. Mettez en ligne un site efficace mais simple. Je ne peux d\u00e9tailler ici les m\u00e9thodes de conceptions de sites mais, pour d\u00e9buter, je vous orienter vers ces deux CMS :\u00a0<\/span><\/p>\n<ul>\n<li><span style=\"color: #000000;\">La cr\u00e9ation d&rsquo;un site avec Prestashop<\/span><\/li>\n<li><span style=\"color: #000000;\">La mise en place d&rsquo;un Shopify<\/span><\/li>\n<\/ul>\n<p><span style=\"color: #000000;\">Toutefois, voici les principes r\u00e8gles de bases \u00e0 respecter :\u00a0<\/span><\/p>\n<ul>\n<li><span style=\"color: #000000;\">pas de fautes d\u2019orthographes<\/span><\/li>\n<li><span style=\"color: #000000;\">donnez confiance \u00e0 l&rsquo;internaute<\/span><\/li>\n<li><span style=\"color: #000000;\">utilisez des preuves de r\u00e9-assurance comme le d\u00e9lais de livraison, le paiement s\u00e9curis\u00e9 (Stripe est tout \u00e0 fait ad\u00e9quat), la qualit\u00e9 des produits, un satisfait ou rembours\u00e9, des logos de partenaires, des t\u00e9moignages clients &#8230;\u00a0<\/span><\/li>\n<li><span style=\"color: #000000;\">des prix dans la norme du march\u00e9, pas de promotions excessives (20 \u20ac au lieu de 60 \u20ac sur tous les produits de la boutique, personnes n&rsquo;est dupe &#8230; )<\/span><\/li>\n<li><span style=\"color: #000000;\">de belles photos (utilisez celles fournies par votre graphiste ou le prestataire)<\/span><\/li>\n<li><span style=\"color: #000000;\">donnez un maximum information sur le produit et la livraison<\/span><\/li>\n<li><span style=\"color: #000000;\">un design sobre, \u00e9pur\u00e9 et coh\u00e9rents (utilisez les m\u00eames colories que votre logo) : restez SIMPLE et ne sortez pas des sentiers battus &#8230;\u00a0<\/span><\/li>\n<\/ul>\n<p><span style=\"color: #000000;\">Si vous optez pour Prestashop, vous pouvez utiliser le th\u00e8me de base ou en acheter un mais ne d\u00e9pensez pas des milliers d&rsquo;euros pour des fonctions compl\u00e9mentaires ou un design sp\u00e9cifique. L&rsquo;important c&rsquo;est que votre client puisse commander son produit, payer, finaliser sa vente et que vous puissiez g\u00e9rer le SAV et l&rsquo;informer du suivi de sa commande.\u00a0<\/span><\/p>\n<p><span style=\"color: #000000;\">D\u00e9sormais que votre boutique est en ligne et vous attendez votre premiers clients.\u00a0<\/span><\/p>\n<h3><span style=\"color: #000000;\">G\u00e9n\u00e9rer des ventes<\/span><\/h3>\n<p>Et c&rsquo;est LA que les choses s\u00e9rieuses commencent ? Ah ouai, tu as cru que le plus dur est pass\u00e9 ?<\/p>\n<p><span style=\"color: #000000;\">Il va falloir faire venir des visiteurs cibl\u00e9s sur ton shop &#8230; et c&rsquo;est la que les ennuis arrivent &#8230; tu sais c&rsquo;est le moment ou tu check tes emails ou ta page de commande toutes les 20 minutes et ou tu v\u00e9rifies que ton site web est bien en ligne &#8230;.<\/span><\/p>\n<p><span style=\"color: #000000;\">Tr\u00e8s clairement, tu peux avoir les meilleurs produits du monde, les visuels les plus funs et beaux, si personne ne les vois,\u00a0<\/span><\/p>\n<h3><span style=\"color: #000000;\">G\u00e9rer votre SAV<\/span><\/h3>\n<p>&nbsp;<\/p>\n<h3><span style=\"color: #000000;\">Votre entreprise<\/span><\/h3>\n","protected":false},"excerpt":{"rendered":"<p>Il existe de nombreuses formations pour vous lancer dans le dropshipping et le Print On&#8230;<\/p>\n","protected":false},"author":1,"featured_media":0,"parent":0,"menu_order":0,"comment_status":"closed","ping_status":"closed","template":"","meta":{"footnotes":""},"aioseo_notices":[],"_links":{"self":[{"href":"https:\/\/dropshipprint.fr\/guide\/wp-json\/wp\/v2\/pages\/144"}],"collection":[{"href":"https:\/\/dropshipprint.fr\/guide\/wp-json\/wp\/v2\/pages"}],"about":[{"href":"https:\/\/dropshipprint.fr\/guide\/wp-json\/wp\/v2\/types\/page"}],"author":[{"embeddable":true,"href":"https:\/\/dropshipprint.fr\/guide\/wp-json\/wp\/v2\/users\/1"}],"replies":[{"embeddable":true,"href":"https:\/\/dropshipprint.fr\/guide\/wp-json\/wp\/v2\/comments?post=144"}],"version-history":[{"count":31,"href":"https:\/\/dropshipprint.fr\/guide\/wp-json\/wp\/v2\/pages\/144\/revisions"}],"predecessor-version":[{"id":727,"href":"https:\/\/dropshipprint.fr\/guide\/wp-json\/wp\/v2\/pages\/144\/revisions\/727"}],"wp:attachment":[{"href":"https:\/\/dropshipprint.fr\/guide\/wp-json\/wp\/v2\/media?parent=144"}],"curies":[{"name":"wp","href":"https:\/\/api.w.org\/{rel}","templated":true}]}}